{"id":20925,"date":"2025-07-25T11:31:49","date_gmt":"2025-07-25T11:31:49","guid":{"rendered":"https:\/\/boreait.com\/hr\/?post_type=product&#038;p=20925"},"modified":"2025-07-25T11:32:28","modified_gmt":"2025-07-25T11:32:28","slug":"set-nosaca-sarki-lenovo-ideapad-g700-13n0-b5m0101-13n0-visokokvalitetna-zamjena","status":"publish","type":"product","link":"https:\/\/boreait.com\/hr\/product\/set-nosaca-sarki-lenovo-ideapad-g700-13n0-b5m0101-13n0-visokokvalitetna-zamjena\/","title":{"rendered":"Set nosa\u010da \u0161arki Lenovo IdeaPad G700 13N0-B5M0101 13N0- visokokvalitetna zamjena"},"content":{"rendered":"<p>Investirajte u dugotrajnost i stabilnost va\u0161eg Lenovo IdeaPad G700 sa setom nosa\u010da za \u0161arke. Ovaj je set pomno izra\u0111en da slu\u017ei kao pouzdana zamjena za dr\u017ea\u010de \u0161arki va\u0161eg prijenosnog ra\u010dunala, osiguravaju\u0107i glatko otvaranje i zatvaranje va\u0161eg zaslona.<\/p>\n<p>Klju\u010dne zna\u010dajke:<\/p>\n<ul>\n<li>Komplet nosa\u010da zamjenskih \u0161arki visoke kvalitete<\/li>\n<li>Kompatibilno s modelima Lenovo IdeaPad G700<\/li>\n<li>Brojevi dijelova: 13N0-B5M0101 i 13N0-<\/li>\n<li>Izdr\u017eljiv i precizno izra\u0111en<\/li>\n<\/ul>\n<p>Bez obzira na to jesu li nosa\u010di \u0161arki va\u0161eg prijenosnog ra\u010dunala olabavljeni, o\u0161te\u0107eni ili istro\u0161eni tijekom vremena, ovaj je set dizajniran za vra\u0107anje integriteta va\u0161eg prijenosnog ra\u010dunala. Izra\u0111en je prema najvi\u0161im standardima kvalitete, pru\u017eaju\u0107i vam pouzdano i dugotrajno rje\u0161enje.<\/p>\n<p>Imajte na umu da ovaj popis sadr\u017ei stvarne fotografije proizvoda, a upute za instalaciju nisu uklju\u010dene. Ako trebate dodatne informacije ili pomo\u0107, slobodno nas kontaktirajte. Pobolj\u0161ajte performanse i funkcionalnost svog Lenovo IdeaPad G700 s ovim setom nosa\u010da za \u0161arke.<\/p>\n","protected":false},"excerpt":{"rendered":"<p>Pobolj\u0161ajte funkcionalnost svog Lenovo IdeaPad G700 s ovim visokokvalitetnim setom nosa\u010da za \u0161arke. To je pouzdana zamjena za originalni dio, dizajniran da osigura ispravno funkcioniranje sustava \u0161arki va\u0161eg prijenosnog ra\u010dunala. Izra\u0111en s precizno\u0161\u0107u, ovaj set je kompatibilan s modelima Lenovo IdeaPad G700 koji imaju brojeve dijelova 13N0-B5M0101 i 13N0-.<\/p>\n","protected":false},"featured_media":20973,"template":"","meta":[],"product_brand":[],"product_cat":[54],"product_tag":[61],"class_list":{"0":"post-20925","1":"product","2":"type-product","3":"status-publish","4":"has-post-thumbnail","6":"product_cat-screen-hinge","7":"product_tag-lenovo","9":"first","10":"instock","11":"taxable","12":"shipping-taxable","13":"purchasable","14":"product-type-simple"},"_links":{"self":[{"href":"https:\/\/boreait.com\/hr\/wp-json\/wp\/v2\/product\/20925","targetHints":{"allow":["GET"]}}],"collection":[{"href":"https:\/\/boreait.com\/hr\/wp-json\/wp\/v2\/product"}],"about":[{"href":"https:\/\/boreait.com\/hr\/wp-json\/wp\/v2\/types\/product"}],"wp:featuredmedia":[{"embeddable":true,"href":"https:\/\/boreait.com\/hr\/wp-json\/wp\/v2\/media\/20973"}],"wp:attachment":[{"href":"https:\/\/boreait.com\/hr\/wp-json\/wp\/v2\/media?parent=20925"}],"wp:term":[{"taxonomy":"product_brand","embeddable":true,"href":"https:\/\/boreait.com\/hr\/wp-json\/wp\/v2\/product_brand?post=20925"},{"taxonomy":"product_cat","embeddable":true,"href":"https:\/\/boreait.com\/hr\/wp-json\/wp\/v2\/product_cat?post=20925"},{"taxonomy":"product_tag","embeddable":true,"href":"https:\/\/boreait.com\/hr\/wp-json\/wp\/v2\/product_tag?post=20925"}],"curies":[{"name":"wp","href":"https:\/\/api.w.org\/{rel}","templated":true}]}}