{"id":20923,"date":"2025-07-25T11:31:49","date_gmt":"2025-07-25T11:31:49","guid":{"rendered":"https:\/\/boreait.com\/hr\/?post_type=product&#038;p=20923"},"modified":"2025-07-25T11:32:26","modified_gmt":"2025-07-25T11:32:26","slug":"desna-sarka-asus-eeepc-1025c-koristena-desna-lijeva-desna-sarka","status":"publish","type":"product","link":"https:\/\/boreait.com\/hr\/product\/desna-sarka-asus-eeepc-1025c-koristena-desna-lijeva-desna-sarka\/","title":{"rendered":"Desna \u0161arka ASUS EEEPC 1025C Kori\u0161tena desna lijeva desna \u0161arka"},"content":{"rendered":"<p>Je li potrebna zamjena desne \u0161arke va\u0161eg laptopa ASUS EEEPC 1025C? Ne tra\u017eite dalje. Nudimo originalnu zamjensku desnu \u0161arku za vra\u0107anje funkcionalnosti va\u0161eg prijenosnog ra\u010dunala.<\/p>\n<p>Klju\u010dne zna\u010dajke:<\/p>\n<ul>\n<li>Kompatibilnost: Dizajnirano posebno za prijenosna ra\u010dunala ASUS EEEPC 1025C.<\/li>\n<li>Kvalitetna zamjena: ova desna \u0161arka je originalni rabljeni zamjenski dio, koji osigurava pravilno pristajanje.<\/li>\n<li>Vratite svoje prijenosno ra\u010dunalo na pravi put: ako je desna \u0161arka va\u0161eg prijenosnog ra\u010dunala o\u0161te\u0107ena ili slomljena, ovaj je dio bitan za vra\u0107anje funkcionalnosti.<\/li>\n<li>Jednostavna instalacija: Zamijenite \u0161arku s povjerenjem, znaju\u0107i da je dizajnirana da savr\u0161eno pristaje va\u0161em prijenosnom ra\u010dunalu.<\/li>\n<\/ul>\n<p>Imajte na umu da ovaj popis uklju\u010duje stvarne fotografije desne \u0161arke ASUS EEEPC 1025C. Nema uputa za instalaciju, ali ako imate pitanja ili trebate pomo\u0107, slobodno nas kontaktirajte. Vratite \u0161arku zaslona prijenosnog ra\u010dunala i ponovno u\u017eivajte u kori\u0161tenju bez muke.<\/p>\n","protected":false},"excerpt":{"rendered":"<p>Zamijenite desnu \u0161arku prijenosnog ra\u010dunala ASUS EEEPC 1025C ovim originalnim rabljenim zamjenskim dijelom. Dizajnirana da savr\u0161eno pristaje va\u0161em prijenosnom ra\u010dunalu, ova je \u0161arka idealna za popravljanje slomljene ili o\u0161te\u0107ene \u0161arke i osiguravanje glatkog rada zaslona va\u0161eg prijenosnog ra\u010dunala. Vratite svoje prijenosno ra\u010dunalo u ispravno stanje uz ovu kvalitetnu zamjensku \u0161arku.<\/p>\n","protected":false},"featured_media":20970,"template":"","meta":[],"product_brand":[],"product_cat":[54],"product_tag":[65],"class_list":{"0":"post-20923","1":"product","2":"type-product","3":"status-publish","4":"has-post-thumbnail","6":"product_cat-screen-hinge","7":"product_tag-asus","9":"first","10":"instock","11":"taxable","12":"shipping-taxable","13":"purchasable","14":"product-type-simple"},"_links":{"self":[{"href":"https:\/\/boreait.com\/hr\/wp-json\/wp\/v2\/product\/20923","targetHints":{"allow":["GET"]}}],"collection":[{"href":"https:\/\/boreait.com\/hr\/wp-json\/wp\/v2\/product"}],"about":[{"href":"https:\/\/boreait.com\/hr\/wp-json\/wp\/v2\/types\/product"}],"wp:featuredmedia":[{"embeddable":true,"href":"https:\/\/boreait.com\/hr\/wp-json\/wp\/v2\/media\/20970"}],"wp:attachment":[{"href":"https:\/\/boreait.com\/hr\/wp-json\/wp\/v2\/media?parent=20923"}],"wp:term":[{"taxonomy":"product_brand","embeddable":true,"href":"https:\/\/boreait.com\/hr\/wp-json\/wp\/v2\/product_brand?post=20923"},{"taxonomy":"product_cat","embeddable":true,"href":"https:\/\/boreait.com\/hr\/wp-json\/wp\/v2\/product_cat?post=20923"},{"taxonomy":"product_tag","embeddable":true,"href":"https:\/\/boreait.com\/hr\/wp-json\/wp\/v2\/product_tag?post=20923"}],"curies":[{"name":"wp","href":"https:\/\/api.w.org\/{rel}","templated":true}]}}