{"id":20901,"date":"2025-07-25T11:31:25","date_gmt":"2025-07-25T11:31:25","guid":{"rendered":"https:\/\/boreait.com\/hr\/?post_type=product&#038;p=20901"},"modified":"2025-07-25T11:32:16","modified_gmt":"2025-07-25T11:32:16","slug":"hladnjak-za-asus-eee-pc-13goa3f1am010-neka-vas-eee-pc-bude-hladan-i-ucinkovit","status":"publish","type":"product","link":"https:\/\/boreait.com\/hr\/product\/hladnjak-za-asus-eee-pc-13goa3f1am010-neka-vas-eee-pc-bude-hladan-i-ucinkovit\/","title":{"rendered":"Hladnjak za Asus Eee PC 13GOA3F1AM010 &#8211; Neka va\u0161 Eee PC bude hladan i u\u010dinkovit"},"content":{"rendered":"<p>Hladnjak 13GOA3F1AM010 za Asus Eee PC savr\u0161eno je rje\u0161enje za najbolji rad va\u0161eg ure\u0111aja. Pregrijavanje mo\u017ee uzrokovati probleme s performansama i \u010dak dovesti do o\u0161te\u0107enja hardvera, zbog \u010dega je ovaj hladnjak bitna komponenta za va\u0161 Eee PC.<\/p>\n<p>Klju\u010dne zna\u010dajke:<\/p>\n<ul>\n<li>Kompatibilnost: Dizajnirano za kori\u0161tenje s Asus Eee PC<\/li>\n<li>U\u010dinkovito hla\u0111enje: Poma\u017ee u odr\u017eavanju optimalne radne temperature<\/li>\n<li>Pouzdana izvedba: Sprje\u010dava probleme povezane s pregrijavanjem<\/li>\n<li>Jednostavna instalacija: Jednostavna instalacija za va\u0161u udobnost<\/li>\n<\/ul>\n<p>Bez obzira koristite li svoj Eee PC za posao, zabavu ili svakodnevne zadatke, ovaj hladnjak \u0107e vam pomo\u0107i osigurati nesmetan rad. Posebno je dizajniran da omogu\u0107i u\u010dinkovito hla\u0111enje i za\u0161titi va\u0161 Eee PC od problema povezanih s toplinom.<\/p>\n<p>Imajte na umu da ovaj popis uklju\u010duje stvarne fotografije proizvoda i da nema uputa za instalaciju. Ako imate bilo kakvih pitanja ili trebate pomo\u0107, ne ustru\u010davajte se kontaktirati nas. Neka va\u0161 Asus Eee PC radi hladan i u\u010dinkovit uz hladnjak 13GOA3F1AM010.<\/p>\n","protected":false},"excerpt":{"rendered":"<p>Pobolj\u0161ajte u\u010dinak hla\u0111enja va\u0161eg Asus Eee PC-a s hladnjakom 13GOA3F1AM010. Dizajniran za odr\u017eavanje optimalne temperature, ovaj hladnjak osigurava u\u010dinkovit rad va\u0161eg Eee PC-a. Neophodan za svakog vlasnika Eee PC-a, ovaj hladnjak je klju\u010d za sprje\u010davanje problema s pregrijavanjem.<\/p>\n","protected":false},"featured_media":20962,"template":"","meta":[],"product_brand":[],"product_cat":[68],"product_tag":[65],"class_list":{"0":"post-20901","1":"product","2":"type-product","3":"status-publish","4":"has-post-thumbnail","6":"product_cat-cpu-fans-heatsinks","7":"product_tag-asus","9":"first","10":"instock","11":"taxable","12":"shipping-taxable","13":"purchasable","14":"product-type-simple"},"_links":{"self":[{"href":"https:\/\/boreait.com\/hr\/wp-json\/wp\/v2\/product\/20901","targetHints":{"allow":["GET"]}}],"collection":[{"href":"https:\/\/boreait.com\/hr\/wp-json\/wp\/v2\/product"}],"about":[{"href":"https:\/\/boreait.com\/hr\/wp-json\/wp\/v2\/types\/product"}],"wp:featuredmedia":[{"embeddable":true,"href":"https:\/\/boreait.com\/hr\/wp-json\/wp\/v2\/media\/20962"}],"wp:attachment":[{"href":"https:\/\/boreait.com\/hr\/wp-json\/wp\/v2\/media?parent=20901"}],"wp:term":[{"taxonomy":"product_brand","embeddable":true,"href":"https:\/\/boreait.com\/hr\/wp-json\/wp\/v2\/product_brand?post=20901"},{"taxonomy":"product_cat","embeddable":true,"href":"https:\/\/boreait.com\/hr\/wp-json\/wp\/v2\/product_cat?post=20901"},{"taxonomy":"product_tag","embeddable":true,"href":"https:\/\/boreait.com\/hr\/wp-json\/wp\/v2\/product_tag?post=20901"}],"curies":[{"name":"wp","href":"https:\/\/api.w.org\/{rel}","templated":true}]}}