{"id":20899,"date":"2025-07-25T11:31:25","date_gmt":"2025-07-25T11:31:25","guid":{"rendered":"https:\/\/boreait.com\/hr\/?post_type=product&#038;p=20899"},"modified":"2025-07-25T11:32:13","modified_gmt":"2025-07-25T11:32:13","slug":"web-kamera-asus-eee-pc-1015px-s-web-kamerom-originalni-zamjenski-dio","status":"publish","type":"product","link":"https:\/\/boreait.com\/hr\/product\/web-kamera-asus-eee-pc-1015px-s-web-kamerom-originalni-zamjenski-dio\/","title":{"rendered":"Web kamera ASUS Eee PC 1015PX s web kamerom &#8211; originalni zamjenski dio"},"content":{"rendered":"<p>Ako posjedujete prijenosno ra\u010dunalo ASUS Eee PC 1015PX i va\u0161a ugra\u0111ena web kamera treba zamjenu, mi \u0107emo vas pokriti. Ovo je originalna web kamera ASUS web kamere, dizajnirana da savr\u0161eno zamijeni va\u0161u postoje\u0107u web kameru i vrati funkcionalnost kamere va\u0161eg prijenosnog ra\u010dunala.<\/p>\n<p>Klju\u010dne zna\u010dajke:<\/p>\n<ul>\n<li>Originalni ASUS zamjenski dio<\/li>\n<li>Kompatibilno s prijenosnim ra\u010dunalima ASUS Eee PC 1015PX<\/li>\n<li>Instalacija bez muke<\/li>\n<\/ul>\n<p>Bilo da va\u0161a trenutna web-kamera ne radi dobro ili jednostavno \u017eelite nadograditi kameru prijenosnog ra\u010dunala, ovaj originalni zamjenski dio savr\u0161eno je rje\u0161enje. U\u017eivajte u jasnim videopozivima, snimajte uspomene i sudjelujte u videokonferencijama s povjerenjem, znaju\u0107i da je va\u0161a kamera u vrhunskom stanju.<\/p>\n<p>Imajte na umu da ovaj popis uklju\u010duje stvarne fotografije web kamere ASUS Eee PC 1015PX. Nema uputa za instalaciju, ali postupak instalacije je jednostavan. Ako imate pitanja ili vam je potrebna dodatna pomo\u0107, slobodno nam se obratite.<\/p>\n<p>Nadogradite ili zamijenite web kameru svog prijenosnog ra\u010dunala ovim originalnim ASUS dijelom i do\u017eivite video i slike visoke kvalitete na svom ASUS Eee PC 1015PX.<\/p>\n","protected":false},"excerpt":{"rendered":"<p>Zamijenite web-kameru prijenosnog ra\u010dunala ASUS Eee PC 1015PX ovom originalnom ASUS web-kamerom s web-kamerom. Obnovite funkcionalnost ugra\u0111ene kamere prijenosnog ra\u010dunala s ovim pouzdanim zamjenskim dijelom. Jednostavna instalacija i kompatibilnost osiguravaju popravak bez muke.<\/p>\n","protected":false},"featured_media":20960,"template":"","meta":[],"product_brand":[],"product_cat":[58],"product_tag":[65],"class_list":{"0":"post-20899","1":"product","2":"type-product","3":"status-publish","4":"has-post-thumbnail","6":"product_cat-laptop-camera","7":"product_tag-asus","9":"first","10":"instock","11":"taxable","12":"shipping-taxable","13":"purchasable","14":"product-type-simple"},"_links":{"self":[{"href":"https:\/\/boreait.com\/hr\/wp-json\/wp\/v2\/product\/20899","targetHints":{"allow":["GET"]}}],"collection":[{"href":"https:\/\/boreait.com\/hr\/wp-json\/wp\/v2\/product"}],"about":[{"href":"https:\/\/boreait.com\/hr\/wp-json\/wp\/v2\/types\/product"}],"wp:featuredmedia":[{"embeddable":true,"href":"https:\/\/boreait.com\/hr\/wp-json\/wp\/v2\/media\/20960"}],"wp:attachment":[{"href":"https:\/\/boreait.com\/hr\/wp-json\/wp\/v2\/media?parent=20899"}],"wp:term":[{"taxonomy":"product_brand","embeddable":true,"href":"https:\/\/boreait.com\/hr\/wp-json\/wp\/v2\/product_brand?post=20899"},{"taxonomy":"product_cat","embeddable":true,"href":"https:\/\/boreait.com\/hr\/wp-json\/wp\/v2\/product_cat?post=20899"},{"taxonomy":"product_tag","embeddable":true,"href":"https:\/\/boreait.com\/hr\/wp-json\/wp\/v2\/product_tag?post=20899"}],"curies":[{"name":"wp","href":"https:\/\/api.w.org\/{rel}","templated":true}]}}