{"id":20896,"date":"2025-07-25T11:31:24","date_gmt":"2025-07-25T11:31:24","guid":{"rendered":"https:\/\/boreait.com\/hr\/?post_type=product&#038;p=20896"},"modified":"2025-07-25T11:32:06","modified_gmt":"2025-07-25T11:32:06","slug":"nova-francuska-tipkovnica-azerty-za-hp-probook-650-g4-650-g5-655-g4-655-g5-l09594-051-bez-pozadinskog-osvjetljenja","status":"publish","type":"product","link":"https:\/\/boreait.com\/hr\/product\/nova-francuska-tipkovnica-azerty-za-hp-probook-650-g4-650-g5-655-g4-655-g5-l09594-051-bez-pozadinskog-osvjetljenja\/","title":{"rendered":"NOVA francuska tipkovnica AZERTY za HP ProBook 650 G4 \/ 650 G5 \/ 655 G4 \/ 655 G5 L09594-051 &#8211; bez pozadinskog osvjetljenja"},"content":{"rendered":"<p>Nadogradite svoje prijenosno ra\u010dunalo HP ProBook 650 G4, 650 G5, 655 G4 ili 655 G5 ovom NOVOM francuskom AZERTY tipkovnicom (Broj dijela: L09594-051). Ova zamjena tipkovnice idealna je za korisnike koji preferiraju AZERTY raspored za precizno tipkanje.<\/p>\n<p><strong>Klju\u010dne zna\u010dajke:<\/strong><\/p>\n<ul>\n<li><strong>Kompatibilnost:<\/strong> Dizajnirano posebno za prijenosna ra\u010dunala HP ProBook 650 G4, 650 G5, 655 G4 i 655 G5, osiguravaju\u0107i savr\u0161eno pristajanje i funkcionalnost.<\/li>\n<li><strong>Francuski AZERTY raspored:<\/strong> Ova tipkovnica ima francuski AZERTY raspored, \u0161to je \u010dini prikladnom za korisnike koji govore francuski.<\/li>\n<li><strong>Bez pozadinskog osvjetljenja:<\/strong> Ova tipkovnica je bez pozadinskog osvjetljenja, \u0161to je savr\u0161eno za korisnike koji preferiraju standardnu tipkovnicu bez pozadinskog osvjetljenja.<\/li>\n<li><strong>Jednostavna instalacija:<\/strong> Zamjena tipkovnice prijenosnog ra\u010dunala je jednostavna i ne zahtijeva napredne tehni\u010dke vje\u0161tine. Detaljne upute mogu se dostaviti na zahtjev.<\/li>\n<li><strong>Pobolj\u0161ano tipkanje:<\/strong> U\u017eivajte u udobnom i preciznom tipkanju uz ovu visokokvalitetnu zamjensku tipkovnicu.<\/li>\n<li><strong>Jamstvo kvalitete:<\/strong> Ova je tipkovnica potpuno nova i podvrgava se provjerama kontrole kvalitete kako bi se osigurala njezina pouzdanost.<\/li>\n<li><strong>Kompatibilni modeli:<\/strong> L09595-001, L09593-001, L00741-001, 6037B0134101, 6037B0134201, L51009-001, L62786-001, 6037B0153701, L09603-001, L51009-041 i drugi<\/li>\n<\/ul>\n<p>Nadogradite ili zamijenite tipkovnicu svog prijenosnog ra\u010dunala ovom NOVOM francuskom AZERTY tipkovnicom za prijenosna ra\u010dunala HP ProBook 650 G4, 650 G5, 655 G4 i 655 G5. AZERTY raspored savr\u0161en je za korisnike koji govore francuski (ali je tako\u0111er kompatibilan s drugim jezicima\/izgledima), a dizajn bez pozadinskog osvjetljenja pru\u017ea standardno iskustvo tipkanja.<\/p>\n<p>Ako imate jo\u0161 proizvoda za popis ili su vam potrebne dodatne informacije, javite nam i mi \u0107emo vam dodatno pomo\u0107i.<\/p>\n","protected":false},"excerpt":{"rendered":"<p>Zamijenite tipkovnicu svog prijenosnog ra\u010dunala HP ProBook 650 G4, 650 G5, 655 G4 ili 655 G5 ovom NOVOM francuskom AZERTY tipkovnicom (Broj dijela: L09594-051). Ova tipkovnica bez pozadinskog osvjetljenja dizajnirana je za precizno tipkanje u AZERTY rasporedu.<\/p>\n","protected":false},"featured_media":20943,"template":"","meta":[],"product_brand":[],"product_cat":[70],"product_tag":[60],"class_list":{"0":"post-20896","1":"product","2":"type-product","3":"status-publish","4":"has-post-thumbnail","6":"product_cat-laptop-keyboard","7":"product_tag-hp","9":"first","10":"instock","11":"taxable","12":"shipping-taxable","13":"purchasable","14":"product-type-simple"},"_links":{"self":[{"href":"https:\/\/boreait.com\/hr\/wp-json\/wp\/v2\/product\/20896","targetHints":{"allow":["GET"]}}],"collection":[{"href":"https:\/\/boreait.com\/hr\/wp-json\/wp\/v2\/product"}],"about":[{"href":"https:\/\/boreait.com\/hr\/wp-json\/wp\/v2\/types\/product"}],"wp:featuredmedia":[{"embeddable":true,"href":"https:\/\/boreait.com\/hr\/wp-json\/wp\/v2\/media\/20943"}],"wp:attachment":[{"href":"https:\/\/boreait.com\/hr\/wp-json\/wp\/v2\/media?parent=20896"}],"wp:term":[{"taxonomy":"product_brand","embeddable":true,"href":"https:\/\/boreait.com\/hr\/wp-json\/wp\/v2\/product_brand?post=20896"},{"taxonomy":"product_cat","embeddable":true,"href":"https:\/\/boreait.com\/hr\/wp-json\/wp\/v2\/product_cat?post=20896"},{"taxonomy":"product_tag","embeddable":true,"href":"https:\/\/boreait.com\/hr\/wp-json\/wp\/v2\/product_tag?post=20896"}],"curies":[{"name":"wp","href":"https:\/\/api.w.org\/{rel}","templated":true}]}}