{"id":20880,"date":"2025-07-25T11:31:01","date_gmt":"2025-07-25T11:31:01","guid":{"rendered":"https:\/\/boreait.com\/hr\/?post_type=product&#038;p=20880"},"modified":"2026-01-14T12:40:21","modified_gmt":"2026-01-14T12:40:21","slug":"originalna-tipka-za-napajanje-prijenosnog-racunala-lenovo-ideapad-s210-bh5290a","status":"publish","type":"product","link":"https:\/\/boreait.com\/hr\/product\/originalna-tipka-za-napajanje-prijenosnog-racunala-lenovo-ideapad-s210-bh5290a\/","title":{"rendered":"Originalna tipka za napajanje prijenosnog ra\u010dunala Lenovo Ideapad S210 BH5290A"},"content":{"rendered":"<p>Gumb za uklju\u010divanje va\u0161eg laptopa Lenovo Ideapad S210 ne radi kako bi trebao? Ne brinite; imamo rje\u0161enje koje vam je potrebno. Predstavljamo originalnu tipku za uklju\u010divanje prijenosnog ra\u010dunala Lenovo Ideapad S210 (BH5290A).<\/p>\n<p>Klju\u010dne zna\u010dajke:<\/p>\n<ul>\n<li>Autenti\u010dni Lenovo zamjenski dio<\/li>\n<li>Kompatibilno s prijenosnim ra\u010dunalima Lenovo Ideapad S210<\/li>\n<li>Vratite funkciju napajanja prijenosnog ra\u010dunala<\/li>\n<li>Visoka kvaliteta i pouzdan<\/li>\n<\/ul>\n<p>Bez obzira na to je li va\u0161a tipka za uklju\u010divanje\/isklju\u010divanje nereagira ili je potpuno prestala raditi, ova zamjenska tipka vratit \u0107e va\u0161e prijenosno ra\u010dunalo u radno stanje u tren oka. Ovaj gumb za uklju\u010divanje BH5290A dizajniran je kako bi zadovoljio standarde kvalitete tvrtke Lenovo, osiguravaju\u0107i kompatibilnost i performanse u koje mo\u017eete vjerovati.<\/p>\n<p>Imajte na umu da ovaj popis uklju\u010duje stvarne fotografije originalne tipke za uklju\u010divanje prijenosnog ra\u010dunala Lenovo Ideapad S210 BH5290A. Nema uputa za instalaciju, ali mo\u017eete nam se obratiti za bilo kakvu pomo\u0107 koja vam je potrebna. Vratite kontrolu napajanja prijenosnog ra\u010dunala s ovim originalnim Lenovo zamjenskim dijelom i odr\u017eavajte svoj ure\u0111aj u izvrsnom radnom stanju.<\/p>\n","protected":false},"excerpt":{"rendered":"<p>Zamijenite tipku za napajanje va\u0161eg prijenosnog ra\u010dunala Lenovo Ideapad S210 ovom originalnom tipkom za uklju\u010divanje BH5290A. Vratite funkcionalnost svog prijenosnog ra\u010dunala s ovim autenti\u010dnim zamjenskim dijelom.<\/p>\n","protected":false},"featured_media":20941,"template":"","meta":[],"product_brand":[],"product_cat":[62],"product_tag":[61],"class_list":{"0":"post-20880","1":"product","2":"type-product","3":"status-publish","4":"has-post-thumbnail","6":"product_cat-motherboards-board-parts","7":"product_tag-lenovo","9":"first","10":"instock","11":"taxable","12":"shipping-taxable","13":"purchasable","14":"product-type-simple"},"_links":{"self":[{"href":"https:\/\/boreait.com\/hr\/wp-json\/wp\/v2\/product\/20880","targetHints":{"allow":["GET"]}}],"collection":[{"href":"https:\/\/boreait.com\/hr\/wp-json\/wp\/v2\/product"}],"about":[{"href":"https:\/\/boreait.com\/hr\/wp-json\/wp\/v2\/types\/product"}],"wp:featuredmedia":[{"embeddable":true,"href":"https:\/\/boreait.com\/hr\/wp-json\/wp\/v2\/media\/20941"}],"wp:attachment":[{"href":"https:\/\/boreait.com\/hr\/wp-json\/wp\/v2\/media?parent=20880"}],"wp:term":[{"taxonomy":"product_brand","embeddable":true,"href":"https:\/\/boreait.com\/hr\/wp-json\/wp\/v2\/product_brand?post=20880"},{"taxonomy":"product_cat","embeddable":true,"href":"https:\/\/boreait.com\/hr\/wp-json\/wp\/v2\/product_cat?post=20880"},{"taxonomy":"product_tag","embeddable":true,"href":"https:\/\/boreait.com\/hr\/wp-json\/wp\/v2\/product_tag?post=20880"}],"curies":[{"name":"wp","href":"https:\/\/api.w.org\/{rel}","templated":true}]}}