{"id":20875,"date":"2025-07-25T11:31:00","date_gmt":"2025-07-25T11:31:00","guid":{"rendered":"https:\/\/boreait.com\/hr\/?post_type=product&#038;p=20875"},"modified":"2025-07-25T11:31:51","modified_gmt":"2025-07-25T11:31:51","slug":"dell-8260ngw-intel-wlan-wifi-bezicna-m-2-kartica-bluetooth-4-2-08xg1t","status":"publish","type":"product","link":"https:\/\/boreait.com\/hr\/product\/dell-8260ngw-intel-wlan-wifi-bezicna-m-2-kartica-bluetooth-4-2-08xg1t\/","title":{"rendered":"Dell 8260NGW Intel WLAN WiFi be\u017ei\u010dna M.2 kartica BlueTooth 4.2 08XG1T"},"content":{"rendered":"<p>Dell 8260NGW Intel WLAN WiFi be\u017ei\u010dna M.2 kartica, koja sadr\u017ei Bluetooth 4.2, va\u0161 je klju\u010d za vrhunsko be\u017ei\u010dno iskustvo. Ova M.2 kartica dizajnirana je za pru\u017eanje brze i pouzdane Wi-Fi veze, omogu\u0107uju\u0107i vam u\u017eivanje u besprijekornom strujanju, online igranju i glatkom pregledavanju.<\/p>\n<p>Klju\u010dne zna\u010dajke:<\/p>\n<ul>\n<li>Model: Dell 8260NGW<\/li>\n<li>Wi-Fi standard: 802.11ac<\/li>\n<li>Bluetooth verzija: 4.2<\/li>\n<li>Faktor oblika: M.2<\/li>\n<\/ul>\n<p>Sa svojim 802.11ac Wi-Fi standardom mo\u017eete o\u010dekivati velike brzine prijenosa podataka i izvrsne performanse mre\u017ee. Ova kartica tako\u0111er ima Bluetooth 4.2, pobolj\u0161avaju\u0107i mogu\u0107nosti povezivanja va\u0161eg prijenosnog ra\u010dunala. Savr\u0161eno odgovara razli\u010ditim modelima prijenosnih ra\u010dunala i mo\u017ee udahnuti novi \u017eivot va\u0161im be\u017ei\u010dnim mogu\u0107nostima.<\/p>\n<p>Nadogradite svoje prijenosno ra\u010dunalo i u\u017eivajte u prednostima br\u017eih i stabilnijih be\u017ei\u010dnih veza. Bilo da radite od ku\u0107e, strujite svoj omiljeni sadr\u017eaj ili se bavite igranjem na mre\u017ei, Dell 8260NGW Intel WLAN WiFi be\u017ei\u010dna M.2 kartica osigurava da ostanete povezani bez prekida.<\/p>\n<p>Imajte na umu da ovaj popis uklju\u010duje stvarne fotografije Dell 8260NGW Intel WLAN WiFi be\u017ei\u010dne M.2 kartice i da nema uputa za instalaciju. Ako imate pitanja ili trebate dodatne informacije, slobodno nam se obratite. Pobolj\u0161ajte be\u017ei\u010dne mogu\u0107nosti svog prijenosnog ra\u010dunala ovom pouzdanom i u\u010dinkovitom M.2 karticom.<\/p>\n","protected":false},"excerpt":{"rendered":"<p>Nadogradite povezivost svog prijenosnog ra\u010dunala s Dell 8260NGW Intel WLAN WiFi Wireless M.2 karticom. Ova kartica pru\u017ea brze i pouzdane Wi-Fi i Bluetooth 4.2 mogu\u0107nosti. To je savr\u0161eno rje\u0161enje za pobolj\u0161anje be\u017ei\u010dnih performansi va\u0161eg prijenosnog ra\u010dunala. Bilo da strujite, igrate ili radite, ova kartica osigurava besprijekorno i stabilno be\u017ei\u010dno iskustvo.<\/p>\n","protected":false},"featured_media":20934,"template":"","meta":[],"product_brand":[],"product_cat":[62],"product_tag":[52],"class_list":{"0":"post-20875","1":"product","2":"type-product","3":"status-publish","4":"has-post-thumbnail","6":"product_cat-motherboards-board-parts","7":"product_tag-dell","9":"first","10":"instock","11":"taxable","12":"shipping-taxable","13":"purchasable","14":"product-type-simple"},"_links":{"self":[{"href":"https:\/\/boreait.com\/hr\/wp-json\/wp\/v2\/product\/20875","targetHints":{"allow":["GET"]}}],"collection":[{"href":"https:\/\/boreait.com\/hr\/wp-json\/wp\/v2\/product"}],"about":[{"href":"https:\/\/boreait.com\/hr\/wp-json\/wp\/v2\/types\/product"}],"wp:featuredmedia":[{"embeddable":true,"href":"https:\/\/boreait.com\/hr\/wp-json\/wp\/v2\/media\/20934"}],"wp:attachment":[{"href":"https:\/\/boreait.com\/hr\/wp-json\/wp\/v2\/media?parent=20875"}],"wp:term":[{"taxonomy":"product_brand","embeddable":true,"href":"https:\/\/boreait.com\/hr\/wp-json\/wp\/v2\/product_brand?post=20875"},{"taxonomy":"product_cat","embeddable":true,"href":"https:\/\/boreait.com\/hr\/wp-json\/wp\/v2\/product_cat?post=20875"},{"taxonomy":"product_tag","embeddable":true,"href":"https:\/\/boreait.com\/hr\/wp-json\/wp\/v2\/product_tag?post=20875"}],"curies":[{"name":"wp","href":"https:\/\/api.w.org\/{rel}","templated":true}]}}