{"id":20861,"date":"2025-07-25T11:30:37","date_gmt":"2025-07-25T11:30:37","guid":{"rendered":"https:\/\/boreait.com\/hr\/?post_type=product&#038;p=20861"},"modified":"2026-01-14T12:39:32","modified_gmt":"2026-01-14T12:39:32","slug":"lenovo-thinkpad-t460s-usb-washboard-ns-a424p-originalni-zamjenski-dio","status":"publish","type":"product","link":"https:\/\/boreait.com\/hr\/product\/lenovo-thinkpad-t460s-usb-washboard-ns-a424p-originalni-zamjenski-dio\/","title":{"rendered":"Lenovo THINKPAD T460s USB Washboard NS-A424P &#8211; originalni zamjenski dio"},"content":{"rendered":"<p>Lenovo THINKPAD T460s USB Washboard NS-A424P je originalni zamjenski dio dizajniran za vra\u0107anje va\u0161eg prijenosnog ra\u010dunala u optimalno stanje. Ako je USB funkcija va\u0161eg prijenosnog ra\u010dunala ugro\u017eena, ova komponenta je rje\u0161enje koje vam je potrebno.<\/p>\n<p>Klju\u010dne zna\u010dajke:<\/p>\n<ul>\n<li>Kompatibilnost: Lenovo THINKPAD T460s<\/li>\n<li>Broj dijela: NS-A424P<\/li>\n<li>Originalni Lenovo zamjenski dio<\/li>\n<\/ul>\n<p>Ova USB plo\u010da za pranje klju\u010dna je komponenta koja omogu\u0107uje ispravno funkcioniranje USB priklju\u010daka va\u0161eg prijenosnog ra\u010dunala. Osigurava da mo\u017eete neprimjetno povezati svoje periferne ure\u0111aje i ure\u0111aje, \u010dine\u0107i va\u0161e prijenosno ra\u010dunalo potpuno operativnim.<\/p>\n<p>Imajte na umu da ovaj popis uklju\u010duje prave fotografije Lenovo THINKPAD T460s USB Washboard NS-A424P i da nema uputa za instalaciju. Ako su Vam potrebne dodatne informacije ili imate pitanja, slobodno nas kontaktirajte. Vratite svoj Lenovo THINKPAD T460s u punu funkcionalnost s ovim originalnim Lenovo zamjenskim dijelom.<\/p>\n","protected":false},"excerpt":{"rendered":"<p>Vratite svoj Lenovo THINKPAD T460s u akciju s ovim originalnim zamjenskim dijelom &#8211; Lenovo THINKPAD T460s USB Washboard NS-A424P. Ova je komponenta osmi\u0161ljena za vra\u0107anje funkcionalnosti va\u0161eg prijenosnog ra\u010dunala i osiguravanje njegovog najboljeg rada. Vjerujte kvaliteti tvrtke Lenovo za pouzdano rje\u0161enje za popravak.<\/p>\n","protected":false},"featured_media":20933,"template":"","meta":[],"product_brand":[],"product_cat":[62],"product_tag":[61],"class_list":{"0":"post-20861","1":"product","2":"type-product","3":"status-publish","4":"has-post-thumbnail","6":"product_cat-motherboards-board-parts","7":"product_tag-lenovo","9":"first","10":"instock","11":"taxable","12":"shipping-taxable","13":"purchasable","14":"product-type-simple"},"_links":{"self":[{"href":"https:\/\/boreait.com\/hr\/wp-json\/wp\/v2\/product\/20861","targetHints":{"allow":["GET"]}}],"collection":[{"href":"https:\/\/boreait.com\/hr\/wp-json\/wp\/v2\/product"}],"about":[{"href":"https:\/\/boreait.com\/hr\/wp-json\/wp\/v2\/types\/product"}],"wp:featuredmedia":[{"embeddable":true,"href":"https:\/\/boreait.com\/hr\/wp-json\/wp\/v2\/media\/20933"}],"wp:attachment":[{"href":"https:\/\/boreait.com\/hr\/wp-json\/wp\/v2\/media?parent=20861"}],"wp:term":[{"taxonomy":"product_brand","embeddable":true,"href":"https:\/\/boreait.com\/hr\/wp-json\/wp\/v2\/product_brand?post=20861"},{"taxonomy":"product_cat","embeddable":true,"href":"https:\/\/boreait.com\/hr\/wp-json\/wp\/v2\/product_cat?post=20861"},{"taxonomy":"product_tag","embeddable":true,"href":"https:\/\/boreait.com\/hr\/wp-json\/wp\/v2\/product_tag?post=20861"}],"curies":[{"name":"wp","href":"https:\/\/api.w.org\/{rel}","templated":true}]}}