{"id":20859,"date":"2025-07-25T11:30:37","date_gmt":"2025-07-25T11:30:37","guid":{"rendered":"https:\/\/boreait.com\/hr\/?post_type=product&#038;p=20859"},"modified":"2026-01-14T12:39:14","modified_gmt":"2026-01-14T12:39:14","slug":"lenovo-thinkpad-t460s-14-originalna-ploca-s-gumbom-za-napajanje-s-kabelom-ns-b082-zamijenite-svoj-gumb-za-ukljucivanje-autenticnim-dijelovima","status":"publish","type":"product","link":"https:\/\/boreait.com\/hr\/product\/lenovo-thinkpad-t460s-14-originalna-ploca-s-gumbom-za-napajanje-s-kabelom-ns-b082-zamijenite-svoj-gumb-za-ukljucivanje-autenticnim-dijelovima\/","title":{"rendered":"Lenovo ThinkPad T460s 14 originalna plo\u010da s gumbom za napajanje s kabelom NS-B082 &#8211; Zamijenite svoj gumb za uklju\u010divanje autenti\u010dnim dijelovima"},"content":{"rendered":"<p>Lenovo ThinkPad T460s 14&#8243; originalna plo\u010da s gumbom za napajanje s kabelom NS-B082 savr\u0161eno je rje\u0161enje za one koji \u017eele vratiti funkcionalnost gumba za uklju\u010divanje prijenosnog ra\u010dunala s originalnim, autenti\u010dnim dijelovima.<\/p>\n<p>Klju\u010dne zna\u010dajke:<\/p>\n<ul>\n<li>Originalni Lenovo dio<\/li>\n<li>Kompatibilno s Lenovo ThinkPad T460s<\/li>\n<li>Uklju\u010duje plo\u010du s gumbom za uklju\u010divanje i kabel (NS-B082)<\/li>\n<\/ul>\n<p>Ova plo\u010da s gumbom za uklju\u010divanje i kabel dizajnirani su tako da besprijekorno pristaju uz va\u0161 Lenovo ThinkPad T460s, osiguravaju\u0107i da gumb za uklju\u010divanje va\u0161eg prijenosnog ra\u010dunala radi to\u010dno i pouzdano. S ovom zamjenom mo\u017eete udahnuti novi \u017eivot svom prijenosnom ra\u010dunalu bez kompromisa u kvaliteti.<\/p>\n<p>Imajte na umu da ovaj popis uklju\u010duje stvarne fotografije Lenovo ThinkPad T460s 14&#8243; originalne plo\u010de s gumbom za napajanje s kabelom NS-B082 i da nema uputa za instalaciju. Ako imate bilo kakvih pitanja ili trebate dodatne informacije, slobodno se obratite. Vratite svom prijenosnom ra\u010dunalu njegov puni potencijal s ovim originalnim Lenovo dijelom.<\/p>\n","protected":false},"excerpt":{"rendered":"<p>O\u017eivite svoje prijenosno ra\u010dunalo Lenovo ThinkPad T460s s originalnom plo\u010dom gumba za napajanje i kabelom NS-B082. Ovaj originalni Lenovo dio osigurava pouzdanu i to\u010dnu funkciju gumba za napajanje. Nemojte raditi kompromise po pitanju kvalitete kada je rije\u010d o performansama va\u0161eg prijenosnog ra\u010dunala. Nadogradite danas!<\/p>\n","protected":false},"featured_media":20918,"template":"","meta":[],"product_brand":[],"product_cat":[62],"product_tag":[61],"class_list":{"0":"post-20859","1":"product","2":"type-product","3":"status-publish","4":"has-post-thumbnail","6":"product_cat-motherboards-board-parts","7":"product_tag-lenovo","9":"first","10":"instock","11":"taxable","12":"shipping-taxable","13":"purchasable","14":"product-type-simple"},"_links":{"self":[{"href":"https:\/\/boreait.com\/hr\/wp-json\/wp\/v2\/product\/20859","targetHints":{"allow":["GET"]}}],"collection":[{"href":"https:\/\/boreait.com\/hr\/wp-json\/wp\/v2\/product"}],"about":[{"href":"https:\/\/boreait.com\/hr\/wp-json\/wp\/v2\/types\/product"}],"wp:featuredmedia":[{"embeddable":true,"href":"https:\/\/boreait.com\/hr\/wp-json\/wp\/v2\/media\/20918"}],"wp:attachment":[{"href":"https:\/\/boreait.com\/hr\/wp-json\/wp\/v2\/media?parent=20859"}],"wp:term":[{"taxonomy":"product_brand","embeddable":true,"href":"https:\/\/boreait.com\/hr\/wp-json\/wp\/v2\/product_brand?post=20859"},{"taxonomy":"product_cat","embeddable":true,"href":"https:\/\/boreait.com\/hr\/wp-json\/wp\/v2\/product_cat?post=20859"},{"taxonomy":"product_tag","embeddable":true,"href":"https:\/\/boreait.com\/hr\/wp-json\/wp\/v2\/product_tag?post=20859"}],"curies":[{"name":"wp","href":"https:\/\/api.w.org\/{rel}","templated":true}]}}