{"id":20837,"date":"2025-07-25T11:30:13","date_gmt":"2025-07-25T11:30:13","guid":{"rendered":"https:\/\/boreait.com\/hr\/?post_type=product&#038;p=20837"},"modified":"2026-01-12T09:26:37","modified_gmt":"2026-01-12T09:26:37","slug":"samsung-2gb-2rx8-pc2-6400s-666-12-e3-ddr2-ram-200-pin-so-dimm-m470t5663qz3","status":"publish","type":"product","link":"https:\/\/boreait.com\/hr\/product\/samsung-2gb-2rx8-pc2-6400s-666-12-e3-ddr2-ram-200-pin-so-dimm-m470t5663qz3\/","title":{"rendered":"Samsung 2GB 2Rx8 PC2-6400S-666-12-E3 DDR2 RAM 200 PIN SO-DIMM M470T5663QZ3"},"content":{"rendered":"<p>Samsung 2GB DDR2 RAM modul, s brojem modela M470T5663QZ3, va\u0161e je rje\u0161enje za pobolj\u0161anje performansi va\u0161eg prijenosnog ra\u010dunala. Ovaj DDR2 SODIMM modul je dizajniran da bude kompatibilan sa \u0161irokim rasponom prijenosnih ra\u010dunala, \u0161to ga \u010dini izvrsnim izborom za nadogradnju.<\/p>\n<p>Klju\u010dne zna\u010dajke:<\/p>\n<ul>\n<li>Kapacitet: 2 GB<\/li>\n<li>Vrsta: DDR2 SODIMM<\/li>\n<li>Brzina: PC2-6400S (DDR2-800)<\/li>\n<li>Broj pinova: 200 pinova<\/li>\n<li>Broj dijela: M470T5663QZ3<\/li>\n<\/ul>\n<p>Dodavanje ovog memorijskog modula va\u0161em prijenosnom ra\u010dunalu rezultirat \u0107e zna\u010dajnim pove\u0107anjem mogu\u0107nosti multitaskinga, br\u017eim pristupom podacima i glatkijim ukupnim performansama. Ako primijetite da se va\u0161e prijenosno ra\u010dunalo usporava kada pokre\u0107e vi\u0161e aplikacija ili obavlja zahtjevne zadatke, ova nadogradnja RAM-a mo\u017ee u\u010diniti primjetnu razliku.<\/p>\n<p>Imajte na umu da ovaj popis uklju\u010duje stvarne fotografije Samsung 2GB DDR2 RAM modula i da nema uputa za instalaciju. Ako imate pitanja ili trebate pomo\u0107 oko kompatibilnosti, slobodno nas kontaktirajte. Pobolj\u0161ajte performanse svog prijenosnog ra\u010dunala s ovim visokokvalitetnim DDR2 RAM modulom tvrtke Samsung.<\/p>\n","protected":false},"excerpt":{"rendered":"<p>Pobolj\u0161ajte performanse svog prijenosnog ra\u010dunala sa Samsung 2GB DDR2 RAM modulom. Ovaj DDR2 SODIMM (Small Outline Dual In-Line Memory Module) pouzdan je izbor za nadogradnju memorije va\u0161eg prijenosnog ra\u010dunala. S 2 GB kapaciteta, ovaj modul je savr\u0161en za pove\u0107anje mogu\u0107nosti multitaskinga va\u0161eg sustava i ukupne brzine odziva.<\/p>\n","protected":false},"featured_media":20908,"template":"","meta":[],"product_brand":[],"product_cat":[76,71],"product_tag":[],"class_list":{"0":"post-20837","1":"product","2":"type-product","3":"status-publish","4":"has-post-thumbnail","6":"product_cat-ddr2","7":"product_cat-ram-memory","9":"first","10":"instock","11":"taxable","12":"shipping-taxable","13":"purchasable","14":"product-type-simple"},"_links":{"self":[{"href":"https:\/\/boreait.com\/hr\/wp-json\/wp\/v2\/product\/20837","targetHints":{"allow":["GET"]}}],"collection":[{"href":"https:\/\/boreait.com\/hr\/wp-json\/wp\/v2\/product"}],"about":[{"href":"https:\/\/boreait.com\/hr\/wp-json\/wp\/v2\/types\/product"}],"wp:featuredmedia":[{"embeddable":true,"href":"https:\/\/boreait.com\/hr\/wp-json\/wp\/v2\/media\/20908"}],"wp:attachment":[{"href":"https:\/\/boreait.com\/hr\/wp-json\/wp\/v2\/media?parent=20837"}],"wp:term":[{"taxonomy":"product_brand","embeddable":true,"href":"https:\/\/boreait.com\/hr\/wp-json\/wp\/v2\/product_brand?post=20837"},{"taxonomy":"product_cat","embeddable":true,"href":"https:\/\/boreait.com\/hr\/wp-json\/wp\/v2\/product_cat?post=20837"},{"taxonomy":"product_tag","embeddable":true,"href":"https:\/\/boreait.com\/hr\/wp-json\/wp\/v2\/product_tag?post=20837"}],"curies":[{"name":"wp","href":"https:\/\/api.w.org\/{rel}","templated":true}]}}