{"id":20820,"date":"2025-07-25T11:29:50","date_gmt":"2025-07-25T11:29:50","guid":{"rendered":"https:\/\/boreait.com\/hr\/?post_type=product&#038;p=20820"},"modified":"2025-07-25T11:31:20","modified_gmt":"2025-07-25T11:31:20","slug":"bluetooth-ploca-broadcom-eytfebs-modul-brcm1032","status":"publish","type":"product","link":"https:\/\/boreait.com\/hr\/product\/bluetooth-ploca-broadcom-eytfebs-modul-brcm1032\/","title":{"rendered":"Bluetooth plo\u010da Broadcom EYTFEBS modul &#8211; BRCM1032"},"content":{"rendered":"<p>Bluetooth plo\u010da Broadcom EYTFEBS Module &#8211; BRCM1032 je rje\u0161enje koje vam je potrebno da pro\u0161irite mogu\u0107nosti povezivanja va\u0161eg prijenosnog ra\u010dunala. Ovaj modul dizajniran je za besprijekornu integraciju Bluetooth funkcije u va\u0161e prijenosno ra\u010dunalo, omogu\u0107uju\u0107i vam be\u017ei\u010dno povezivanje sa \u0161irokim rasponom ure\u0111aja.<\/p>\n<p>Klju\u010dne zna\u010dajke:<\/p>\n<ul>\n<li>Model: BRCM1032<\/li>\n<li>Kompatibilno s razli\u010ditim modelima prijenosnih ra\u010dunala<\/li>\n<li>Omogu\u0107uje be\u017ei\u010dno povezivanje s Bluetooth ure\u0111ajima<\/li>\n<\/ul>\n<p>S ovim instaliranim modulom mo\u017eete upariti svoje prijenosno ra\u010dunalo s Bluetooth slu\u0161alicama, zvu\u010dnicima, mi\u0161evima, tipkovnicama i drugim kompatibilnim ure\u0111ajima. Recite zbogom zamr\u0161enim \u017eicama i iskusite pogodnost be\u017ei\u010dne tehnologije. Bilo da nadogra\u0111ujete svoje postoje\u0107e prijenosno ra\u010dunalo ili dodajete Bluetooth sustavu izra\u0111enom po narud\u017ebi, Broadcom EYTFEBS modul je pouzdan izbor.<\/p>\n<p>Imajte na umu da ovaj popis uklju\u010duje stvarne fotografije Bluetooth plo\u010de Broadcom EYTFEBS modula &#8211; BRCM1032. Nema uputa za instalaciju, ali ako imate pitanja ili trebate dodatne informacije, slobodno nam se obratite. Nadogradite povezivost svog prijenosnog ra\u010dunala i prihvatite be\u017ei\u010dni svijet s ovim pouzdanim Broadcom modulom.<\/p>\n","protected":false},"excerpt":{"rendered":"<p>Pobolj\u0161ajte povezivost svog prijenosnog ra\u010dunala s Bluetooth plo\u010dom Broadcom EYTFEBS modula &#8211; BRCM1032. Ovaj modul omogu\u0107uje dodavanje Bluetooth funkcije va\u0161em prijenosnom ra\u010dunalu, omogu\u0107avaju\u0107i be\u017ei\u010dno povezivanje s raznim ure\u0111ajima, poput slu\u0161alica, zvu\u010dnika i jo\u0161 mnogo toga. Nadogradite svoje prijenosno ra\u010dunalo danas i u\u017eivajte u pogodnostima Bluetooth tehnologije.<\/p>\n","protected":false},"featured_media":20892,"template":"","meta":[],"product_brand":[],"product_cat":[62],"product_tag":[],"class_list":{"0":"post-20820","1":"product","2":"type-product","3":"status-publish","4":"has-post-thumbnail","6":"product_cat-motherboards-board-parts","8":"first","9":"instock","10":"taxable","11":"shipping-taxable","12":"purchasable","13":"product-type-simple"},"_links":{"self":[{"href":"https:\/\/boreait.com\/hr\/wp-json\/wp\/v2\/product\/20820","targetHints":{"allow":["GET"]}}],"collection":[{"href":"https:\/\/boreait.com\/hr\/wp-json\/wp\/v2\/product"}],"about":[{"href":"https:\/\/boreait.com\/hr\/wp-json\/wp\/v2\/types\/product"}],"wp:featuredmedia":[{"embeddable":true,"href":"https:\/\/boreait.com\/hr\/wp-json\/wp\/v2\/media\/20892"}],"wp:attachment":[{"href":"https:\/\/boreait.com\/hr\/wp-json\/wp\/v2\/media?parent=20820"}],"wp:term":[{"taxonomy":"product_brand","embeddable":true,"href":"https:\/\/boreait.com\/hr\/wp-json\/wp\/v2\/product_brand?post=20820"},{"taxonomy":"product_cat","embeddable":true,"href":"https:\/\/boreait.com\/hr\/wp-json\/wp\/v2\/product_cat?post=20820"},{"taxonomy":"product_tag","embeddable":true,"href":"https:\/\/boreait.com\/hr\/wp-json\/wp\/v2\/product_tag?post=20820"}],"curies":[{"name":"wp","href":"https:\/\/api.w.org\/{rel}","templated":true}]}}