{"id":20816,"date":"2025-07-25T11:29:50","date_gmt":"2025-07-25T11:29:50","guid":{"rendered":"https:\/\/boreait.com\/hr\/?post_type=product&#038;p=20816"},"modified":"2026-01-14T12:36:19","modified_gmt":"2026-01-14T12:36:19","slug":"laptop-ac-dc-in-power-jack-kabel-za-napajanje-za-toshiba-satellite-m305d-s4840-m305-s4848","status":"publish","type":"product","link":"https:\/\/boreait.com\/hr\/product\/laptop-ac-dc-in-power-jack-kabel-za-napajanje-za-toshiba-satellite-m305d-s4840-m305-s4848\/","title":{"rendered":"Laptop AC DC In Power Jack Kabel za napajanje za Toshiba Satellite M305D-S4840 M305-S4848"},"content":{"rendered":"<p>Suo\u010davate li se s problemima povezivanja s napajanjem s prijenosnim ra\u010dunalom Toshiba Satellite M305D-S4840 ili M305-S4848? Laptop AC DC In Jack Power Harness je tu da vam pomogne vratiti kontrolu nad napajanjem va\u0161eg prijenosnog ra\u010dunala.<\/p>\n<p>Klju\u010dne zna\u010dajke:<\/p>\n<ul>\n<li>Kompatibilnost: Dizajnirano posebno za modele Toshiba Satellite M305D-S4840 i M305-S4848.<\/li>\n<li>Pouzdana zamjena: Ovaj kabelski sve\u017eanj pouzdano je i kompatibilno rje\u0161enje za rje\u0161avanje problema s povezivanjem s napajanjem.<\/li>\n<li>Kompatibilno s: <span role=\"heading\" aria-level=\"3\">L675D-S7103 L675-S7020 L675D-S7052<\/span><\/li>\n<\/ul>\n<p>Va\u017enost funkcionalne uti\u010dnice za napajanje ne mo\u017ee se precijeniti, jer je ona spas va\u0161eg prijenosnog ra\u010dunala. Ako imate problema s priklju\u010dkom za napajanje prijenosnog ra\u010dunala, ovaj kabelski sve\u017eanj nudi isplativo rje\u0161enje za rje\u0161avanje problema. Va\u017eno je napomenuti da ovaj popis uklju\u010duje stvarne fotografije laptopa AC DC In Jack Power Harness koji \u0107ete dobiti.<\/p>\n<p>Imajte na umu da ovaj popis ne uklju\u010duje upute za zamjenu dijela. Ako trebate pomo\u0107 ili imate pitanja, slobodno nam se obratite. Uz ovaj kabelski sve\u017eanj za napajanje, mo\u017eete ponovno pokrenuti i glatko raditi prijenosno ra\u010dunalo Toshiba Satellite. Ne dopustite da vas problemi s napajanjem sprije\u010de da u potpunosti u\u017eivate u prijenosnom ra\u010dunalu.<\/p>\n","protected":false},"excerpt":{"rendered":"<p>Ovaj kabel za napajanje AC DC In Jack kompatibilan je zamjenski dio dizajniran za prijenosna ra\u010dunala Toshiba Satellite M305D-S4840 i M305-S4848. Ako va\u0161e prijenosno ra\u010dunalo ima problema s napajanjem, ovaj kabelski sve\u017eanj mo\u017ee pomo\u0107i u vra\u0107anju funkcionalnosti. To je pouzdano rje\u0161enje za odr\u017eavanje va\u0161eg prijenosnog ra\u010dunala Toshiba napajanim i operativnim.<\/p>\n","protected":false},"featured_media":20886,"template":"","meta":[],"product_brand":[],"product_cat":[55],"product_tag":[69],"class_list":{"0":"post-20816","1":"product","2":"type-product","3":"status-publish","4":"has-post-thumbnail","6":"product_cat-cables","7":"product_tag-toshiba","9":"first","10":"instock","11":"taxable","12":"shipping-taxable","13":"purchasable","14":"product-type-simple"},"_links":{"self":[{"href":"https:\/\/boreait.com\/hr\/wp-json\/wp\/v2\/product\/20816","targetHints":{"allow":["GET"]}}],"collection":[{"href":"https:\/\/boreait.com\/hr\/wp-json\/wp\/v2\/product"}],"about":[{"href":"https:\/\/boreait.com\/hr\/wp-json\/wp\/v2\/types\/product"}],"wp:featuredmedia":[{"embeddable":true,"href":"https:\/\/boreait.com\/hr\/wp-json\/wp\/v2\/media\/20886"}],"wp:attachment":[{"href":"https:\/\/boreait.com\/hr\/wp-json\/wp\/v2\/media?parent=20816"}],"wp:term":[{"taxonomy":"product_brand","embeddable":true,"href":"https:\/\/boreait.com\/hr\/wp-json\/wp\/v2\/product_brand?post=20816"},{"taxonomy":"product_cat","embeddable":true,"href":"https:\/\/boreait.com\/hr\/wp-json\/wp\/v2\/product_cat?post=20816"},{"taxonomy":"product_tag","embeddable":true,"href":"https:\/\/boreait.com\/hr\/wp-json\/wp\/v2\/product_tag?post=20816"}],"curies":[{"name":"wp","href":"https:\/\/api.w.org\/{rel}","templated":true}]}}