{"id":20813,"date":"2025-07-25T11:29:49","date_gmt":"2025-07-25T11:29:49","guid":{"rendered":"https:\/\/boreait.com\/hr\/?post_type=product&#038;p=20813"},"modified":"2025-07-25T11:31:05","modified_gmt":"2025-07-25T11:31:05","slug":"dell-latitude-d420-tipkovnica-prijenosnog-racunala-nsk-d700g-zamjena","status":"publish","type":"product","link":"https:\/\/boreait.com\/hr\/product\/dell-latitude-d420-tipkovnica-prijenosnog-racunala-nsk-d700g-zamjena\/","title":{"rendered":"Dell Latitude D420 tipkovnica prijenosnog ra\u010dunala NSK-D700G zamjena"},"content":{"rendered":"<p>Da li tipkovnica va\u0161eg prijenosnog ra\u010dunala Dell Latitude D420 pokazuje znakove istro\u0161enosti? Vrijeme je da razmislite o nadogradnji sa zamjenskom tipkovnicom NSK-D700G.<\/p>\n<p>Klju\u010dne zna\u010dajke:<\/p>\n<ul>\n<li>Kompatibilnost: Dizajnirano posebno za prijenosna ra\u010dunala Dell Latitude D420.<\/li>\n<li>Precizno pristajanje: Ova je tipkovnica napravljena da besprijekorno pristaje, osiguravaju\u0107i savr\u0161eno pristajanje.<\/li>\n<li>Pouzdano tipkanje: vratite iskustvo tipkanja na svom prijenosnom ra\u010dunalu u izvornu kvalitetu.<\/li>\n<\/ul>\n<p>Bez obzira na to je li tipkovnica va\u0161eg prijenosnog ra\u010dunala prestala reagirati, nedostaju li joj tipke ili jednostavno pokazuje znakove starosti, NSK-D700G zamjena je rje\u0161enje. To je pouzdana opcija koja se lako postavlja i udahnjuje novi \u017eivot va\u0161em prijenosnom ra\u010dunalu.<\/p>\n<p>Imajte na umu da ovaj popis uklju\u010duje stvarne fotografije tipkovnice prijenosnog ra\u010dunala Dell Latitude D420 NSK-D700G i da nema uputa za instalaciju. Ako imate bilo kakvih pitanja ili trebate pomo\u0107, ne ustru\u010davajte se kontaktirati nas. Nadogradite tipkovnicu prijenosnog ra\u010dunala Dell Latitude D420 za udobno i u\u010dinkovito iskustvo tipkanja.<\/p>\n","protected":false},"excerpt":{"rendered":"<p>Zamijenite svoju tipkovnicu prijenosnog ra\u010dunala Dell Latitude D420 visokokvalitetnom zamjenom NSK-D700G. Ova je tipkovnica dizajnirana da savr\u0161eno pristaje i vrati iskustvo tipkanja na va\u0161em prijenosnom ra\u010dunalu u izvorno stanje.<\/p>\n","protected":false},"featured_media":20882,"template":"","meta":[],"product_brand":[],"product_cat":[70],"product_tag":[52],"class_list":{"0":"post-20813","1":"product","2":"type-product","3":"status-publish","4":"has-post-thumbnail","6":"product_cat-laptop-keyboard","7":"product_tag-dell","9":"first","10":"instock","11":"taxable","12":"shipping-taxable","13":"purchasable","14":"product-type-simple"},"_links":{"self":[{"href":"https:\/\/boreait.com\/hr\/wp-json\/wp\/v2\/product\/20813","targetHints":{"allow":["GET"]}}],"collection":[{"href":"https:\/\/boreait.com\/hr\/wp-json\/wp\/v2\/product"}],"about":[{"href":"https:\/\/boreait.com\/hr\/wp-json\/wp\/v2\/types\/product"}],"wp:featuredmedia":[{"embeddable":true,"href":"https:\/\/boreait.com\/hr\/wp-json\/wp\/v2\/media\/20882"}],"wp:attachment":[{"href":"https:\/\/boreait.com\/hr\/wp-json\/wp\/v2\/media?parent=20813"}],"wp:term":[{"taxonomy":"product_brand","embeddable":true,"href":"https:\/\/boreait.com\/hr\/wp-json\/wp\/v2\/product_brand?post=20813"},{"taxonomy":"product_cat","embeddable":true,"href":"https:\/\/boreait.com\/hr\/wp-json\/wp\/v2\/product_cat?post=20813"},{"taxonomy":"product_tag","embeddable":true,"href":"https:\/\/boreait.com\/hr\/wp-json\/wp\/v2\/product_tag?post=20813"}],"curies":[{"name":"wp","href":"https:\/\/api.w.org\/{rel}","templated":true}]}}