{"id":20810,"date":"2025-07-25T11:29:49","date_gmt":"2025-07-25T11:29:49","guid":{"rendered":"https:\/\/boreait.com\/hr\/?post_type=product&#038;p=20810"},"modified":"2025-07-25T11:30:53","modified_gmt":"2025-07-25T11:30:53","slug":"tipkovnica-za-prijenosna-racunala-toshiba-9j-n7482-j1d-zamjenske-tipkovnice-za-prijenosna-racunala-toshiba","status":"publish","type":"product","link":"https:\/\/boreait.com\/hr\/product\/tipkovnica-za-prijenosna-racunala-toshiba-9j-n7482-j1d-zamjenske-tipkovnice-za-prijenosna-racunala-toshiba\/","title":{"rendered":"Tipkovnica za prijenosna ra\u010dunala Toshiba 9J.N7482.J1D &#8211; zamjenske tipkovnice za prijenosna ra\u010dunala Toshiba"},"content":{"rendered":"<p>Tipkovnica za prijenosna ra\u010dunala Toshiba9J.N7482.J1D idealno je rje\u0161enje za vlasnike prijenosnih ra\u010dunala Toshiba koji \u017eele zamijeniti tipkovnicu i vratiti funkcionalnost prijenosnog ra\u010dunala. Ova originalna Toshiba tipkovnica dizajnirana je da savr\u0161eno pristaje Toshiba prijenosnim ra\u010dunalima, osiguravaju\u0107i besprijekorno iskustvo tipkanja.<\/p>\n<p>Klju\u010dne zna\u010dajke:<\/p>\n<ul>\n<li>Model: 9J.N7482.J1D<\/li>\n<li>Izgled: slovenski \/ SLO<\/li>\n<li>Kompatibilnost: Dizajnirano za kori\u0161tenje s prijenosnim ra\u010dunalima Toshiba<\/li>\n<\/ul>\n<p>Ova zamjenska tipkovnica isplativ je na\u010din rje\u0161avanja problema s tipkovnicom ili nadogradnje tipkovnice prijenosnog ra\u010dunala na novu. Bilo da ste prolili teku\u0107inu po tipkovnici, neke tipke su prestale reagirati ili jednostavno \u017eelite pobolj\u0161ati svoje iskustvo tipkanja, Toshiba 9J.N7482.J1D tipkovnica za prijenosno ra\u010dunalo je odgovor.<\/p>\n<p>Imajte na umu da ovaj popis uklju\u010duje stvarne fotografije tipkovnice prijenosnog ra\u010dunala Toshiba 9J.N7482.J1D i da nema uputa za instalaciju. Ako imate bilo kakvih pitanja ili vam je potrebna pomo\u0107, nemojte se ustru\u010davati kontaktirati nas. Obnovite iskustvo tipkanja na svom Toshiba prijenosnom ra\u010dunalu s ovom originalnom Toshiba tipkovnicom.<\/p>\n","protected":false},"excerpt":{"rendered":"<p>Nadogradite svoje prijenosno ra\u010dunalo Toshiba pomo\u0107u tipkovnice prijenosnog ra\u010dunala Toshiba 9J.N7482.J1D. Ova visokokvalitetna zamjenska tipkovnica dizajnirana je za prijenosna ra\u010dunala Toshiba te nudi savr\u0161eno pristajanje i glatko iskustvo tipkanja. Vratite svom prijenosnom ra\u010dunalu punu funkcionalnost s ovom originalnom Toshiba tipkovnicom.<\/p>\n","protected":false},"featured_media":20869,"template":"","meta":[],"product_brand":[],"product_cat":[70],"product_tag":[69],"class_list":{"0":"post-20810","1":"product","2":"type-product","3":"status-publish","4":"has-post-thumbnail","6":"product_cat-laptop-keyboard","7":"product_tag-toshiba","9":"first","10":"instock","11":"taxable","12":"shipping-taxable","13":"purchasable","14":"product-type-simple"},"_links":{"self":[{"href":"https:\/\/boreait.com\/hr\/wp-json\/wp\/v2\/product\/20810","targetHints":{"allow":["GET"]}}],"collection":[{"href":"https:\/\/boreait.com\/hr\/wp-json\/wp\/v2\/product"}],"about":[{"href":"https:\/\/boreait.com\/hr\/wp-json\/wp\/v2\/types\/product"}],"wp:featuredmedia":[{"embeddable":true,"href":"https:\/\/boreait.com\/hr\/wp-json\/wp\/v2\/media\/20869"}],"wp:attachment":[{"href":"https:\/\/boreait.com\/hr\/wp-json\/wp\/v2\/media?parent=20810"}],"wp:term":[{"taxonomy":"product_brand","embeddable":true,"href":"https:\/\/boreait.com\/hr\/wp-json\/wp\/v2\/product_brand?post=20810"},{"taxonomy":"product_cat","embeddable":true,"href":"https:\/\/boreait.com\/hr\/wp-json\/wp\/v2\/product_cat?post=20810"},{"taxonomy":"product_tag","embeddable":true,"href":"https:\/\/boreait.com\/hr\/wp-json\/wp\/v2\/product_tag?post=20810"}],"curies":[{"name":"wp","href":"https:\/\/api.w.org\/{rel}","templated":true}]}}