{"id":20808,"date":"2025-07-25T11:29:49","date_gmt":"2025-07-25T11:29:49","guid":{"rendered":"https:\/\/boreait.com\/hr\/?post_type=product&#038;p=20808"},"modified":"2026-01-14T12:34:51","modified_gmt":"2026-01-14T12:34:51","slug":"dell-originalni-dvd-rw-disk-pogon-c3284-a00-cd-pogon-visokokvalitetni-opticki-pogon","status":"publish","type":"product","link":"https:\/\/boreait.com\/hr\/product\/dell-originalni-dvd-rw-disk-pogon-c3284-a00-cd-pogon-visokokvalitetni-opticki-pogon\/","title":{"rendered":"Dell originalni DVD-RW disk pogon C3284-A00 CD pogon &#8211; visokokvalitetni opti\u010dki pogon"},"content":{"rendered":"<p>Dell Genuine DVD-RW pogon diska C3284-A00 CD pogon savr\u0161en je dodatak va\u0161em prijenosnom ili stolnom ra\u010dunalu, nude\u0107i svestrane mogu\u0107nosti opti\u010dkog pogona. Bez obzira gledate li DVD-ove, instalirate softver ili snimate svoje podatke na CD-ove ili DVD-ove, ovaj originalni Dell pogon osigurava pouzdane performanse i kompatibilnost.<\/p>\n<p>Klju\u010dne zna\u010dajke:<\/p>\n<ul>\n<li>Originalni Dell proizvod<\/li>\n<li>Mogu\u0107nosti \u010ditanja i pisanja CD-a i DVD-a<\/li>\n<li>Savr\u0161eno za gledanje filmova, instaliranje softvera ili stvaranje sigurnosnih kopija<\/li>\n<\/ul>\n<p>Nadogradite mogu\u0107nosti svog prijenosnog ra\u010dunala s ovom visokokvalitetnom CD jedinicom. Dizajniran je za besprijekornu integraciju s va\u0161im Dell prijenosnim ili stolnim ra\u010dunalom, osiguravaju\u0107i iskustvo bez muke. Jednostavno uklju\u010dite i igrajte kako biste u\u017eivali u prednostima pouzdanog opti\u010dkog pogona.<\/p>\n<p>Imajte na umu da ovaj popis uklju\u010duje prave fotografije Dell Genuine DVD-RW disk pogona C3284-A00 CD pogona. Nema uputa za instalaciju, ali ako imate pitanja ili trebate pomo\u0107, slobodno nam se obratite. Pobolj\u0161ajte funkcionalnost svog prijenosnog ra\u010dunala s ovim originalnim Dell opti\u010dkim pogonom i u\u017eivajte u pogodnostima \u010ditanja i pisanja CD-a i DVD-a.<\/p>\n","protected":false},"excerpt":{"rendered":"<p>Nadogradite mogu\u0107nosti svog prijenosnog ra\u010dunala s Dell originalnim DVD-RW disk pogonom C3284-A00 CD pogonom. Ovaj visokokvalitetni opti\u010dki pogon savr\u0161en je za \u010ditanje i pisanje CD-ova i DVD-ova. To je originalni Dell proizvod, koji osigurava kompatibilnost i pouzdanost s va\u0161im Dell prijenosnim ili osobnim ra\u010dunalom. Bez obzira trebate li gledati filmove, instalirati softver ili stvarati sigurnosne kopije, ovaj CD pogon \u0107e vas pokriti.<\/p>\n","protected":false},"featured_media":20866,"template":"","meta":[],"product_brand":[],"product_cat":[62],"product_tag":[52],"class_list":{"0":"post-20808","1":"product","2":"type-product","3":"status-publish","4":"has-post-thumbnail","6":"product_cat-motherboards-board-parts","7":"product_tag-dell","9":"first","10":"instock","11":"taxable","12":"shipping-taxable","13":"purchasable","14":"product-type-simple"},"_links":{"self":[{"href":"https:\/\/boreait.com\/hr\/wp-json\/wp\/v2\/product\/20808","targetHints":{"allow":["GET"]}}],"collection":[{"href":"https:\/\/boreait.com\/hr\/wp-json\/wp\/v2\/product"}],"about":[{"href":"https:\/\/boreait.com\/hr\/wp-json\/wp\/v2\/types\/product"}],"wp:featuredmedia":[{"embeddable":true,"href":"https:\/\/boreait.com\/hr\/wp-json\/wp\/v2\/media\/20866"}],"wp:attachment":[{"href":"https:\/\/boreait.com\/hr\/wp-json\/wp\/v2\/media?parent=20808"}],"wp:term":[{"taxonomy":"product_brand","embeddable":true,"href":"https:\/\/boreait.com\/hr\/wp-json\/wp\/v2\/product_brand?post=20808"},{"taxonomy":"product_cat","embeddable":true,"href":"https:\/\/boreait.com\/hr\/wp-json\/wp\/v2\/product_cat?post=20808"},{"taxonomy":"product_tag","embeddable":true,"href":"https:\/\/boreait.com\/hr\/wp-json\/wp\/v2\/product_tag?post=20808"}],"curies":[{"name":"wp","href":"https:\/\/api.w.org\/{rel}","templated":true}]}}