{"id":20790,"date":"2025-07-25T11:29:27","date_gmt":"2025-07-25T11:29:27","guid":{"rendered":"https:\/\/boreait.com\/hr\/?post_type=product&#038;p=20790"},"modified":"2025-07-25T11:30:44","modified_gmt":"2025-07-25T11:30:44","slug":"jd104-amzjx000900-oem-dell-straznji-poklopac-lcd-precision-m2300-pp18l","status":"publish","type":"product","link":"https:\/\/boreait.com\/hr\/product\/jd104-amzjx000900-oem-dell-straznji-poklopac-lcd-precision-m2300-pp18l\/","title":{"rendered":"JD104 AMZJX000900 OEM DELL STRA\u017dNJI POKLOPAC LCD PRECISION M2300 PP18L"},"content":{"rendered":"<p>Dajte svom prijenosnom ra\u010dunalu Dell Precision M2300 svje\u017ei izgled uz JD104 AMZJX000900 OEM DELL LCD ZADNJI POKLOPAC. Ovaj autenti\u010dni OEM dio dizajniran je za precizno pristajanje, osiguravaju\u0107i da odgovara izvornoj kvaliteti i izgledu va\u0161eg prijenosnog ra\u010dunala.<\/p>\n<p>Klju\u010dne zna\u010dajke:<\/p>\n<ul>\n<li>Broj dijela: JD104 AMZJX000900<\/li>\n<li>Kompatibilnost: Dell Precision M2300, serija PP18L<\/li>\n<li>Originalni OEM proizvod<\/li>\n<\/ul>\n<p>Ovaj stra\u017enji poklopac LCD-a pouzdan je izbor za popravak o\u0161te\u0107enog poklopca ili pobolj\u0161anje estetike va\u0161eg prijenosnog ra\u010dunala. To\u010dno odgovara va\u0161em Dell Precision M2300, zadr\u017eavaju\u0107i profesionalan i ugla\u0111en izgled kakav va\u0161e prijenosno ra\u010dunalo zaslu\u017euje.<\/p>\n<p>Imajte na umu da ovaj popis uklju\u010duje stvarne fotografije JD104 AMZJX000900 OEM DELL LCD ZADNJEG MASKA. Nema uputa za instalaciju, ali ako imate bilo kakvih pitanja ili trebate dodatne informacije, ne ustru\u010davajte se obratiti. Pobolj\u0161ajte izgled svog prijenosnog ra\u010dunala s ovim OEM Dell dijelom.<\/p>\n","protected":false},"excerpt":{"rendered":"<p>Pobolj\u0161ajte izgled i za\u0161titu svog prijenosnog ra\u010dunala Dell Precision M2300 pomo\u0107u JD104 AMZJX000900 OEM DELL LCD ZADNJEG POKLOPCA. Ovaj originalni OEM dio osigurava savr\u0161eno pristajanje i kvalitetu. Vratite ili nadogradite stra\u017enji poklopac LCD-a prijenosnog ra\u010dunala kako bi izgledao elegantno i profesionalno.<\/p>\n","protected":false},"featured_media":20864,"template":"","meta":[],"product_brand":[],"product_cat":[51],"product_tag":[52],"class_list":{"0":"post-20790","1":"product","2":"type-product","3":"status-publish","4":"has-post-thumbnail","6":"product_cat-laptop-housing","7":"product_tag-dell","9":"first","10":"instock","11":"taxable","12":"shipping-taxable","13":"purchasable","14":"product-type-simple"},"_links":{"self":[{"href":"https:\/\/boreait.com\/hr\/wp-json\/wp\/v2\/product\/20790","targetHints":{"allow":["GET"]}}],"collection":[{"href":"https:\/\/boreait.com\/hr\/wp-json\/wp\/v2\/product"}],"about":[{"href":"https:\/\/boreait.com\/hr\/wp-json\/wp\/v2\/types\/product"}],"wp:featuredmedia":[{"embeddable":true,"href":"https:\/\/boreait.com\/hr\/wp-json\/wp\/v2\/media\/20864"}],"wp:attachment":[{"href":"https:\/\/boreait.com\/hr\/wp-json\/wp\/v2\/media?parent=20790"}],"wp:term":[{"taxonomy":"product_brand","embeddable":true,"href":"https:\/\/boreait.com\/hr\/wp-json\/wp\/v2\/product_brand?post=20790"},{"taxonomy":"product_cat","embeddable":true,"href":"https:\/\/boreait.com\/hr\/wp-json\/wp\/v2\/product_cat?post=20790"},{"taxonomy":"product_tag","embeddable":true,"href":"https:\/\/boreait.com\/hr\/wp-json\/wp\/v2\/product_tag?post=20790"}],"curies":[{"name":"wp","href":"https:\/\/api.w.org\/{rel}","templated":true}]}}