{"id":20783,"date":"2025-07-25T11:29:26","date_gmt":"2025-07-25T11:29:26","guid":{"rendered":"https:\/\/boreait.com\/hr\/?post_type=product&#038;p=20783"},"modified":"2025-07-25T11:30:21","modified_gmt":"2025-07-25T11:30:21","slug":"lenovo-s20-30-20421-donja-baza-originalni-zamjenski-dio","status":"publish","type":"product","link":"https:\/\/boreait.com\/hr\/product\/lenovo-s20-30-20421-donja-baza-originalni-zamjenski-dio\/","title":{"rendered":"Lenovo S20-30 20421 donja baza &#8211; originalni zamjenski dio"},"content":{"rendered":"<p>Donja baza Lenovo S20-30 20421 originalni je zamjenski dio dizajniran da besprijekorno pristaje va\u0161em prijenosnom ra\u010dunalu. Ako donja baza va\u0161eg prijenosnog ra\u010dunala pokazuje znakove istro\u0161enosti ili je o\u0161te\u0107ena, ovaj je zamjenski dio savr\u0161eno rje\u0161enje za vra\u0107anje u prvobitno stanje.<\/p>\n<p>Klju\u010dne zna\u010dajke:<\/p>\n<ul>\n<li>Kompatibilnost: Lenovo S20-30 20421<\/li>\n<li>Originalni Lenovo proizvod<\/li>\n<li>Izdr\u017eljiv i pouzdan<\/li>\n<\/ul>\n<p>Zamjena donje baze jednostavan je postupak za one s iskustvom u popravku i odr\u017eavanju prijenosnih ra\u010dunala. To je idealna opcija za DIY entuzijaste i profesionalce. Ovaj zamjenski dio je izra\u0111en s precizno\u0161\u0107u kako bi se osiguralo da savr\u0161eno pristaje va\u0161em prijenosnom ra\u010dunalu, jam\u010de\u0107i sigurnu i stabilnu donju bazu za va\u0161 ure\u0111aj.<\/p>\n<p>Imajte na umu da ovaj popis uklju\u010duje stvarne fotografije donje baze Lenovo S20-30 20421. Nema uputa za instalaciju, ali ako imate bilo kakvih pitanja ili trebate pomo\u0107 u postupku zamjene, slobodno nas kontaktirajte. Vratite integritet prijenosnog ra\u010dunala s ovim originalnim Lenovo zamjenskim dijelom i u\u017eivajte u prijenosnom ra\u010dunalu koje izgleda i funkcionira kao novo.<\/p>\n","protected":false},"excerpt":{"rendered":"<p>Zamijenite donju bazu prijenosnog ra\u010dunala ovom originalnom donjom bazom Lenovo S20-30 20421. Izra\u0111en za savr\u0161enu kompatibilnost, ovaj zamjenski dio vratit \u0107e va\u0161e prijenosno ra\u010dunalo u izvorno stanje. To je idealno rje\u0161enje ako je va\u0161a trenutna donja baza o\u0161te\u0107ena ili istro\u0161ena.<\/p>\n","protected":false},"featured_media":20843,"template":"","meta":[],"product_brand":[],"product_cat":[51],"product_tag":[61],"class_list":{"0":"post-20783","1":"product","2":"type-product","3":"status-publish","4":"has-post-thumbnail","6":"product_cat-laptop-housing","7":"product_tag-lenovo","9":"first","10":"instock","11":"taxable","12":"shipping-taxable","13":"purchasable","14":"product-type-simple"},"_links":{"self":[{"href":"https:\/\/boreait.com\/hr\/wp-json\/wp\/v2\/product\/20783","targetHints":{"allow":["GET"]}}],"collection":[{"href":"https:\/\/boreait.com\/hr\/wp-json\/wp\/v2\/product"}],"about":[{"href":"https:\/\/boreait.com\/hr\/wp-json\/wp\/v2\/types\/product"}],"wp:featuredmedia":[{"embeddable":true,"href":"https:\/\/boreait.com\/hr\/wp-json\/wp\/v2\/media\/20843"}],"wp:attachment":[{"href":"https:\/\/boreait.com\/hr\/wp-json\/wp\/v2\/media?parent=20783"}],"wp:term":[{"taxonomy":"product_brand","embeddable":true,"href":"https:\/\/boreait.com\/hr\/wp-json\/wp\/v2\/product_brand?post=20783"},{"taxonomy":"product_cat","embeddable":true,"href":"https:\/\/boreait.com\/hr\/wp-json\/wp\/v2\/product_cat?post=20783"},{"taxonomy":"product_tag","embeddable":true,"href":"https:\/\/boreait.com\/hr\/wp-json\/wp\/v2\/product_tag?post=20783"}],"curies":[{"name":"wp","href":"https:\/\/api.w.org\/{rel}","templated":true}]}}