{"id":20761,"date":"2025-07-25T11:29:04","date_gmt":"2025-07-25T11:29:04","guid":{"rendered":"https:\/\/boreait.com\/hr\/?post_type=product&#038;p=20761"},"modified":"2026-01-14T09:01:24","modified_gmt":"2026-01-14T09:01:24","slug":"zamjena-donjeg-poklopca-asus-eee-pc-1025c-gry026s-seashell-dijelovi-za-prijenosno-racunalo","status":"publish","type":"product","link":"https:\/\/boreait.com\/hr\/product\/zamjena-donjeg-poklopca-asus-eee-pc-1025c-gry026s-seashell-dijelovi-za-prijenosno-racunalo\/","title":{"rendered":"Zamjena donjeg poklopca Asus Eee PC 1025c-gry026s Seashell &#8211; dijelovi za prijenosno ra\u010dunalo"},"content":{"rendered":"<p>Je li va\u0161em Asus Eee PC 1025c-gry026s Seashell potrebna zamjena donjeg poklopca? Ne tra\u017eite dalje! Na\u0161 originalni Asus Eee PC Seashell Bottom Cover je tu da udahne novi \u017eivot va\u0161em prijenosnom ra\u010dunalu.<\/p>\n<p>Klju\u010dne zna\u010dajke:<\/p>\n<ul>\n<li>Originalni Asusov donji poklopac: Ovaj zamjenski dio je autenti\u010dni Asusov proizvod, koji osigurava savr\u0161eno pristajanje i kompatibilnost s va\u0161im prijenosnim ra\u010dunalom Asus Eee PC Seashell.<\/li>\n<li>Jednostavna instalacija: Dizajniran za jednostavnu instalaciju, ne morate biti tehni\u010dki stru\u010dnjak da zamijenite donji poklopac prijenosnog ra\u010dunala. To je jednostavan DIY postupak koji vam mo\u017ee u\u0161tedjeti vrijeme i novac.<\/li>\n<li>Za\u0161tita i estetika: donji poklopac ne samo da \u0161titi unutarnje komponente va\u0161eg prijenosnog ra\u010dunala, ve\u0107 tako\u0111er pridonosi njegovom cjelokupnom izgledu i osje\u0107aju. Uz ovu zamjenu, mo\u017eete odr\u017eati optimalno funkcioniranje prijenosnog ra\u010dunala uz zadr\u017eavanje njegova elegantnog izgleda.<\/li>\n<li>Kompatibilnost: Ovaj donji poklopac kompatibilan je s prijenosnim ra\u010dunalima Asus Eee PC Seashell, osiguravaju\u0107i da odgovara va\u0161em ure\u0111aju.<\/li>\n<\/ul>\n<p>Ako ste primijetili istro\u0161enost donjeg poklopca prijenosnog ra\u010dunala ili ga morate zamijeniti iz bilo kojeg razloga, ovaj originalni Asus Eee PC Seashell Bottom Cover je rje\u0161enje. Na\u0161 popis proizvoda uklju\u010duje prave fotografije donjeg poklopca koji \u0107ete dobiti.<\/p>\n<p>Imajte na umu da nema uputa za instalaciju, ali ako imate bilo kakvih pitanja ili trebate pomo\u0107, ne ustru\u010davajte se kontaktirati nas. Dajte svom Asus Eee PC Seashell novi \u017eivot s ovim bitnim zamjenskim dijelom.<\/p>\n","protected":false},"excerpt":{"rendered":"<p>O\u017eivite svoj Asus Eee PC Seashell s ovim originalnim zamjenskim donjim poklopcem. Napravljen da besprijekorno pristaje, ovaj poklopac osigurava udobno i za\u0161titno ku\u0107i\u0161te za vitalne komponente va\u0161eg prijenosnog ra\u010dunala. Precizno izra\u0111en i dizajniran za jednostavnu instalaciju, bitan je dio za vra\u0107anje integriteta va\u0161eg prijenosnog ra\u010dunala.<\/p>\n","protected":false},"featured_media":20823,"template":"","meta":[],"product_brand":[],"product_cat":[51],"product_tag":[65],"class_list":{"0":"post-20761","1":"product","2":"type-product","3":"status-publish","4":"has-post-thumbnail","6":"product_cat-laptop-housing","7":"product_tag-asus","9":"first","10":"instock","11":"taxable","12":"shipping-taxable","13":"purchasable","14":"product-type-simple"},"_links":{"self":[{"href":"https:\/\/boreait.com\/hr\/wp-json\/wp\/v2\/product\/20761","targetHints":{"allow":["GET"]}}],"collection":[{"href":"https:\/\/boreait.com\/hr\/wp-json\/wp\/v2\/product"}],"about":[{"href":"https:\/\/boreait.com\/hr\/wp-json\/wp\/v2\/types\/product"}],"wp:featuredmedia":[{"embeddable":true,"href":"https:\/\/boreait.com\/hr\/wp-json\/wp\/v2\/media\/20823"}],"wp:attachment":[{"href":"https:\/\/boreait.com\/hr\/wp-json\/wp\/v2\/media?parent=20761"}],"wp:term":[{"taxonomy":"product_brand","embeddable":true,"href":"https:\/\/boreait.com\/hr\/wp-json\/wp\/v2\/product_brand?post=20761"},{"taxonomy":"product_cat","embeddable":true,"href":"https:\/\/boreait.com\/hr\/wp-json\/wp\/v2\/product_cat?post=20761"},{"taxonomy":"product_tag","embeddable":true,"href":"https:\/\/boreait.com\/hr\/wp-json\/wp\/v2\/product_tag?post=20761"}],"curies":[{"name":"wp","href":"https:\/\/api.w.org\/{rel}","templated":true}]}}