{"id":20726,"date":"2025-07-25T11:28:42","date_gmt":"2025-07-25T11:28:42","guid":{"rendered":"https:\/\/boreait.com\/hr\/?post_type=product&#038;p=20726"},"modified":"2025-07-25T11:29:21","modified_gmt":"2025-07-25T11:29:21","slug":"originalna-toshiba-bluetooth-kartica-eytfxcs-pa3608u-1btm-originalna-zamjena","status":"publish","type":"product","link":"https:\/\/boreait.com\/hr\/product\/originalna-toshiba-bluetooth-kartica-eytfxcs-pa3608u-1btm-originalna-zamjena\/","title":{"rendered":"Originalna Toshiba BLUETOOTH KARTICA EYTFXCS PA3608U-1BTM &#8211; originalna zamjena"},"content":{"rendered":"<p>Originalna Toshiba BLUETOOTH KARTICA EYTFXCS PA3608U-1BTM je originalna zamjenska kartica dizajnirana za pobolj\u0161anje mogu\u0107nosti povezivanja va\u0161eg prijenosnog ra\u010dunala. Bilo da mijenjate neispravnu Bluetooth karticu ili \u017eelite nadograditi svoje prijenosno ra\u010dunalo, ova Toshiba kartica je savr\u0161en izbor.<\/p>\n<p>Klju\u010dne zna\u010dajke:<\/p>\n<ul>\n<li>Originalna Toshiba zamjena<\/li>\n<li>Pouzdana Bluetooth veza<\/li>\n<li>Model: EYTFXCS PA3608U-1BTM<\/li>\n<\/ul>\n<p>Ova Bluetooth kartica osigurava besprijekorne be\u017ei\u010dne veze, \u0161to olak\u0161ava uparivanje va\u0161eg prijenosnog ra\u010dunala s raznim ure\u0111ajima koji podr\u017eavaju Bluetooth. Od slu\u0161alica i zvu\u010dnika do pametnih telefona i perifernih ure\u0111aja, u\u017eivat \u0107ete u iskustvu bez muke i \u017eica.<\/p>\n<p>Imajte na umu da ovaj popis sadr\u017ei stvarne fotografije proizvoda i da nema uputa za instalaciju. Ako imate pitanja ili trebate dodatne informacije, slobodno nam se obratite. Nadogradite povezivost svog prijenosnog ra\u010dunala s originalnom Toshibinom BLUETOOTH KARTICOM EYTFXCS PA3608U-1BTM i u\u017eivajte u prednostima pouzdane Bluetooth tehnologije.<\/p>\n","protected":false},"excerpt":{"rendered":"<p>Nadogradite svoje prijenosno ra\u010dunalo s originalnom Toshiba BLUETOOTH KARTICOM EYTFXCS PA3608U-1BTM. Ova originalna zamjenska kartica dizajnirana je za pobolj\u0161anje povezivosti va\u0161eg prijenosnog ra\u010dunala. Bilo da trebate zamijeniti neispravnu Bluetooth karticu ili nadograditi svoj sustav, ova Toshiba kartica je savr\u0161eno rje\u0161enje. U\u017eivajte u besprijekornim be\u017ei\u010dnim vezama s ovom visokokvalitetnom komponentom.<\/p>\n","protected":false},"featured_media":20777,"template":"","meta":[],"product_brand":[],"product_cat":[62],"product_tag":[],"class_list":{"0":"post-20726","1":"product","2":"type-product","3":"status-publish","4":"has-post-thumbnail","6":"product_cat-motherboards-board-parts","8":"first","9":"instock","10":"taxable","11":"shipping-taxable","12":"purchasable","13":"product-type-simple"},"_links":{"self":[{"href":"https:\/\/boreait.com\/hr\/wp-json\/wp\/v2\/product\/20726","targetHints":{"allow":["GET"]}}],"collection":[{"href":"https:\/\/boreait.com\/hr\/wp-json\/wp\/v2\/product"}],"about":[{"href":"https:\/\/boreait.com\/hr\/wp-json\/wp\/v2\/types\/product"}],"wp:featuredmedia":[{"embeddable":true,"href":"https:\/\/boreait.com\/hr\/wp-json\/wp\/v2\/media\/20777"}],"wp:attachment":[{"href":"https:\/\/boreait.com\/hr\/wp-json\/wp\/v2\/media?parent=20726"}],"wp:term":[{"taxonomy":"product_brand","embeddable":true,"href":"https:\/\/boreait.com\/hr\/wp-json\/wp\/v2\/product_brand?post=20726"},{"taxonomy":"product_cat","embeddable":true,"href":"https:\/\/boreait.com\/hr\/wp-json\/wp\/v2\/product_cat?post=20726"},{"taxonomy":"product_tag","embeddable":true,"href":"https:\/\/boreait.com\/hr\/wp-json\/wp\/v2\/product_tag?post=20726"}],"curies":[{"name":"wp","href":"https:\/\/api.w.org\/{rel}","templated":true}]}}