{"id":20703,"date":"2025-07-25T11:28:19","date_gmt":"2025-07-25T11:28:19","guid":{"rendered":"https:\/\/boreait.com\/hr\/?post_type=product&#038;p=20703"},"modified":"2025-07-25T11:29:06","modified_gmt":"2025-07-25T11:29:06","slug":"manhattan-pi2009865x2a-serijska-2-ulazna-pci-kartica-ip-n45-5120-00-00012","status":"publish","type":"product","link":"https:\/\/boreait.com\/hr\/product\/manhattan-pi2009865x2a-serijska-2-ulazna-pci-kartica-ip-n45-5120-00-00012\/","title":{"rendered":"MANHATTAN PI2009865X2A serijska 2 ulazna PCI kartica IP-N45-5120-00-00012"},"content":{"rendered":"<p>MANHATTAN PI2009865X2A serijska 2 priklju\u010dna PCI kartica IP-N45-5120-00-00012 rje\u0161enje je koje trebate za pro\u0161irenje povezivosti va\u0161eg sustava. S dva dodatna serijska priklju\u010dka, ova PCI kartica omogu\u0107uje spajanje raznih ure\u0111aja, od serijskih pisa\u010da do modema i vi\u0161e.<\/p>\n<p>Klju\u010dne zna\u010dajke:<\/p>\n<ul>\n<li>Pro\u0161irenje serijskog priklju\u010dka: dodaje dva serijska priklju\u010dka va\u0161em sustavu.<\/li>\n<li>Kompatibilnost: radi s nizom ure\u0111aja i aplikacija.<\/li>\n<li>Jednostavna instalacija: Ova se PCI kartica mo\u017ee lako instalirati u va\u0161 sustav.<\/li>\n<li>MANHATTAN kvaliteta: vjerujte kvaliteti i pouzdanosti MANHATTAN proizvoda.<\/li>\n<\/ul>\n<p>Bilo da trebate povezati naslije\u0111ene ure\u0111aje, upravljati vi\u0161estrukim serijskim vezama ili pobolj\u0161ati mogu\u0107nosti va\u0161eg sustava, ova PCI kartica pru\u017ea svestranost koja vam je potrebna.<\/p>\n<p>Imajte na umu da ovaj popis uklju\u010duje stvarne fotografije MANHATTAN PI2009865X2A serijske 2 portne PCI kartice IP-N45-5120-00-00012 i ne uklju\u010duje upute za instalaciju. Ako imate pitanja ili trebate dodatne informacije, slobodno nas kontaktirajte. Nadogradite povezivost va\u0161eg sustava s MANHATTAN Serial 2 Port PCI karticom i u\u017eivajte u besprijekornim vezama za svoje ure\u0111aje i aplikacije.<\/p>\n","protected":false},"excerpt":{"rendered":"<p>Pobolj\u0161ajte mogu\u0107nosti va\u0161eg sustava s MANHATTAN PI2009865X2A serijskom 2 portnom PCI karticom IP-N45-5120-00-00012. Ova PCI kartica dizajnirana je za pru\u017eanje dva dodatna serijska priklju\u010dka za besprijekorno povezivanje. Idealna za razli\u010dite primjene, ova kartica nudi pouzdane performanse i kompatibilnost s va\u0161im sustavom.<\/p>\n","protected":false},"featured_media":20766,"template":"","meta":[],"product_brand":[],"product_cat":[62],"product_tag":[],"class_list":{"0":"post-20703","1":"product","2":"type-product","3":"status-publish","4":"has-post-thumbnail","6":"product_cat-motherboards-board-parts","8":"first","9":"instock","10":"taxable","11":"shipping-taxable","12":"purchasable","13":"product-type-simple"},"_links":{"self":[{"href":"https:\/\/boreait.com\/hr\/wp-json\/wp\/v2\/product\/20703","targetHints":{"allow":["GET"]}}],"collection":[{"href":"https:\/\/boreait.com\/hr\/wp-json\/wp\/v2\/product"}],"about":[{"href":"https:\/\/boreait.com\/hr\/wp-json\/wp\/v2\/types\/product"}],"wp:featuredmedia":[{"embeddable":true,"href":"https:\/\/boreait.com\/hr\/wp-json\/wp\/v2\/media\/20766"}],"wp:attachment":[{"href":"https:\/\/boreait.com\/hr\/wp-json\/wp\/v2\/media?parent=20703"}],"wp:term":[{"taxonomy":"product_brand","embeddable":true,"href":"https:\/\/boreait.com\/hr\/wp-json\/wp\/v2\/product_brand?post=20703"},{"taxonomy":"product_cat","embeddable":true,"href":"https:\/\/boreait.com\/hr\/wp-json\/wp\/v2\/product_cat?post=20703"},{"taxonomy":"product_tag","embeddable":true,"href":"https:\/\/boreait.com\/hr\/wp-json\/wp\/v2\/product_tag?post=20703"}],"curies":[{"name":"wp","href":"https:\/\/api.w.org\/{rel}","templated":true}]}}