{"id":20690,"date":"2025-07-25T11:28:19","date_gmt":"2025-07-25T11:28:19","guid":{"rendered":"https:\/\/boreait.com\/hr\/?post_type=product&#038;p=20690"},"modified":"2025-07-25T11:28:45","modified_gmt":"2025-07-25T11:28:45","slug":"originalni-lenovo-thinkcentre-m700-m800-56pin-kabel-senzora-temperature-kucista-04x2767","status":"publish","type":"product","link":"https:\/\/boreait.com\/hr\/product\/originalni-lenovo-thinkcentre-m700-m800-56pin-kabel-senzora-temperature-kucista-04x2767\/","title":{"rendered":"Originalni Lenovo ThinkCentre M700 M800 56pin kabel senzora temperature ku\u0107i\u0161ta 04X2767"},"content":{"rendered":"<p>Iskusite bezbri\u017enost i pobolj\u0161ane performanse koje dolazi s originalnim kabelom senzora temperature ku\u0107i\u0161ta s 56 pina Lenovo ThinkCentre M700 M800 (Br. dijela: 04X2767). Ovaj osnovni kabel dizajniran je za besprijekoran rad s va\u0161im stolnim ra\u010dunalom Lenovo ThinkCentre M800, osiguravaju\u0107i da radi na pravoj temperaturi i da nastavi raditi besprijekorno.<\/p>\n<p>Klju\u010dne zna\u010dajke:<\/p>\n<ul>\n<li>Broj dijela: 04X2767<\/li>\n<li>Kompatibilnost: Lenovo ThinkCentre M700 &amp; M800<\/li>\n<li>56-pinski kabel za precizno pra\u0107enje temperature<\/li>\n<li>Spre\u010dava pregrijavanje i osigurava pouzdanost va\u0161e radne povr\u0161ine<\/li>\n<\/ul>\n<p>Ovaj kabel temperaturnog senzora originalna je Lenovo komponenta, proizvedena prema najvi\u0161im standardima i jam\u010di da \u0107e va\u0161e stolno ra\u010dunalo ostati hladno pod velikim radnim optere\u0107enjem ili produ\u017eenom uporabom. To je klju\u010dni dio odr\u017eavanja optimalnih performansi i osiguravanja dugovje\u010dnosti va\u0161eg stolnog ra\u010dunala.<\/p>\n<p>Imajte na umu da ovaj popis uklju\u010duje stvarne fotografije originalnog kabela senzora temperature ku\u0107i\u0161ta Lenovo ThinkCentre M700 M800 56pin (Br. dijela: 04X2767). Nema uputa za instalaciju, ali ako imate bilo kakvih pitanja ili trebate pomo\u0107, ne ustru\u010davajte se obratiti. Ulo\u017eite u ovaj originalni Lenovo kabel i neka va\u0161 ThinkCentre M800 radi u najboljem izdanju.<\/p>\n","protected":false},"excerpt":{"rendered":"<p>Pobolj\u0161ajte svoj Lenovo ThinkCentre M700 &amp; Izvedba i pouzdanost M800 s ovim originalnim kabelom senzora temperature ku\u0107i\u0161ta Lenovo (Br. dijela: 04X2767). Ova bitna komponenta osigurava da va\u0161a radna povr\u0161ina ostane na odgovaraju\u0107oj temperaturi, sprje\u010dava pregrijavanje i odr\u017eava optimalnu izvedbu.<\/p>\n","protected":false},"featured_media":20737,"template":"","meta":[],"product_brand":[],"product_cat":[55],"product_tag":[61],"class_list":{"0":"post-20690","1":"product","2":"type-product","3":"status-publish","4":"has-post-thumbnail","6":"product_cat-cables","7":"product_tag-lenovo","9":"first","10":"instock","11":"taxable","12":"shipping-taxable","13":"purchasable","14":"product-type-simple"},"_links":{"self":[{"href":"https:\/\/boreait.com\/hr\/wp-json\/wp\/v2\/product\/20690","targetHints":{"allow":["GET"]}}],"collection":[{"href":"https:\/\/boreait.com\/hr\/wp-json\/wp\/v2\/product"}],"about":[{"href":"https:\/\/boreait.com\/hr\/wp-json\/wp\/v2\/types\/product"}],"wp:featuredmedia":[{"embeddable":true,"href":"https:\/\/boreait.com\/hr\/wp-json\/wp\/v2\/media\/20737"}],"wp:attachment":[{"href":"https:\/\/boreait.com\/hr\/wp-json\/wp\/v2\/media?parent=20690"}],"wp:term":[{"taxonomy":"product_brand","embeddable":true,"href":"https:\/\/boreait.com\/hr\/wp-json\/wp\/v2\/product_brand?post=20690"},{"taxonomy":"product_cat","embeddable":true,"href":"https:\/\/boreait.com\/hr\/wp-json\/wp\/v2\/product_cat?post=20690"},{"taxonomy":"product_tag","embeddable":true,"href":"https:\/\/boreait.com\/hr\/wp-json\/wp\/v2\/product_tag?post=20690"}],"curies":[{"name":"wp","href":"https:\/\/api.w.org\/{rel}","templated":true}]}}