{"id":20674,"date":"2025-07-25T11:27:57","date_gmt":"2025-07-25T11:27:57","guid":{"rendered":"https:\/\/boreait.com\/hr\/?post_type=product&#038;p=20674"},"modified":"2025-07-25T11:28:44","modified_gmt":"2025-07-25T11:28:44","slug":"lenovo-thinkcentre-cpu-ventilator-hladnjak-00kt156-00kt155-ucinkovito-rjesenje-za-hladenje","status":"publish","type":"product","link":"https:\/\/boreait.com\/hr\/product\/lenovo-thinkcentre-cpu-ventilator-hladnjak-00kt156-00kt155-ucinkovito-rjesenje-za-hladenje\/","title":{"rendered":"Lenovo Thinkcentre CPU ventilator hladnjak 00KT156 00KT155 &#8211; u\u010dinkovito rje\u0161enje za hla\u0111enje!"},"content":{"rendered":"<p>Hladnjak za ventilator CPU-a Lenovo Thinkcentre 00KT156 00KT155 savr\u0161eno je rje\u0161enje za hla\u0111enje koje osigurava da CPU va\u0161eg Lenovo Thinkcentre-a ostane na idealnoj radnoj temperaturi.<\/p>\n<p>Klju\u010dne zna\u010dajke:<\/p>\n<ul>\n<li>Broj dijela: 00KT156 00KT155<\/li>\n<li>Dizajniran za Lenovo Thinkcentre<\/li>\n<li>U\u010dinkovito hla\u0111enje<\/li>\n<\/ul>\n<p>Ovaj ventilatorski rashladni element dizajniran je imaju\u0107i na umu u\u010dinkovitost i pouzdanost. To je originalna Lenovo komponenta koja jam\u010di kompatibilnost i performanse. Pregrijavanje mo\u017ee dovesti do smanjenih performansi sustava i potencijalno o\u0161tetiti vitalne komponente. Uz Lenovo Thinkcentre CPU Fan Heatsink, mo\u017eete biti sigurni da \u0107e va\u0161 sustav raditi glatko.<\/p>\n<p>Imajte na umu da ovaj popis uklju\u010duje stvarne fotografije Lenovo Thinkcentre CPU Fan Heatsink 00KT156 00KT155 i da nema uputa za instalaciju. Ako imate pitanja ili trebate dodatne informacije, slobodno nam se obratite. Neka va\u0161 Lenovo Thinkcentre radi najbolje \u0161to mo\u017eete uz ovo u\u010dinkovito rje\u0161enje za hla\u0111enje.<\/p>\n","protected":false},"excerpt":{"rendered":"<p>Nadogradite rashladni sustav va\u0161eg Lenovo Thinkcentre s Lenovo Thinkcentre CPU Fan Heatsink 00KT156 00KT155. Ovaj pouzdani i u\u010dinkovit hladnjak s ventilatorom dizajniran je za odr\u017eavanje va\u0161eg CPU-a hladnim i odr\u017eavanje optimalnih performansi. Ne dopustite da vas pregrijavanje uspori; investirajte u ovo rashladno rje\u0161enje ve\u0107 danas!<\/p>\n","protected":false},"featured_media":20736,"template":"","meta":[],"product_brand":[],"product_cat":[68],"product_tag":[61],"class_list":{"0":"post-20674","1":"product","2":"type-product","3":"status-publish","4":"has-post-thumbnail","6":"product_cat-cpu-fans-heatsinks","7":"product_tag-lenovo","9":"first","10":"instock","11":"taxable","12":"shipping-taxable","13":"purchasable","14":"product-type-simple"},"_links":{"self":[{"href":"https:\/\/boreait.com\/hr\/wp-json\/wp\/v2\/product\/20674","targetHints":{"allow":["GET"]}}],"collection":[{"href":"https:\/\/boreait.com\/hr\/wp-json\/wp\/v2\/product"}],"about":[{"href":"https:\/\/boreait.com\/hr\/wp-json\/wp\/v2\/types\/product"}],"wp:featuredmedia":[{"embeddable":true,"href":"https:\/\/boreait.com\/hr\/wp-json\/wp\/v2\/media\/20736"}],"wp:attachment":[{"href":"https:\/\/boreait.com\/hr\/wp-json\/wp\/v2\/media?parent=20674"}],"wp:term":[{"taxonomy":"product_brand","embeddable":true,"href":"https:\/\/boreait.com\/hr\/wp-json\/wp\/v2\/product_brand?post=20674"},{"taxonomy":"product_cat","embeddable":true,"href":"https:\/\/boreait.com\/hr\/wp-json\/wp\/v2\/product_cat?post=20674"},{"taxonomy":"product_tag","embeddable":true,"href":"https:\/\/boreait.com\/hr\/wp-json\/wp\/v2\/product_tag?post=20674"}],"curies":[{"name":"wp","href":"https:\/\/api.w.org\/{rel}","templated":true}]}}