{"id":20654,"date":"2025-07-25T11:27:35","date_gmt":"2025-07-25T11:27:35","guid":{"rendered":"https:\/\/boreait.com\/hr\/?post_type=product&#038;p=20654"},"modified":"2025-07-25T11:28:33","modified_gmt":"2025-07-25T11:28:33","slug":"lcd-flex-kabel-lijeva-antena-za-dell-latitude-14-rugged-extreme-dyg01-0grf60-hiaa","status":"publish","type":"product","link":"https:\/\/boreait.com\/hr\/product\/lcd-flex-kabel-lijeva-antena-za-dell-latitude-14-rugged-extreme-dyg01-0grf60-hiaa\/","title":{"rendered":"LCD Flex kabel + lijeva antena za Dell Latitude 14 Rugged Extreme DYG01 0GRF60, HIAA"},"content":{"rendered":"<p>Iskusite vrhunsku povezanost i performanse zaslona s lijevom antenom i LCD Flex kabelom dizajniranim za prijenosna ra\u010dunala Dell Latitude 14 Rugged Extreme. Bez obzira na to imate li problema sa zaslonom ili signalom, ovaj zamjenski kabel va\u0161 je klju\u010d za vra\u0107anje va\u0161eg prijenosnog ra\u010dunala u optimalno stanje.<\/p>\n<p><strong>Kompatibilnost<\/strong>:<\/p>\n<ul>\n<li>Dell Latitude 14 Rugged Extreme DYG01<\/li>\n<li>Dell Latitude 14 Rugged Extreme 0GRF60<\/li>\n<li>Dell Latitude 14 Rugged Extreme HIAA<\/li>\n<\/ul>\n<p><strong>Za\u0161to odabrati na\u0161 kabel za prijenosno ra\u010dunalo<\/strong>:<\/p>\n<ul>\n<li><strong>Vrhunska kvaliteta<\/strong>: Izra\u0111en prema najvi\u0161im standardima, ovaj kabel osigurava pouzdan prijenos podataka i video prikaz, ispunjavaju\u0107i to\u010dne specifikacije va\u0161eg Dell Latitude.<\/li>\n<li><strong>Besprijekorna veza<\/strong>: ovim kabelom vratite izvornu povezanost prijenosnog ra\u010dunala, sprje\u010davaju\u0107i smetnje i odr\u017eavaju\u0107i snagu signala.<\/li>\n<li><strong>Dostava diljem svijeta<\/strong>: Nudimo dostavu u Europu i diljem svijeta, tako da gdje god se nalazili, mo\u017eete imati koristi od na\u0161ih dijelova za prijenosna ra\u010dunala.<\/li>\n<\/ul>\n<p>Imajte na umu da uz kabel nisu prilo\u017eene upute za instalaciju. Ako vam je potrebna dodatna pomo\u0107 ili imate pitanja o kompatibilnosti, instalaciji ili otpremi, ne ustru\u010davajte se kontaktirati nas. Ovdje smo da vam pomognemo da svoj Dell Latitude vratite na vrhunske performanse.<\/p>\n","protected":false},"excerpt":{"rendered":"<p>Zamijenite o\u0161te\u0107ene ili neispravne kabele u svom Dell Latitude 14 Rugged Extreme ovom visokokvalitetnom lijevom antenom i LCD Flex kabelom. Kompatibilan s modelima DYG01, GRF60, HIAA, ova originalna zamjena osigurava besprijekornu vezu izme\u0111u komponenti va\u0161eg prijenosnog ra\u010dunala. Neka va\u0161 Dell Latitude ponovno radi glatko s ovim bitnim dijelom prijenosnog ra\u010dunala.<\/p>\n","protected":false},"featured_media":20713,"template":"","meta":[],"product_brand":[],"product_cat":[55],"product_tag":[52],"class_list":{"0":"post-20654","1":"product","2":"type-product","3":"status-publish","4":"has-post-thumbnail","6":"product_cat-cables","7":"product_tag-dell","9":"first","10":"instock","11":"taxable","12":"shipping-taxable","13":"purchasable","14":"product-type-simple"},"_links":{"self":[{"href":"https:\/\/boreait.com\/hr\/wp-json\/wp\/v2\/product\/20654","targetHints":{"allow":["GET"]}}],"collection":[{"href":"https:\/\/boreait.com\/hr\/wp-json\/wp\/v2\/product"}],"about":[{"href":"https:\/\/boreait.com\/hr\/wp-json\/wp\/v2\/types\/product"}],"wp:featuredmedia":[{"embeddable":true,"href":"https:\/\/boreait.com\/hr\/wp-json\/wp\/v2\/media\/20713"}],"wp:attachment":[{"href":"https:\/\/boreait.com\/hr\/wp-json\/wp\/v2\/media?parent=20654"}],"wp:term":[{"taxonomy":"product_brand","embeddable":true,"href":"https:\/\/boreait.com\/hr\/wp-json\/wp\/v2\/product_brand?post=20654"},{"taxonomy":"product_cat","embeddable":true,"href":"https:\/\/boreait.com\/hr\/wp-json\/wp\/v2\/product_cat?post=20654"},{"taxonomy":"product_tag","embeddable":true,"href":"https:\/\/boreait.com\/hr\/wp-json\/wp\/v2\/product_tag?post=20654"}],"curies":[{"name":"wp","href":"https:\/\/api.w.org\/{rel}","templated":true}]}}