{"id":20651,"date":"2025-07-25T11:27:35","date_gmt":"2025-07-25T11:27:35","guid":{"rendered":"https:\/\/boreait.com\/hr\/?post_type=product&#038;p=20651"},"modified":"2025-07-25T11:28:26","modified_gmt":"2025-07-25T11:28:26","slug":"dell-latitude-14-7404-guma-gornjeg-kuta-zaslona-zamjena-dijelova-prijenosnog-racunala","status":"publish","type":"product","link":"https:\/\/boreait.com\/hr\/product\/dell-latitude-14-7404-guma-gornjeg-kuta-zaslona-zamjena-dijelova-prijenosnog-racunala\/","title":{"rendered":"DELL LATITUDE 14 7404 Guma gornjeg kuta zaslona &#8211; Zamjena dijelova prijenosnog ra\u010dunala"},"content":{"rendered":"<p>Trebate li zamjenski gumeni gornji kut za zaslon va\u0161eg prijenosnog ra\u010dunala DELL LATITUDE 14 7404? Ne tra\u017eite dalje! Na\u0161a gumena zamjena za gornji kut savr\u0161eno je rje\u0161enje da vratite svoje prijenosno ra\u010dunalo u vrhunsku formu.<\/p>\n<p>Ovaj zamjenski dio je posebno dizajniran za prijenosna ra\u010dunala DELL LATITUDE 14 7404, osiguravaju\u0107i savr\u0161eno pristajanje. Izra\u0111en od izdr\u017eljivih materijala, pru\u017ea izvrsnu za\u0161titu za gornje kutove zaslona va\u0161eg prijenosnog ra\u010dunala.<\/p>\n<p>Za\u0161to odabrati na\u0161u zamjenu gume za gornji kut zaslona DELL LATITUDE 14 7404?<\/p>\n<ul>\n<li><strong>Savr\u0161eno pristajanje:<\/strong> Dizajnirano da precizno pristaje va\u0161em prijenosnom ra\u010dunalu DELL LATITUDE 14 7404, osiguravaju\u0107i besprijekornu zamjenu.<\/li>\n<li><strong>Jamstvo kvalitete:<\/strong> Izra\u0111eno od visokokvalitetnih materijala kako bi se osigurala izdr\u017eljivost i dugovje\u010dnost.<\/li>\n<li><strong>Jednostavna zamjena:<\/strong> Dizajnirano za instalaciju bez muke; nema potrebe za anga\u017eiranjem profesionalnog tehni\u010dara.<\/li>\n<li><strong>Dostava diljem svijeta:<\/strong> Nudimo dostavu diljem svijeta, \u0161to je \u010dini prakti\u010dnom za kupce u Europi i \u0161ire.<\/li>\n<li><strong>Fotografije stvarnih proizvoda:<\/strong> Fotografije u ovom popisu stvarne su slike proizvoda koji \u0107ete dobiti, pru\u017eaju\u0107i transparentnost i povjerenje u va\u0161u kupnju.<\/li>\n<\/ul>\n<p>Vratite estetiku i funkcionalnost zaslona va\u0161eg prijenosnog ra\u010dunala DELL LATITUDE 14 7404 s na\u0161om gumenom zamjenom za gornji kut. Kliknite &#8220;Dodaj u ko\u0161aricu&#8221; i otpremite ga izravno na svoju lokaciju. Ako imate pitanja ili trebate dodatnu pomo\u0107, slobodno nam po\u0161aljite poruku. Va\u0161e zadovoljstvo na\u0161 je prioritet!<\/p>\n","protected":false},"excerpt":{"rendered":"<p>Tra\u017eite zamjenu gornje kutne gume za zaslon prijenosnog ra\u010dunala DELL LATITUDE 14 7404? Pokrili smo vas ovim visokokvalitetnim zamjenskim dijelom.<\/p>\n","protected":false},"featured_media":20709,"template":"","meta":[],"product_brand":[],"product_cat":[51],"product_tag":[52],"class_list":{"0":"post-20651","1":"product","2":"type-product","3":"status-publish","4":"has-post-thumbnail","6":"product_cat-laptop-housing","7":"product_tag-dell","9":"first","10":"instock","11":"taxable","12":"shipping-taxable","13":"purchasable","14":"product-type-simple"},"_links":{"self":[{"href":"https:\/\/boreait.com\/hr\/wp-json\/wp\/v2\/product\/20651","targetHints":{"allow":["GET"]}}],"collection":[{"href":"https:\/\/boreait.com\/hr\/wp-json\/wp\/v2\/product"}],"about":[{"href":"https:\/\/boreait.com\/hr\/wp-json\/wp\/v2\/types\/product"}],"wp:featuredmedia":[{"embeddable":true,"href":"https:\/\/boreait.com\/hr\/wp-json\/wp\/v2\/media\/20709"}],"wp:attachment":[{"href":"https:\/\/boreait.com\/hr\/wp-json\/wp\/v2\/media?parent=20651"}],"wp:term":[{"taxonomy":"product_brand","embeddable":true,"href":"https:\/\/boreait.com\/hr\/wp-json\/wp\/v2\/product_brand?post=20651"},{"taxonomy":"product_cat","embeddable":true,"href":"https:\/\/boreait.com\/hr\/wp-json\/wp\/v2\/product_cat?post=20651"},{"taxonomy":"product_tag","embeddable":true,"href":"https:\/\/boreait.com\/hr\/wp-json\/wp\/v2\/product_tag?post=20651"}],"curies":[{"name":"wp","href":"https:\/\/api.w.org\/{rel}","templated":true}]}}