{"id":20625,"date":"2025-07-25T11:27:12","date_gmt":"2025-07-25T11:27:12","guid":{"rendered":"https:\/\/boreait.com\/hr\/?post_type=product&#038;p=20625"},"modified":"2026-01-12T09:23:14","modified_gmt":"2026-01-12T09:23:14","slug":"ploca-za-web-kameru-za-dell-latitude-e5550-e5450-e3340-e7250-e7450-fhkk7-0fhkk7-3","status":"publish","type":"product","link":"https:\/\/boreait.com\/hr\/product\/ploca-za-web-kameru-za-dell-latitude-e5550-e5450-e3340-e7250-e7450-fhkk7-0fhkk7-3\/","title":{"rendered":"Plo\u010da za web kameru za Dell Latitude E5550 E5450 E3340 E7250 E7450 FHKK7 0FHKK7"},"content":{"rendered":"<p>Nadogradite svoje prijenosno ra\u010dunalo Dell Latitude E5550, E5450, E3340, E7250 ili E7450 ovom autenti\u010dnom zamjenskom plo\u010dom za web kameru. U\u017eivajte u kristalno \u010distim videopozivima, virtualnim sastancima i videosnimkama, sve u visokoj razlu\u010divosti.<\/p>\n<p>Klju\u010dne zna\u010dajke:<\/p>\n<p>&#8211; Kompatibilnost: Ova plo\u010da za web-kameru dizajnirana je da savr\u0161eno odgovara modelima Dell Latitude, uklju\u010duju\u0107i E5550, E5450, E3340, E7250 i E7450.<\/p>\n<p>&#8211; Prava kvaliteta: Na\u0161i zamjenski dijelovi izra\u0111eni su od visokokvalitetnih materijala kako bi se osigurala izdr\u017eljivost i vrhunska izvedba.<\/p>\n<p>&#8211; Kvaliteta videa: Do\u017eivite o\u0161tar i jasan video, idealan za radne sastanke, virtualne te\u010dajeve i odr\u017eavanje veze s prijateljima i obitelji.<\/p>\n<p>&#8211; Prakti\u010dna nadogradnja: Pobolj\u0161ajte mogu\u0107nosti svog prijenosnog ra\u010dunala i ostanite produktivni s ovom zamjenskom plo\u010dom web kamere.<\/p>\n<p>Nadogradite svoje prijenosno ra\u010dunalo Dell Latitude s povjerenjem, znaju\u0107i da koristite originalne dijelove prijenosnog ra\u010dunala. U\u017eivajte u visokokvalitetnom videu i ostanite povezani s lako\u0107om.<\/p>\n<p>Imajte na umu da su slike proizvoda na na\u0161em popisu stvarne fotografije stvarnih dijelova koje \u0107ete dobiti, \u010dime se osigurava transparentnost i povjerenje na\u0161ih kupaca. Ako imate bilo kakvih pitanja ili trebate pomo\u0107 pri instalaciji, slobodno nas kontaktirajte i rado \u0107emo vam pomo\u0107i.<\/p>\n","protected":false},"excerpt":{"rendered":"<p>Pobolj\u0161ajte funkcionalnost svog prijenosnog ra\u010dunala Dell Latitude s ovom originalnom zamjenom plo\u010de web kamere za modele E5550, E5450, E3340, E7250 i E7450. Osigurajte jasne video pozive i konferencijske sastanke. Jednostavna instalacija \u010dini ovaj dio prijenosnog ra\u010dunala prakti\u010dnom nadogradnjom.<\/p>\n","protected":false},"featured_media":20684,"template":"","meta":[],"product_brand":[],"product_cat":[62],"product_tag":[52],"class_list":{"0":"post-20625","1":"product","2":"type-product","3":"status-publish","4":"has-post-thumbnail","6":"product_cat-motherboards-board-parts","7":"product_tag-dell","9":"first","10":"instock","11":"taxable","12":"shipping-taxable","13":"purchasable","14":"product-type-simple"},"_links":{"self":[{"href":"https:\/\/boreait.com\/hr\/wp-json\/wp\/v2\/product\/20625","targetHints":{"allow":["GET"]}}],"collection":[{"href":"https:\/\/boreait.com\/hr\/wp-json\/wp\/v2\/product"}],"about":[{"href":"https:\/\/boreait.com\/hr\/wp-json\/wp\/v2\/types\/product"}],"wp:featuredmedia":[{"embeddable":true,"href":"https:\/\/boreait.com\/hr\/wp-json\/wp\/v2\/media\/20684"}],"wp:attachment":[{"href":"https:\/\/boreait.com\/hr\/wp-json\/wp\/v2\/media?parent=20625"}],"wp:term":[{"taxonomy":"product_brand","embeddable":true,"href":"https:\/\/boreait.com\/hr\/wp-json\/wp\/v2\/product_brand?post=20625"},{"taxonomy":"product_cat","embeddable":true,"href":"https:\/\/boreait.com\/hr\/wp-json\/wp\/v2\/product_cat?post=20625"},{"taxonomy":"product_tag","embeddable":true,"href":"https:\/\/boreait.com\/hr\/wp-json\/wp\/v2\/product_tag?post=20625"}],"curies":[{"name":"wp","href":"https:\/\/api.w.org\/{rel}","templated":true}]}}