{"id":20622,"date":"2025-07-25T11:27:12","date_gmt":"2025-07-25T11:27:12","guid":{"rendered":"https:\/\/boreait.com\/hr\/?post_type=product&#038;p=20622"},"modified":"2026-01-14T08:38:31","modified_gmt":"2026-01-14T08:38:31","slug":"dell-latitude-5404-7404-rugged-express-citac-kartica-fn7t6-0fn7t6-originalni-dijelovi-za-prijenosna-racunala","status":"publish","type":"product","link":"https:\/\/boreait.com\/hr\/product\/dell-latitude-5404-7404-rugged-express-citac-kartica-fn7t6-0fn7t6-originalni-dijelovi-za-prijenosna-racunala\/","title":{"rendered":"Dell Latitude 5404 7404 Rugged Express \u010dita\u010d kartica FN7T6 0FN7T6 &#8211; originalni dijelovi za prijenosna ra\u010dunala"},"content":{"rendered":"<p>Pobolj\u0161ajte funkcionalnost svog prijenosnog ra\u010dunala Dell Latitude 5404 ili 7404 Rugged s originalnom zamjenom za Express Card Reader FN7T6 0FN7T6. Dizajniran kako bi savr\u0161eno odgovarao va\u0161em robusnom prijenosnom ra\u010dunalu, ovaj visokokvalitetni \u010dita\u010d kartica osigurava jednostavnu instalaciju i besprijekoran proces nadogradnje. Ne radi li va\u0161 trenutni \u010dita\u010d kartica ili \u017eelite pro\u0161iriti mogu\u0107nosti prijenosnog ra\u010dunala, ova je komponenta savr\u0161eno rje\u0161enje.<\/p>\n<p>**Klju\u010dne zna\u010dajke:**<\/p>\n<p>&#8211; Kompatibilnost: Skrojeno za prijenosna ra\u010dunala Dell Latitude 5404 i 7404 Rugged, jam\u010di sigurno i precizno pristajanje.<\/p>\n<p>&#8211; Prava kvaliteta: Izra\u0111en od materijala vrhunske kvalitete kako bi se osigurala izdr\u017eljivost, dugovje\u010dnost i pouzdan prijenos podataka.<\/p>\n<p>&#8211; Pro\u0161irite svoje mogu\u0107nosti: Express \u010dita\u010d kartica omogu\u0107uje vam jednostavno dodavanje novih funkcija va\u0161em robusnom prijenosnom ra\u010dunalu, \u010dine\u0107i ga jo\u0161 svestranijim.<\/p>\n<p>&#8211; Neka va\u0161e prijenosno ra\u010dunalo radi: osigurajte da va\u0161e prijenosno ra\u010dunalo Dell Latitude Rugged nastavi raditi najbolje nadogradnjom originalnim dijelovima prijenosnog ra\u010dunala.<\/p>\n<p>Kada naru\u010dite od nas, mo\u017eete vjerovati da su slike proizvoda na na\u0161em popisu stvarne fotografije dijelova koje \u0107ete dobiti. Prioritet nam je transparentnost i zadovoljstvo kupaca. Ako imate bilo kakvih pitanja ili vam je potrebna pomo\u0107 s instalacijom, slobodno nas kontaktirajte. Ovdje smo da pomognemo.<\/p>\n","protected":false},"excerpt":{"rendered":"<p>Nadogradite ili zamijenite Express Card Reader na va\u0161em prijenosnom ra\u010dunalu Dell Latitude 5404 ili 7404 Rugged ovim originalnim dijelom za prijenosno ra\u010dunalo. U\u017eivajte u pobolj\u0161anom prijenosu podataka i pro\u0161irite mogu\u0107nosti svog prijenosnog ra\u010dunala. Ovaj visokokvalitetni \u010dita\u010d kartica jednostavan je za instalaciju, osiguravaju\u0107i besprijekornu nadogradnju. Naru\u010dite sada kako bi va\u0161e robusno prijenosno ra\u010dunalo radilo najbolje.<\/p>\n","protected":false},"featured_media":20681,"template":"","meta":[],"product_brand":[],"product_cat":[62],"product_tag":[52],"class_list":{"0":"post-20622","1":"product","2":"type-product","3":"status-publish","4":"has-post-thumbnail","6":"product_cat-motherboards-board-parts","7":"product_tag-dell","9":"first","10":"instock","11":"taxable","12":"shipping-taxable","13":"purchasable","14":"product-type-simple"},"_links":{"self":[{"href":"https:\/\/boreait.com\/hr\/wp-json\/wp\/v2\/product\/20622","targetHints":{"allow":["GET"]}}],"collection":[{"href":"https:\/\/boreait.com\/hr\/wp-json\/wp\/v2\/product"}],"about":[{"href":"https:\/\/boreait.com\/hr\/wp-json\/wp\/v2\/types\/product"}],"wp:featuredmedia":[{"embeddable":true,"href":"https:\/\/boreait.com\/hr\/wp-json\/wp\/v2\/media\/20681"}],"wp:attachment":[{"href":"https:\/\/boreait.com\/hr\/wp-json\/wp\/v2\/media?parent=20622"}],"wp:term":[{"taxonomy":"product_brand","embeddable":true,"href":"https:\/\/boreait.com\/hr\/wp-json\/wp\/v2\/product_brand?post=20622"},{"taxonomy":"product_cat","embeddable":true,"href":"https:\/\/boreait.com\/hr\/wp-json\/wp\/v2\/product_cat?post=20622"},{"taxonomy":"product_tag","embeddable":true,"href":"https:\/\/boreait.com\/hr\/wp-json\/wp\/v2\/product_tag?post=20622"}],"curies":[{"name":"wp","href":"https:\/\/api.w.org\/{rel}","templated":true}]}}