{"id":20603,"date":"2025-07-25T11:26:50","date_gmt":"2025-07-25T11:26:50","guid":{"rendered":"https:\/\/boreait.com\/hr\/?post_type=product&#038;p=20603"},"modified":"2026-01-14T08:38:16","modified_gmt":"2026-01-14T08:38:16","slug":"macbook-pro-a1502-sredinom-2014-cpu-ventilator-i-hladnjak-originalni-dijelovi-za-prijenosna-racunala","status":"publish","type":"product","link":"https:\/\/boreait.com\/hr\/product\/macbook-pro-a1502-sredinom-2014-cpu-ventilator-i-hladnjak-originalni-dijelovi-za-prijenosna-racunala\/","title":{"rendered":"MacBook Pro A1502 sredinom 2014. CPU ventilator i hladnjak &#8211; originalni dijelovi za prijenosna ra\u010dunala"},"content":{"rendered":"<p>Odr\u017eite performanse i temperaturu svog MacBook Pro A1502 sredinom 2014. s ovim autenti\u010dnim ventilatorom za hla\u0111enje procesora &amp; Zamjena hladnjaka. Ako va\u0161e prijenosno ra\u010dunalo ima problema s pregrijavanjem ili \u017eelite optimizirati njegov sustav hla\u0111enja, ova je komponenta savr\u0161eno rje\u0161enje. Brojevi dijelova: D4V502 2063HF GJVAD D1750530199FQ5LCG<\/p>\n<p><strong>Klju\u010dne zna\u010dajke:<\/strong><\/p>\n<p>&#8211; Kompatibilnost: Dizajnirano da to\u010dno odgovara modelu MacBook Pro A1502 iz sredine 2014., osiguravaju\u0107i besprijekornu instalaciju.<\/p>\n<p>&#8211; Prava kvaliteta: ovaj ventilator za hla\u0111enje procesora &amp; Hladnjak je izra\u0111en od materijala vrhunske kvalitete kako bi omogu\u0107io u\u010dinkovito hla\u0111enje i produ\u017eio \u017eivotni vijek va\u0161eg prijenosnog ra\u010dunala.<\/p>\n<p>&#8211; Jednostavna instalacija: Za zamjenu ventilatora za hla\u0111enje procesora i hladnjaka nisu potrebne napredne tehni\u010dke vje\u0161tine.<\/p>\n<p>&#8211; Sprje\u010davanje pregrijavanja: pregrijavanje mo\u017ee dovesti do problema s performansama i mogu\u0107eg o\u0161te\u0107enja hardvera. Zamjena ventilatora za hla\u0111enje procesora i hladnjaka poma\u017ee u odr\u017eavanju stabilne temperature.<\/p>\n<p>&#8211; Pobolj\u0161ana izvedba: dobro hla\u0111en CPU osigurava optimalnu izvedbu, \u010dine\u0107i vi\u0161ezada\u0107nost i zadatke koji zahtijevaju mnogo resursa lak\u0161im.<\/p>\n<p>Nadogradite ili popravite svoj MacBook Pro s povjerenjem, znaju\u0107i da koristite originalne dijelove prijenosnog ra\u010dunala dizajnirane posebno za va\u0161 model. Neka va\u0161e prijenosno ra\u010dunalo radi hladno i radi u najboljem izdanju s ovim MacBook Pro A1502 sredinom 2014. CPU ventilatorom za hla\u0111enje &amp; Zamjena hladnjaka.<\/p>\n<p>Imajte na umu da su slike proizvoda na na\u0161em popisu stvarne fotografije stvarnih dijelova koje \u0107ete dobiti, \u010dime se osigurava transparentnost i povjerenje na\u0161ih kupaca. Ako imate bilo kakvih pitanja ili trebate pomo\u0107 pri instalaciji, slobodno nas kontaktirajte i rado \u0107emo vam pomo\u0107i.<\/p>\n","protected":false},"excerpt":{"rendered":"<p>Zamijenite svoj MacBook Pro A1502 CPU ventilator i rashladni element ovim originalnim dijelom za prijenosno ra\u010dunalo. Sprije\u010dite pregrijavanje i osigurajte optimalne performanse s ovim visokokvalitetnim rashladnim rje\u0161enjem. Jednostavna instalacija \u010dini popravak ili nadogradnju bez muke. Neka va\u0161 MacBook Pro radi mirno i glatko ve\u0107 danas.<\/p>\n","protected":false},"featured_media":20676,"template":"","meta":[],"product_brand":[],"product_cat":[68],"product_tag":[86],"class_list":{"0":"post-20603","1":"product","2":"type-product","3":"status-publish","4":"has-post-thumbnail","6":"product_cat-cpu-fans-heatsinks","7":"product_tag-apple","9":"first","10":"instock","11":"taxable","12":"shipping-taxable","13":"purchasable","14":"product-type-simple"},"_links":{"self":[{"href":"https:\/\/boreait.com\/hr\/wp-json\/wp\/v2\/product\/20603","targetHints":{"allow":["GET"]}}],"collection":[{"href":"https:\/\/boreait.com\/hr\/wp-json\/wp\/v2\/product"}],"about":[{"href":"https:\/\/boreait.com\/hr\/wp-json\/wp\/v2\/types\/product"}],"wp:featuredmedia":[{"embeddable":true,"href":"https:\/\/boreait.com\/hr\/wp-json\/wp\/v2\/media\/20676"}],"wp:attachment":[{"href":"https:\/\/boreait.com\/hr\/wp-json\/wp\/v2\/media?parent=20603"}],"wp:term":[{"taxonomy":"product_brand","embeddable":true,"href":"https:\/\/boreait.com\/hr\/wp-json\/wp\/v2\/product_brand?post=20603"},{"taxonomy":"product_cat","embeddable":true,"href":"https:\/\/boreait.com\/hr\/wp-json\/wp\/v2\/product_cat?post=20603"},{"taxonomy":"product_tag","embeddable":true,"href":"https:\/\/boreait.com\/hr\/wp-json\/wp\/v2\/product_tag?post=20603"}],"curies":[{"name":"wp","href":"https:\/\/api.w.org\/{rel}","templated":true}]}}