{"id":20601,"date":"2025-07-25T11:26:50","date_gmt":"2025-07-25T11:26:50","guid":{"rendered":"https:\/\/boreait.com\/hr\/?post_type=product&#038;p=20601"},"modified":"2025-07-25T11:27:55","modified_gmt":"2025-07-25T11:27:55","slug":"retina-13-inca-sredina-2014-a1502-usb-hdmi-sdxc-kartica-nadogradite-svoje-povezivanje","status":"publish","type":"product","link":"https:\/\/boreait.com\/hr\/product\/retina-13-inca-sredina-2014-a1502-usb-hdmi-sdxc-kartica-nadogradite-svoje-povezivanje\/","title":{"rendered":"Retina, 13 in\u010da, sredina 2014. A1502 USB HDMI SDXC kartica &#8211; Nadogradite svoje povezivanje"},"content":{"rendered":"<p>Otklju\u010dajte pobolj\u0161anu povezanost i pro\u0161irite mogu\u0107nosti svog MacBook Proa s MacBook Pro Retina 13 A1502 USB HDMI SDXC karticom iz sredine 2014. Ovaj kompaktni i svestrani dodatak dizajniran je za besprijekornu integraciju s va\u0161im prijenosnim ra\u010dunalom, pru\u017eaju\u0107i vam dodatne priklju\u010dke i zna\u010dajke koje \u0107e va\u0161e iskustvo rada na ra\u010dunalu u\u010diniti jo\u0161 prakti\u010dnijim i u\u010dinkovitijim. BROJEVI DIJELA: NYKS NM19 01ST 94V-0 04B CO250252005HFCTD16 PGN IQ\/BASSY<\/p>\n<p>Klju\u010dne zna\u010dajke:<\/p>\n<p>&#8211; Kompatibilnost: Posebno dizajnirano za MacBook Pro Retina 13 A1502 sredinom 2014., osiguravaju\u0107i savr\u0161eno pristajanje.<\/p>\n<p>&#8211; Pro\u0161irenje s vi\u0161e priklju\u010daka: ova kartica nudi priklju\u010dke za USB, HDMI i SDXC \u010dita\u010d kartica, \u0161to vam omogu\u0107uje povezivanje \u0161irokog raspona ure\u0111aja i perifernih ure\u0111aja.<\/p>\n<p>&#8211; Pobolj\u0161ana produktivnost: jednostavno pove\u017eite vanjske zaslone, prenesite podatke ili pristupite svojim SDXC karticama bez muke.<\/p>\n<p>&#8211; Plug-and-Play: Instalacija je laka \u2013 jednostavno umetnite karticu u utor na MacBook Pro ure\u0111aju i spremni ste za rad.<\/p>\n<p>&#8211; Kompaktan i prenosiv: kompaktni dizajn kartice zna\u010di da je mo\u017eete ponijeti sa sobom kamo god idete, osiguravaju\u0107i da uvijek imate potrebnu povezanost.<\/p>\n<p>Nadogradite svoj MacBook Pro Retina 13 A1502 iz 2014. i u\u017eivajte u pogodnostima dodanih priklju\u010daka i zna\u010dajki. Bilo da trebate spojiti vanjske zaslone, prenijeti podatke ili pristupiti SDXC karticama, ova USB HDMI SDXC kartica je savr\u0161eno rje\u0161enje.<\/p>\n<p>Imajte na umu da su slike proizvoda na na\u0161em popisu stvarne fotografije stvarnog proizvoda koji \u0107ete dobiti, \u010dime se osigurava transparentnost i povjerenje na\u0161ih kupaca. Ako imate bilo kakvih pitanja ili trebate pomo\u0107 pri instalaciji, slobodno nas kontaktirajte i rado \u0107emo vam pomo\u0107i.<\/p>\n","protected":false},"excerpt":{"rendered":"<p>Pobolj\u0161ajte svoj MacBook Pro Retina 13 A1502 iz sredine 2014. ovom USB HDMI SDXC karticom. U\u017eivajte u pobolj\u0161anoj povezivosti i svestranosti s ovim bitnim dodatkom za prijenosno ra\u010dunalo. Jednostavna instalacija zna\u010di da \u0107ete brzo po\u010deti s radom. Nadogradite svoj MacBook Pro sada!<\/p>\n","protected":false},"featured_media":20666,"template":"","meta":[],"product_brand":[],"product_cat":[62],"product_tag":[86],"class_list":{"0":"post-20601","1":"product","2":"type-product","3":"status-publish","4":"has-post-thumbnail","6":"product_cat-motherboards-board-parts","7":"product_tag-apple","9":"first","10":"instock","11":"taxable","12":"shipping-taxable","13":"purchasable","14":"product-type-simple"},"_links":{"self":[{"href":"https:\/\/boreait.com\/hr\/wp-json\/wp\/v2\/product\/20601","targetHints":{"allow":["GET"]}}],"collection":[{"href":"https:\/\/boreait.com\/hr\/wp-json\/wp\/v2\/product"}],"about":[{"href":"https:\/\/boreait.com\/hr\/wp-json\/wp\/v2\/types\/product"}],"wp:featuredmedia":[{"embeddable":true,"href":"https:\/\/boreait.com\/hr\/wp-json\/wp\/v2\/media\/20666"}],"wp:attachment":[{"href":"https:\/\/boreait.com\/hr\/wp-json\/wp\/v2\/media?parent=20601"}],"wp:term":[{"taxonomy":"product_brand","embeddable":true,"href":"https:\/\/boreait.com\/hr\/wp-json\/wp\/v2\/product_brand?post=20601"},{"taxonomy":"product_cat","embeddable":true,"href":"https:\/\/boreait.com\/hr\/wp-json\/wp\/v2\/product_cat?post=20601"},{"taxonomy":"product_tag","embeddable":true,"href":"https:\/\/boreait.com\/hr\/wp-json\/wp\/v2\/product_tag?post=20601"}],"curies":[{"name":"wp","href":"https:\/\/api.w.org\/{rel}","templated":true}]}}