{"id":20575,"date":"2025-07-25T11:26:28","date_gmt":"2025-07-25T11:26:28","guid":{"rendered":"https:\/\/boreait.com\/hr\/?post_type=product&#038;p=20575"},"modified":"2025-07-25T11:27:24","modified_gmt":"2025-07-25T11:27:24","slug":"fujitsu-amilo-pro-v2055-talijanski-raspored-tipkovnice-k022429b1-xx","status":"publish","type":"product","link":"https:\/\/boreait.com\/hr\/product\/fujitsu-amilo-pro-v2055-talijanski-raspored-tipkovnice-k022429b1-xx\/","title":{"rendered":"Fujitsu Amilo Pro V2055 Talijanski raspored tipkovnice K022429B1-XX"},"content":{"rendered":"<p>Unaprijedite svoje iskustvo tipkanja s tipkovnicom Fujitsu Amilo Pro V2055, koja ima talijanski (IT) raspored (Broj dijela: K022429B1-XX). Dizajnirana kako bi pobolj\u0161ala va\u0161u udobnost i produktivnost pri radu s ra\u010dunalom, ova originalna tipkovnica nudi besprijekorno iskustvo tipkanja svojim ergonomskim dizajnom i pouzdanim performansama. Ista tipkovnica kao na slici u popisu!<\/p>\n<p>Proizveden od strane Fujitsua, pouzdanog imena u ra\u010dunalnoj tehnologiji, ova britanska tipkovnica s rasporedom dizajnirana je za besprijekornu integraciju s va\u0161im prijenosnim ra\u010dunalom Amilo Pro V2055. Dizajniran je da zadovolji rigorozne standarde kvalitete koje je postavio Fujitsu, osiguravaju\u0107i izdr\u017eljivost i dugotrajnu izvedbu.<\/p>\n<p>Instalacija je jednostavna, zahvaljuju\u0107i plug-and-play dizajnu koji je savr\u0161eno uskla\u0111en s originalnim komponentama va\u0161eg prijenosnog ra\u010dunala. Odabirom autenti\u010dnih Fujitsu dijelova ula\u017eete u kvalitetu i pouzdanost tipkovnice va\u0161eg prijenosnog ra\u010dunala.<\/p>\n<p>Nadogradite svoje iskustvo tipkanja s tipkovnicom Fujitsu Amilo Pro V2055, UK Layout (Broj dijela: K022429B1-XX). U\u017eivajte u udobnom i u\u010dinkovitom tipkanju prilago\u0111enom va\u0161im \u017eeljama na prijenosnom ra\u010dunalu Amilo Pro V2055. Pove\u0107ajte svoju produktivnost s ovom pouzdanom i u\u010dinkovitom tipkovnicom.<\/p>\n<p>Prije kupnje provjerite kompatibilnost s odre\u0111enim modelom prijenosnog ra\u010dunala.<\/p>\n","protected":false},"excerpt":{"rendered":"<p>Pobolj\u0161ajte udobnost tipkanja i produktivnost na svom prijenosnom ra\u010dunalu Amilo Pro V2055 s tipkovnicom Fujitsu Amilo Pro V2055, talijanskim rasporedom (Broj dijela: K022429B1-XX). U\u017eivajte u u\u010dinkovitom tipkanju prilago\u0111enom preferencijama Ujedinjenog Kraljevstva.<\/p>\n","protected":false},"featured_media":20636,"template":"","meta":[],"product_brand":[],"product_cat":[70],"product_tag":[63],"class_list":{"0":"post-20575","1":"product","2":"type-product","3":"status-publish","4":"has-post-thumbnail","6":"product_cat-laptop-keyboard","7":"product_tag-fujitsu","9":"first","10":"instock","11":"taxable","12":"shipping-taxable","13":"purchasable","14":"product-type-simple"},"_links":{"self":[{"href":"https:\/\/boreait.com\/hr\/wp-json\/wp\/v2\/product\/20575","targetHints":{"allow":["GET"]}}],"collection":[{"href":"https:\/\/boreait.com\/hr\/wp-json\/wp\/v2\/product"}],"about":[{"href":"https:\/\/boreait.com\/hr\/wp-json\/wp\/v2\/types\/product"}],"wp:featuredmedia":[{"embeddable":true,"href":"https:\/\/boreait.com\/hr\/wp-json\/wp\/v2\/media\/20636"}],"wp:attachment":[{"href":"https:\/\/boreait.com\/hr\/wp-json\/wp\/v2\/media?parent=20575"}],"wp:term":[{"taxonomy":"product_brand","embeddable":true,"href":"https:\/\/boreait.com\/hr\/wp-json\/wp\/v2\/product_brand?post=20575"},{"taxonomy":"product_cat","embeddable":true,"href":"https:\/\/boreait.com\/hr\/wp-json\/wp\/v2\/product_cat?post=20575"},{"taxonomy":"product_tag","embeddable":true,"href":"https:\/\/boreait.com\/hr\/wp-json\/wp\/v2\/product_tag?post=20575"}],"curies":[{"name":"wp","href":"https:\/\/api.w.org\/{rel}","templated":true}]}}