{"id":20573,"date":"2025-07-25T11:26:28","date_gmt":"2025-07-25T11:26:28","guid":{"rendered":"https:\/\/boreait.com\/hr\/?post_type=product&#038;p=20573"},"modified":"2026-01-12T07:25:38","modified_gmt":"2026-01-12T07:25:38","slug":"fujitsu-siemens-amilo-pro-v2030d-gornji-poklopac-s-gumbom-za-napajanje","status":"publish","type":"product","link":"https:\/\/boreait.com\/hr\/product\/fujitsu-siemens-amilo-pro-v2030d-gornji-poklopac-s-gumbom-za-napajanje\/","title":{"rendered":"Fujitsu Siemens AMILO Pro V2030D gornji poklopac s gumbom za napajanje"},"content":{"rendered":"<p>Pobolj\u0161ajte izgled i za\u0161titu svog prijenosnog ra\u010dunala Fujitsu Siemens AMILO Pro V2030D s gornjim poklopcem Fujitsu Siemens AMILO Pro V2030D s gumbom za napajanje. Izra\u0111en da pru\u017ei pobolj\u0161ano iskustvo prijenosnog ra\u010dunala, ovaj originalni gornji poklopac je dizajniran da besprijekorno pristaje, nude\u0107i i estetsku privla\u010dnost i izdr\u017eljivost.<\/p>\n<p>Proizveden od strane Fujitsu Siemensa, pouzdanog imena u ra\u010dunalnoj tehnologiji, gornji poklopac AMILO Pro V2030D osigurava savr\u0161eno pristajanje va\u0161em prijenosnom ra\u010dunalu. Kao bitna komponenta, ova maska ne samo da \u0161titi unutra\u0161njost va\u0161eg prijenosnog ra\u010dunala od pra\u0161ine i krhotina, ve\u0107 i pobolj\u0161ava njegovu vizualnu privla\u010dnost.<\/p>\n<p>Bez obzira jeste li profesionalac koji cijeni elegantan i dobro odr\u017eavan izgled prijenosnog ra\u010dunala ili korisnik koji \u017eeli za\u0161tititi svoj ure\u0111aj, ovaj gornji poklopac nudi za\u0161titu i stil koji vam je potreban. Njegov precizan dizajn odgovara originalnoj navlaci, osiguravaju\u0107i dobro pristajanje.<\/p>\n<p>Instalacija je jednostavna zahvaljuju\u0107i OEM dizajnu koji je uskla\u0111en s originalnim komponentama va\u0161eg prijenosnog ra\u010dunala.\u00a0 Odabirom autenti\u010dnih Fujitsu Siemens dijelova ula\u017eete u kvalitetu, estetiku i pouzdanost izgleda i za\u0161tite va\u0161eg prijenosnog ra\u010dunala.<\/p>\n<p>Nadogradite izgled i za\u0161titu prijenosnog ra\u010dunala s gornjim poklopcem Fujitsu Siemens AMILO Pro V2030D s gumbom za napajanje. U\u017eivajte u elegantnom i dobro za\u0161ti\u0107enom prijenosnom ra\u010dunalu uz zadr\u017eavanje njegove izvorne estetike. Unaprijedite svoje ra\u010dunalno iskustvo s ovim pouzdanim i u\u010dinkovitim gornjim poklopcem.<\/p>\n<p>Prije kupnje provjerite kompatibilnost s odre\u0111enim modelom prijenosnog ra\u010dunala.<\/p>\n","protected":false},"excerpt":{"rendered":"<p>Pobolj\u0161ajte izgled i za\u0161titu svog prijenosnog ra\u010dunala Fujitsu Siemens AMILO Pro V2030D s gornjim poklopcem Fujitsu Siemens AMILO Pro V2030D s gumbom za napajanje. U\u017eivajte u pobolj\u0161anoj estetici i izdr\u017eljivosti svog ure\u0111aja.<\/p>\n","protected":false},"featured_media":20633,"template":"","meta":[],"product_brand":[],"product_cat":[51],"product_tag":[63],"class_list":{"0":"post-20573","1":"product","2":"type-product","3":"status-publish","4":"has-post-thumbnail","6":"product_cat-laptop-housing","7":"product_tag-fujitsu","9":"first","10":"instock","11":"taxable","12":"shipping-taxable","13":"purchasable","14":"product-type-simple"},"_links":{"self":[{"href":"https:\/\/boreait.com\/hr\/wp-json\/wp\/v2\/product\/20573","targetHints":{"allow":["GET"]}}],"collection":[{"href":"https:\/\/boreait.com\/hr\/wp-json\/wp\/v2\/product"}],"about":[{"href":"https:\/\/boreait.com\/hr\/wp-json\/wp\/v2\/types\/product"}],"wp:featuredmedia":[{"embeddable":true,"href":"https:\/\/boreait.com\/hr\/wp-json\/wp\/v2\/media\/20633"}],"wp:attachment":[{"href":"https:\/\/boreait.com\/hr\/wp-json\/wp\/v2\/media?parent=20573"}],"wp:term":[{"taxonomy":"product_brand","embeddable":true,"href":"https:\/\/boreait.com\/hr\/wp-json\/wp\/v2\/product_brand?post=20573"},{"taxonomy":"product_cat","embeddable":true,"href":"https:\/\/boreait.com\/hr\/wp-json\/wp\/v2\/product_cat?post=20573"},{"taxonomy":"product_tag","embeddable":true,"href":"https:\/\/boreait.com\/hr\/wp-json\/wp\/v2\/product_tag?post=20573"}],"curies":[{"name":"wp","href":"https:\/\/api.w.org\/{rel}","templated":true}]}}