{"id":20545,"date":"2025-07-25T11:26:06","date_gmt":"2025-07-25T11:26:06","guid":{"rendered":"https:\/\/boreait.com\/hr\/?post_type=product&#038;p=20545"},"modified":"2025-07-25T11:26:54","modified_gmt":"2025-07-25T11:26:54","slug":"lenovo-g710-ploca-gumba-za-ukljucivanje-69n0b5g20a01","status":"publish","type":"product","link":"https:\/\/boreait.com\/hr\/product\/lenovo-g710-ploca-gumba-za-ukljucivanje-69n0b5g20a01\/","title":{"rendered":"LENOVO G710 Plo\u010da gumba za uklju\u010divanje 69N0B5G20A01"},"content":{"rendered":"<p>Pove\u0107ajte funkcionalnost svog prijenosnog ra\u010dunala Lenovo G710 uz Lenovo G710 plo\u010du gumba za napajanje. Dizajnirana za pobolj\u0161anje upravljanja napajanjem va\u0161eg prijenosnog ra\u010dunala i jednostavnosti kori\u0161tenja, ova originalna plo\u010da s gumbom za uklju\u010divanje\/isklju\u010divanje osigurava pouzdane performanse i besprijekornu integraciju za pobolj\u0161ano ra\u010dunalno iskustvo. Katalo\u0161ki broj prijenosnog ra\u010dunala L 69N0B5G20A01<\/p>\n<p>Proizvedeno od strane Lenovo-a, pouzdanog imena u ra\u010dunalnoj tehnologiji, Lenovo G710 plo\u010da gumba za uklju\u010divanje projektirana je za pru\u017eanje u\u010dinkovite kontrole nad funkcijama napajanja va\u0161eg prijenosnog ra\u010dunala. Kao klju\u010dna komponenta internih sustava va\u0161eg prijenosnog ra\u010dunala, ova plo\u010da s gumbima igra sastavnu ulogu u upravljanju napajanjem i osiguravanju da se va\u0161e prijenosno ra\u010dunalo pouzdano pokre\u0107e i gasi.<\/p>\n<p>Bilo da trebate uklju\u010diti svoje prijenosno ra\u010dunalo, ponovno ga pokrenuti ili izvr\u0161iti hard reset, ova plo\u010da s gumbom za uklju\u010divanje\/isklju\u010divanje nudi pogodnost i u\u010dinkovitost koju tra\u017eite. Njegovo precizno in\u017eenjerstvo osigurava dosljednu izvedbu, omogu\u0107uju\u0107i vam da s lako\u0107om kontrolirate snagu prijenosnog ra\u010dunala.<\/p>\n<p>Instalacija je jednostavna zahvaljuju\u0107i OEM dizajnu koji je uskla\u0111en s originalnim komponentama va\u0161eg prijenosnog ra\u010dunala.\u00a0 Odabirom autenti\u010dnih Lenovo dijelova ula\u017eete u kvalitetu i pouzdanost upravljanja napajanjem va\u0161eg prijenosnog ra\u010dunala.<\/p>\n<p>Nadogradite upravljanje napajanjem svog prijenosnog ra\u010dunala s plo\u010dom gumba za uklju\u010divanje Lenovo G710. U\u017eivajte u pouzdanoj kontroli nad funkcijama napajanja va\u0161eg prijenosnog ra\u010dunala i osigurajte postupke pokretanja i ga\u0161enja bez muke. Unaprijedite svoje ra\u010dunalno iskustvo s ovom pouzdanom i u\u010dinkovitom plo\u010dom s gumbima.<\/p>\n<p>Prije kupnje provjerite kompatibilnost s odre\u0111enim modelom prijenosnog ra\u010dunala.<\/p>\n","protected":false},"excerpt":{"rendered":"<p>Pobolj\u0161ajte upravljanje napajanjem prijenosnog ra\u010dunala Lenovo G710 s plo\u010dom gumba za napajanje Lenovo G710. U\u017eivajte u pouzdanoj kontroli nad funkcijama napajanja va\u0161eg prijenosnog ra\u010dunala za pokretanje i isklju\u010divanje bez muke.<\/p>\n","protected":false},"featured_media":20608,"template":"","meta":[],"product_brand":[],"product_cat":[62],"product_tag":[61],"class_list":{"0":"post-20545","1":"product","2":"type-product","3":"status-publish","4":"has-post-thumbnail","6":"product_cat-motherboards-board-parts","7":"product_tag-lenovo","9":"first","10":"instock","11":"taxable","12":"shipping-taxable","13":"purchasable","14":"product-type-simple"},"_links":{"self":[{"href":"https:\/\/boreait.com\/hr\/wp-json\/wp\/v2\/product\/20545","targetHints":{"allow":["GET"]}}],"collection":[{"href":"https:\/\/boreait.com\/hr\/wp-json\/wp\/v2\/product"}],"about":[{"href":"https:\/\/boreait.com\/hr\/wp-json\/wp\/v2\/types\/product"}],"wp:featuredmedia":[{"embeddable":true,"href":"https:\/\/boreait.com\/hr\/wp-json\/wp\/v2\/media\/20608"}],"wp:attachment":[{"href":"https:\/\/boreait.com\/hr\/wp-json\/wp\/v2\/media?parent=20545"}],"wp:term":[{"taxonomy":"product_brand","embeddable":true,"href":"https:\/\/boreait.com\/hr\/wp-json\/wp\/v2\/product_brand?post=20545"},{"taxonomy":"product_cat","embeddable":true,"href":"https:\/\/boreait.com\/hr\/wp-json\/wp\/v2\/product_cat?post=20545"},{"taxonomy":"product_tag","embeddable":true,"href":"https:\/\/boreait.com\/hr\/wp-json\/wp\/v2\/product_tag?post=20545"}],"curies":[{"name":"wp","href":"https:\/\/api.w.org\/{rel}","templated":true}]}}