{"id":20521,"date":"2025-07-25T11:25:42","date_gmt":"2025-07-25T11:25:42","guid":{"rendered":"https:\/\/boreait.com\/hr\/?post_type=product&#038;p=20521"},"modified":"2025-07-25T11:26:35","modified_gmt":"2025-07-25T11:26:35","slug":"hp-probook-6560b-6565b-6570b-serija-bottom-base-case-cover-644695-001","status":"publish","type":"product","link":"https:\/\/boreait.com\/hr\/product\/hp-probook-6560b-6565b-6570b-serija-bottom-base-case-cover-644695-001\/","title":{"rendered":"HP ProBook 6560b 6565b 6570b serija Bottom Base Case Cover 644695-001"},"content":{"rendered":"<p>Pobolj\u0161ajte izdr\u017eljivost i estetiku svog prijenosnog ra\u010dunala HP ProBook 6560b s poklopcem poklopca LCD zaslona HP ProBook 6560b 641202-001. Izra\u0111en kako bi pru\u017eio i za\u0161titu i vizualnu privla\u010dnost, ovaj originalni poklopac dizajniran je za besprijekornu integraciju s va\u0161im prijenosnim ra\u010dunalom.<\/p>\n<p>Proizveden od strane HP-a, pouzdanog imena u ra\u010dunalnoj tehnologiji, HP ProBook 6560b poklopac LCD zaslona 641202-001 nudi pouzdano rje\u0161enje za za\u0161titu zaslona va\u0161eg prijenosnog ra\u010dunala. Ne samo da \u0161titi zaslon od ogrebotina i manjih udaraca, ve\u0107 va\u0161em prijenosnom ra\u010dunalu daje elegantan i profesionalan izgled.<\/p>\n<p>Bez obzira jeste li profesionalac koji se oslanja na svoje prijenosno ra\u010dunalo za rad ili student koji cijeni dobro odr\u017eavan ure\u0111aj, ovaj poklopac pobolj\u0161ava ukupnu estetiku i dugovje\u010dnost va\u0161eg HP ProBook 6560b. To je bitna komponenta za odr\u017eavanje netaknutog izgleda va\u0161eg prijenosnog ra\u010dunala.<\/p>\n<p>Instalacija je jednostavna zahvaljuju\u0107i OEM dizajnu koji odgovara originalnom poklopcu poklopca va\u0161eg HP ProBook 6560b. Odabirom autenti\u010dnih HP-ovih dijelova ula\u017eete u kvalitetu i pouzdanost izgleda i za\u0161tite prijenosnog ra\u010dunala.<\/p>\n<p>Nadogradite izdr\u017eljivost i izgled svog prijenosnog ra\u010dunala s poklopcem poklopca LCD zaslona HP ProBook 6560b 641202-001. U\u017eivajte u pobolj\u0161anoj za\u0161titi i osvje\u017eenom izgledu va\u0161eg prijenosnog ra\u010dunala HP ProBook 6560b. Pobolj\u0161ajte i funkcionalnost i estetiku svog prijenosnog ra\u010dunala s ovom pouzdanom i u\u010dinkovitom maskom za poklopac.<\/p>\n<p>Prije kupnje provjerite kompatibilnost s odre\u0111enim modelom prijenosnog ra\u010dunala.<\/p>\n","protected":false},"excerpt":{"rendered":"<p>Pobolj\u0161ajte izdr\u017eljivost i estetiku svog prijenosnog ra\u010dunala HP ProBook 6560b s poklopcem poklopca LCD zaslona HP ProBook 6560b 641202-001. Nudi za\u0161titu i elegantan izgled, neprimjetno se integriraju\u0107i s va\u0161im prijenosnim ra\u010dunalom.<\/p>\n","protected":false},"featured_media":20585,"template":"","meta":[],"product_brand":[],"product_cat":[51],"product_tag":[60],"class_list":{"0":"post-20521","1":"product","2":"type-product","3":"status-publish","4":"has-post-thumbnail","6":"product_cat-laptop-housing","7":"product_tag-hp","9":"first","10":"instock","11":"taxable","12":"shipping-taxable","13":"purchasable","14":"product-type-simple"},"_links":{"self":[{"href":"https:\/\/boreait.com\/hr\/wp-json\/wp\/v2\/product\/20521","targetHints":{"allow":["GET"]}}],"collection":[{"href":"https:\/\/boreait.com\/hr\/wp-json\/wp\/v2\/product"}],"about":[{"href":"https:\/\/boreait.com\/hr\/wp-json\/wp\/v2\/types\/product"}],"wp:featuredmedia":[{"embeddable":true,"href":"https:\/\/boreait.com\/hr\/wp-json\/wp\/v2\/media\/20585"}],"wp:attachment":[{"href":"https:\/\/boreait.com\/hr\/wp-json\/wp\/v2\/media?parent=20521"}],"wp:term":[{"taxonomy":"product_brand","embeddable":true,"href":"https:\/\/boreait.com\/hr\/wp-json\/wp\/v2\/product_brand?post=20521"},{"taxonomy":"product_cat","embeddable":true,"href":"https:\/\/boreait.com\/hr\/wp-json\/wp\/v2\/product_cat?post=20521"},{"taxonomy":"product_tag","embeddable":true,"href":"https:\/\/boreait.com\/hr\/wp-json\/wp\/v2\/product_tag?post=20521"}],"curies":[{"name":"wp","href":"https:\/\/api.w.org\/{rel}","templated":true}]}}