{"id":20498,"date":"2025-07-25T11:25:21","date_gmt":"2025-07-25T11:25:21","guid":{"rendered":"https:\/\/boreait.com\/hr\/?post_type=product&#038;p=20498"},"modified":"2025-07-25T11:26:18","modified_gmt":"2025-07-25T11:26:18","slug":"originalni-hp-probook-6560b-6565b-oslonac-za-ruku-641205-001","status":"publish","type":"product","link":"https:\/\/boreait.com\/hr\/product\/originalni-hp-probook-6560b-6565b-oslonac-za-ruku-641205-001\/","title":{"rendered":"Originalni HP Probook 6560b 6565b &#8211; Oslonac za ruku &#8211; 641205-001"},"content":{"rendered":"<p>Pobolj\u0161ajte estetiku i funkcionalnost svog prijenosnog ra\u010dunala HP Probook 6560b 6565b s originalnim HP osloncem za dlan (broj dijela: 641205-001). Izra\u0111en kako bi pobolj\u0161ao vizualnu privla\u010dnost i upotrebljivost va\u0161eg prijenosnog ra\u010dunala, ovaj oslonac za dlan je originalna HP-ova komponenta koja osigurava besprijekornu integraciju i pobolj\u0161ane ukupne performanse.<\/p>\n<p> Dizajniran od strane HP-a, pouzdanog lidera u ra\u010dunalnoj tehnologiji, ovaj oslonac za dlan mo\u017ee se pohvaliti pedantnim dizajnom koji savr\u0161eno odgovara va\u0161em Probooku 6560b. Kao vitalna komponenta konstrukcije va\u0161eg prijenosnog ra\u010dunala, oslonac za dlan nudi udobnu povr\u0161inu za va\u0161a zape\u0161\u0107a dok tipkate i sadr\u017ei touchpad prijenosnog ra\u010dunala i druge bitne komponente.<\/p>\n<p>Bez obzira jeste li profesionalac koji tra\u017ei pobolj\u0161anu ergonomiju ili povremeni korisnik koji \u017eeli osvje\u017eiti izgled svog prijenosnog ra\u010dunala, ovaj oslonac za dlan je vrijedna nadogradnja. Ne samo da pove\u0107ava udobnost tijekom du\u017eeg kori\u0161tenja, ve\u0107 tako\u0111er dodaje da\u0161ak elegancije dizajnu va\u0161eg prijenosnog ra\u010dunala.<\/p>\n<p>Instalacija je jednostavna, zahvaljuju\u0107i preciznom OEM dizajnu koji odgovara originalnim komponentama va\u0161eg HP Probook 6560b 6565b.\u00a0 Odabirom autenti\u010dnih HP-ovih dijelova ula\u017eete u kvalitetu, izdr\u017eljivost i kompatibilnost oslonca za dlan va\u0161eg prijenosnog ra\u010dunala.<\/p>\n<p>Nadogradite i estetiku i upotrebljivost svog prijenosnog ra\u010dunala s originalnim HP Probook 6560b 6565b osloncem za dlan (broj dijela: 641205-001). U\u017eivajte u pobolj\u0161anoj udobnosti, osvje\u017eenom izgledu i pobolj\u0161anom iskustvu rada na va\u0161em Probook 6560b 6565b.<\/p>\n<p>Prije kupnje provjerite kompatibilnost s odre\u0111enim modelom prijenosnog ra\u010dunala.<\/p>\n","protected":false},"excerpt":{"rendered":"<p>Pobolj\u0161ajte estetiku i upotrebljivost svog prijenosnog ra\u010dunala HP Probook 6560b 6565b s originalnim HP osloncem za dlan (broj dijela: 641205-001). U\u017eivajte u pobolj\u0161anoj udobnosti i osvje\u017eenom izgledu va\u0161eg prijenosnog ra\u010dunala.<\/p>\n","protected":false},"featured_media":20561,"template":"","meta":[],"product_brand":[],"product_cat":[51],"product_tag":[60],"class_list":{"0":"post-20498","1":"product","2":"type-product","3":"status-publish","4":"has-post-thumbnail","6":"product_cat-laptop-housing","7":"product_tag-hp","9":"first","10":"instock","11":"taxable","12":"shipping-taxable","13":"purchasable","14":"product-type-simple"},"_links":{"self":[{"href":"https:\/\/boreait.com\/hr\/wp-json\/wp\/v2\/product\/20498","targetHints":{"allow":["GET"]}}],"collection":[{"href":"https:\/\/boreait.com\/hr\/wp-json\/wp\/v2\/product"}],"about":[{"href":"https:\/\/boreait.com\/hr\/wp-json\/wp\/v2\/types\/product"}],"wp:featuredmedia":[{"embeddable":true,"href":"https:\/\/boreait.com\/hr\/wp-json\/wp\/v2\/media\/20561"}],"wp:attachment":[{"href":"https:\/\/boreait.com\/hr\/wp-json\/wp\/v2\/media?parent=20498"}],"wp:term":[{"taxonomy":"product_brand","embeddable":true,"href":"https:\/\/boreait.com\/hr\/wp-json\/wp\/v2\/product_brand?post=20498"},{"taxonomy":"product_cat","embeddable":true,"href":"https:\/\/boreait.com\/hr\/wp-json\/wp\/v2\/product_cat?post=20498"},{"taxonomy":"product_tag","embeddable":true,"href":"https:\/\/boreait.com\/hr\/wp-json\/wp\/v2\/product_tag?post=20498"}],"curies":[{"name":"wp","href":"https:\/\/api.w.org\/{rel}","templated":true}]}}