{"id":20472,"date":"2025-07-25T11:24:59","date_gmt":"2025-07-25T11:24:59","guid":{"rendered":"https:\/\/boreait.com\/hr\/?post_type=product&#038;p=20472"},"modified":"2025-07-25T11:25:50","modified_gmt":"2025-07-25T11:25:50","slug":"sarke-zaslona-hp-compaq-6820s","status":"publish","type":"product","link":"https:\/\/boreait.com\/hr\/product\/sarke-zaslona-hp-compaq-6820s\/","title":{"rendered":"\u0160arke zaslona HP Compaq 6820s"},"content":{"rendered":"<p>Pobolj\u0161ajte izdr\u017eljivost i funkcionalnost svog prijenosnog ra\u010dunala HP Compaq 6820s pomo\u0107u \u0161arki zaslona HP Compaq 6820s. Dizajnirane da pru\u017ee optimalnu potporu za zaslon va\u0161eg prijenosnog ra\u010dunala, ove originalne \u0161arke za zaslon nude robusnu konstrukciju i besprijekornu integraciju za pobolj\u0161ano ra\u010dunalno iskustvo.<\/p>\n<p>Proizveden od strane HP-a, pouzdanog imena u ra\u010dunalnoj tehnologiji, \u0161arke zaslona HP Compaq 6820s osiguravaju pouzdan rad i dugovje\u010dnost. Kao bitne komponente va\u0161eg prijenosnog ra\u010dunala, ove \u0161arke igraju klju\u010dnu ulogu u povezivanju i podr\u017eavanju zaslona, omogu\u0107uju\u0107i vam da s lako\u0107om otvarate i zatvarate svoje prijenosno ra\u010dunalo.<\/p>\n<p>Bez obzira na to jeste li profesionalac koji se oslanja na svoje prijenosno ra\u010dunalo za rad ili student kojem je potreban pouzdan ure\u0111aj za u\u010denje, ove \u0161arke zaslona pru\u017eaju osnovnu potporu koja vam je potrebna. Dizajnirani su da izdr\u017ee napor svakodnevne uporabe, osiguravaju\u0107i da zaslon va\u0161eg prijenosnog ra\u010dunala ostane sigurno na mjestu.<\/p>\n<p>Instalacija je jednostavna zahvaljuju\u0107i OEM dizajnu koji je uskla\u0111en s originalnim komponentama va\u0161eg prijenosnog ra\u010dunala. Odabirom autenti\u010dnih HP-ovih dijelova ula\u017eete u kvalitetu i pouzdanost podr\u0161ke za zaslon va\u0161eg prijenosnog ra\u010dunala.<\/p>\n<p>Nadogradite podr\u0161ku za zaslon svog prijenosnog ra\u010dunala sa \u0161arkama zaslona HP Compaq 6820s. U\u017eivajte u pobolj\u0161anoj izdr\u017eljivosti, funkcionalnosti i bezbri\u017enosti znaju\u0107i da je zaslon va\u0161eg prijenosnog ra\u010dunala sigurno pri\u010dvr\u0161\u0107en. Pobolj\u0161ajte svoje ra\u010dunalno iskustvo s ovim pouzdanim i u\u010dinkovitim \u0161arkama zaslona.<\/p>\n<p>Prije kupnje provjerite kompatibilnost s odre\u0111enim modelom prijenosnog ra\u010dunala.<\/p>\n","protected":false},"excerpt":{"rendered":"<p>Pobolj\u0161ajte svoje prijenosno ra\u010dunalo HP Compaq 6820s sa \u0161arkama zaslona HP Compaq 6820s. Pobolj\u0161ajte podr\u0161ku zaslona, izdr\u017eljivost i funkcionalnost za pobolj\u0161ano ra\u010dunalno iskustvo.<\/p>\n","protected":false},"featured_media":20533,"template":"","meta":[],"product_brand":[],"product_cat":[54],"product_tag":[60],"class_list":{"0":"post-20472","1":"product","2":"type-product","3":"status-publish","4":"has-post-thumbnail","6":"product_cat-screen-hinge","7":"product_tag-hp","9":"first","10":"instock","11":"taxable","12":"shipping-taxable","13":"purchasable","14":"product-type-simple"},"_links":{"self":[{"href":"https:\/\/boreait.com\/hr\/wp-json\/wp\/v2\/product\/20472","targetHints":{"allow":["GET"]}}],"collection":[{"href":"https:\/\/boreait.com\/hr\/wp-json\/wp\/v2\/product"}],"about":[{"href":"https:\/\/boreait.com\/hr\/wp-json\/wp\/v2\/types\/product"}],"wp:featuredmedia":[{"embeddable":true,"href":"https:\/\/boreait.com\/hr\/wp-json\/wp\/v2\/media\/20533"}],"wp:attachment":[{"href":"https:\/\/boreait.com\/hr\/wp-json\/wp\/v2\/media?parent=20472"}],"wp:term":[{"taxonomy":"product_brand","embeddable":true,"href":"https:\/\/boreait.com\/hr\/wp-json\/wp\/v2\/product_brand?post=20472"},{"taxonomy":"product_cat","embeddable":true,"href":"https:\/\/boreait.com\/hr\/wp-json\/wp\/v2\/product_cat?post=20472"},{"taxonomy":"product_tag","embeddable":true,"href":"https:\/\/boreait.com\/hr\/wp-json\/wp\/v2\/product_tag?post=20472"}],"curies":[{"name":"wp","href":"https:\/\/api.w.org\/{rel}","templated":true}]}}