{"id":20448,"date":"2025-07-25T11:24:36","date_gmt":"2025-07-25T11:24:36","guid":{"rendered":"https:\/\/boreait.com\/hr\/?post_type=product&#038;p=20448"},"modified":"2025-07-25T11:25:33","modified_gmt":"2025-07-25T11:25:33","slug":"wlan-80211-bgn-rl-hmc-1x1-690020-005","status":"publish","type":"product","link":"https:\/\/boreait.com\/hr\/product\/wlan-80211-bgn-rl-hmc-1x1-690020-005\/","title":{"rendered":"WLAN 802,11 BGN RL HMC 1&#215;1 690020-005"},"content":{"rendered":"<p>Nadogradite be\u017ei\u010dnu povezanost va\u0161eg prijenosnog ra\u010dunala s WLAN 802,11 BGN RL HMC 1&#215;1 690020-005. Izra\u0111ena za optimizaciju va\u0161eg be\u017ei\u010dnog iskustva, ova originalna be\u017ei\u010dna kartica nudi pouzdano i brzo povezivanje za pobolj\u0161ano ra\u010dunalno iskustvo.<\/p>\n<p>Proizvedena u skladu s industrijskim standardima, 690020-005 WLAN kartica podr\u017eava be\u017ei\u010dne standarde 802.11 b\/g\/n, osiguravaju\u0107i kompatibilnost sa \u0161irokim rasponom Wi-Fi mre\u017ea. Bilo da trebate pregledavati internet, strujati sadr\u017eaj ili se povezivati s drugim ure\u0111ajima, ova kartica pru\u017ea pogodnost i brzinu koju tra\u017eite.<\/p>\n<p>Instalacija je jednostavna zahvaljuju\u0107i faktoru oblika HMC (Half Mini Card) koji je uskla\u0111en s originalnim komponentama va\u0161eg prijenosnog ra\u010dunala. Odabirom autenti\u010dne zamjene ula\u017eete u kvalitetu i pouzdanost be\u017ei\u010dne veze va\u0161eg prijenosnog ra\u010dunala.<\/p>\n<p>Nadogradite be\u017ei\u010dne mogu\u0107nosti svog prijenosnog ra\u010dunala s WLAN 802.11 BGN RL HMC 1&#215;1 690020-005. U\u017eivajte u brzim i pouzdanim be\u017ei\u010dnim vezama, besprijekornom pregledavanju i u\u010dinkovitom prijenosu podataka na svom prijenosnom ra\u010dunalu. Pobolj\u0161ajte svoje ra\u010dunalno iskustvo s ovom pouzdanom i u\u010dinkovitom WLAN karticom.<\/p>\n<p>Prije kupnje provjerite kompatibilnost s odre\u0111enim modelom prijenosnog ra\u010dunala.<\/p>\n","protected":false},"excerpt":{"rendered":"<p>Pobolj\u0161ajte be\u017ei\u010dnu povezanost va\u0161eg prijenosnog ra\u010dunala s WLAN 802,11 BGN RL HMC 1&#215;1 690020-005. U\u017eivajte u brzim i pouzdanim Wi-Fi vezama za pobolj\u0161ano ra\u010dunalno iskustvo.<\/p>\n","protected":false},"featured_media":20513,"template":"","meta":[],"product_brand":[],"product_cat":[62],"product_tag":[60],"class_list":{"0":"post-20448","1":"product","2":"type-product","3":"status-publish","4":"has-post-thumbnail","6":"product_cat-motherboards-board-parts","7":"product_tag-hp","9":"first","10":"instock","11":"taxable","12":"shipping-taxable","13":"purchasable","14":"product-type-simple"},"_links":{"self":[{"href":"https:\/\/boreait.com\/hr\/wp-json\/wp\/v2\/product\/20448","targetHints":{"allow":["GET"]}}],"collection":[{"href":"https:\/\/boreait.com\/hr\/wp-json\/wp\/v2\/product"}],"about":[{"href":"https:\/\/boreait.com\/hr\/wp-json\/wp\/v2\/types\/product"}],"wp:featuredmedia":[{"embeddable":true,"href":"https:\/\/boreait.com\/hr\/wp-json\/wp\/v2\/media\/20513"}],"wp:attachment":[{"href":"https:\/\/boreait.com\/hr\/wp-json\/wp\/v2\/media?parent=20448"}],"wp:term":[{"taxonomy":"product_brand","embeddable":true,"href":"https:\/\/boreait.com\/hr\/wp-json\/wp\/v2\/product_brand?post=20448"},{"taxonomy":"product_cat","embeddable":true,"href":"https:\/\/boreait.com\/hr\/wp-json\/wp\/v2\/product_cat?post=20448"},{"taxonomy":"product_tag","embeddable":true,"href":"https:\/\/boreait.com\/hr\/wp-json\/wp\/v2\/product_tag?post=20448"}],"curies":[{"name":"wp","href":"https:\/\/api.w.org\/{rel}","templated":true}]}}