{"id":20442,"date":"2025-07-25T11:24:36","date_gmt":"2025-07-25T11:24:36","guid":{"rendered":"https:\/\/boreait.com\/hr\/?post_type=product&#038;p=20442"},"modified":"2026-01-10T15:46:16","modified_gmt":"2026-01-10T15:46:16","slug":"hp-15-g-15-r-15-h-15-t-250-g3-255-g3-drzac-tipkovnice-nosac-tipkovnice","status":"publish","type":"product","link":"https:\/\/boreait.com\/hr\/product\/hp-15-g-15-r-15-h-15-t-250-g3-255-g3-drzac-tipkovnice-nosac-tipkovnice\/","title":{"rendered":"HP 15-G 15-R 15-H 15-T 250 G3 255 G3 dr\u017ea\u010d tipkovnice \/ nosa\u010d tipkovnice"},"content":{"rendered":"<p>Pobolj\u0161ajte upotrebljivost i funkcionalnost svog prijenosnog ra\u010dunala HP 15-r099sm s dr\u017ea\u010dem tipkovnice HP 15-r099sm. Tako\u0111er kompatibilan s HP 15-G 15-R 15-H 15-T 250 G3 255 G3. Ovaj originalni nosa\u010d za tipkovnicu dizajniran je za osiguranje i podr\u0161ku tipkovnici va\u0161eg prijenosnog ra\u010dunala, osiguravaju\u0107i da ostane stabilna tijekom upotrebe.<\/p>\n<p>Proizveden od strane HP-a, pouzdanog imena u ra\u010dunalnoj tehnologiji, HP 15-r099sm dr\u017ea\u010d tipkovnice dizajniran je za besprijekornu integraciju s va\u0161im prijenosnim ra\u010dunalom. Pru\u017ea siguran temelj za va\u0161u tipkovnicu, sprje\u010dava ne\u017eeljeno pomicanje i osigurava ugodno iskustvo tipkanja.<\/p>\n<p>Bez obzira jeste li profesionalac koji satima tipka ili student koji ispunjava zadatke, ovaj dr\u017ea\u010d tipkovnice nudi stabilnost koja vam je potrebna. Poma\u017ee u odr\u017eavanju integriteta tipkovnice va\u0161eg prijenosnog ra\u010dunala, sprje\u010dava savijanje i osigurava dosljedan odgovor na pritisak tipke.<\/p>\n<p>Instalacija je jednostavna, zahvaljuju\u0107i preciznom dizajnu koji je savr\u0161eno uskla\u0111en s originalnim komponentama va\u0161eg prijenosnog ra\u010dunala.\u00a0 Odabirom originalnih HP-ovih dijelova ula\u017eete u kvalitetu i pouzdanost podr\u0161ke za tipkovnicu va\u0161eg prijenosnog ra\u010dunala.<\/p>\n<p>Nadogradite podr\u0161ku za tipkovnicu svog prijenosnog ra\u010dunala pomo\u0107u dr\u017ea\u010da tipkovnice HP 15-r099sm. U\u017eivajte u stabilnom i ugodnom iskustvu tipkanja, bilo da radite na va\u017enim dokumentima ili jednostavno pretra\u017eujete web. Pove\u0107ajte upotrebljivost svog prijenosnog ra\u010dunala s ovim pouzdanim i u\u010dinkovitim nosa\u010dem za tipkovnicu.<\/p>\n<p>Prije kupnje provjerite kompatibilnost s odre\u0111enim modelom prijenosnog ra\u010dunala.<\/p>\n","protected":false},"excerpt":{"rendered":"<p>Pobolj\u0161ajte podr\u0161ku za tipkovnicu svog prijenosnog ra\u010dunala HP 15-G 15-R 15-H 15-T 250 G3 255 G3 s dr\u017ea\u010dem tipkovnice HP 15-r099sm. U\u017eivajte u stabilnom i udobnom tipkanju uz ovaj originalni nosa\u010d za tipkovnicu.<\/p>\n","protected":false},"featured_media":20492,"template":"","meta":[],"product_brand":[],"product_cat":[51],"product_tag":[60],"class_list":{"0":"post-20442","1":"product","2":"type-product","3":"status-publish","4":"has-post-thumbnail","6":"product_cat-laptop-housing","7":"product_tag-hp","9":"first","10":"instock","11":"taxable","12":"shipping-taxable","13":"purchasable","14":"product-type-simple"},"_links":{"self":[{"href":"https:\/\/boreait.com\/hr\/wp-json\/wp\/v2\/product\/20442","targetHints":{"allow":["GET"]}}],"collection":[{"href":"https:\/\/boreait.com\/hr\/wp-json\/wp\/v2\/product"}],"about":[{"href":"https:\/\/boreait.com\/hr\/wp-json\/wp\/v2\/types\/product"}],"wp:featuredmedia":[{"embeddable":true,"href":"https:\/\/boreait.com\/hr\/wp-json\/wp\/v2\/media\/20492"}],"wp:attachment":[{"href":"https:\/\/boreait.com\/hr\/wp-json\/wp\/v2\/media?parent=20442"}],"wp:term":[{"taxonomy":"product_brand","embeddable":true,"href":"https:\/\/boreait.com\/hr\/wp-json\/wp\/v2\/product_brand?post=20442"},{"taxonomy":"product_cat","embeddable":true,"href":"https:\/\/boreait.com\/hr\/wp-json\/wp\/v2\/product_cat?post=20442"},{"taxonomy":"product_tag","embeddable":true,"href":"https:\/\/boreait.com\/hr\/wp-json\/wp\/v2\/product_tag?post=20442"}],"curies":[{"name":"wp","href":"https:\/\/api.w.org\/{rel}","templated":true}]}}