{"id":20440,"date":"2025-07-25T11:24:36","date_gmt":"2025-07-25T11:24:36","guid":{"rendered":"https:\/\/boreait.com\/hr\/?post_type=product&#038;p=20440"},"modified":"2025-07-25T11:25:14","modified_gmt":"2025-07-25T11:25:14","slug":"sarke-zaslona-hp-probook-4540s-4545s-34-45j03-34-45j04","status":"publish","type":"product","link":"https:\/\/boreait.com\/hr\/product\/sarke-zaslona-hp-probook-4540s-4545s-34-45j03-34-45j04\/","title":{"rendered":"\u0160arke zaslona HP Probook 4540s 4545S 34.45J03, 34.45J04"},"content":{"rendered":"<p>Nadogradite funkcionalnost i izdr\u017eljivost svog prijenosnog ra\u010dunala HP ProBook 4540s 4545S 34.45J03, 34.45J04 s ovim visokokvalitetnim \u0161arkama zaslona. Dizajnirane da pru\u017ee pouzdanu potporu i glatko kretanje, ove \u0161arke osiguravaju stabilno i precizno otvaranje i zatvaranje zaslona va\u0161eg prijenosnog ra\u010dunala.<\/p>\n<p>Izra\u0111ene za kompatibilnost i dugotrajnost, ove \u0161arke zaslona HP ProBook 4540s 4545S originalne su zamjene za OEM, dizajnirane za besprijekornu integraciju s va\u0161im prijenosnim ra\u010dunalom. Bez obzira jeste li profesionalac koji se oslanja na svoje prijenosno ra\u010dunalo za rad ili student koji ga koristi za u\u010denje, ove su \u0161arke klju\u010dne za odr\u017eavanje strukturalnog integriteta va\u0161eg ure\u0111aja.<\/p>\n<p>Instaliranje ovih \u0161arki je jednostavno, zahvaljuju\u0107i preciznom dizajnu koji odgovara originalnim komponentama va\u0161eg HP ProBook 4540s.<\/p>\n<p>Nadogradite \u0161arke zaslona svog prijenosnog ra\u010dunala danas kako biste osigurali pouzdanu i izdr\u017eljivu izvedbu. Ove su \u0161arke idealan izbor za korisnike koji tra\u017ee pobolj\u0161anu stabilnost zaslona i dugovje\u010dnost za svoj HP ProBook 4540s 4545S.<\/p>\n<p>Prije kupnje provjerite kompatibilnost s odre\u0111enim modelom prijenosnog ra\u010dunala.<\/p>\n","protected":false},"excerpt":{"rendered":"<p>Pobolj\u0161ajte svoje prijenosno ra\u010dunalo HP ProBook 4540s 4545S\u00a0 s ovim originalnim OEM \u0161arkama zaslona. U\u017eivajte u glatkom i stabilnom pomicanju zaslona za pobolj\u0161anu funkcionalnost i izdr\u017eljivost.<\/p>\n","protected":false},"featured_media":20489,"template":"","meta":[],"product_brand":[],"product_cat":[54],"product_tag":[60],"class_list":{"0":"post-20440","1":"product","2":"type-product","3":"status-publish","4":"has-post-thumbnail","6":"product_cat-screen-hinge","7":"product_tag-hp","9":"first","10":"instock","11":"taxable","12":"shipping-taxable","13":"purchasable","14":"product-type-simple"},"_links":{"self":[{"href":"https:\/\/boreait.com\/hr\/wp-json\/wp\/v2\/product\/20440","targetHints":{"allow":["GET"]}}],"collection":[{"href":"https:\/\/boreait.com\/hr\/wp-json\/wp\/v2\/product"}],"about":[{"href":"https:\/\/boreait.com\/hr\/wp-json\/wp\/v2\/types\/product"}],"wp:featuredmedia":[{"embeddable":true,"href":"https:\/\/boreait.com\/hr\/wp-json\/wp\/v2\/media\/20489"}],"wp:attachment":[{"href":"https:\/\/boreait.com\/hr\/wp-json\/wp\/v2\/media?parent=20440"}],"wp:term":[{"taxonomy":"product_brand","embeddable":true,"href":"https:\/\/boreait.com\/hr\/wp-json\/wp\/v2\/product_brand?post=20440"},{"taxonomy":"product_cat","embeddable":true,"href":"https:\/\/boreait.com\/hr\/wp-json\/wp\/v2\/product_cat?post=20440"},{"taxonomy":"product_tag","embeddable":true,"href":"https:\/\/boreait.com\/hr\/wp-json\/wp\/v2\/product_tag?post=20440"}],"curies":[{"name":"wp","href":"https:\/\/api.w.org\/{rel}","templated":true}]}}