{"id":20421,"date":"2025-07-25T11:24:14","date_gmt":"2025-07-25T11:24:14","guid":{"rendered":"https:\/\/boreait.com\/hr\/?post_type=product&#038;p=20421"},"modified":"2025-07-25T11:25:10","modified_gmt":"2025-07-25T11:25:10","slug":"683478-001-604sj07001-originalni-originalni-hp-lcd-okvir-probook-4540s-4545s","status":"publish","type":"product","link":"https:\/\/boreait.com\/hr\/product\/683478-001-604sj07001-originalni-originalni-hp-lcd-okvir-probook-4540s-4545s\/","title":{"rendered":"683478-001 604SJ07001 ORIGINALNI ORIGINALNI HP LCD OKVIR PROBOOK 4540S 4545s"},"content":{"rendered":"<p>Pobolj\u0161ajte vizualnu privla\u010dnost i za\u0161titu svog prijenosnog ra\u010dunala HP ProBook 4540S 4545s s 683478-001 604SJ07001 originalnim HP LCD okvirom. Dizajniran za besprijekorno pristajanje i za\u0161titu LCD zaslona va\u0161eg prijenosnog ra\u010dunala, ovaj originalni HP okvir nudi i funkcionalnost i stil.<\/p>\n<p>Izradio ga je HP, pouzdani lider u ra\u010dunalnoj tehnologiji, ovaj originalni LCD okvir osigurava pouzdanu integraciju s va\u0161im ProBook 4540S. Kao bitna komponenta, ovaj okvir poma\u017ee za\u0161tititi zaslon va\u0161eg prijenosnog ra\u010dunala od pra\u0161ine, prljav\u0161tine i manjih udaraca, a istovremeno pru\u017ea ugla\u0111en, profesionalan izgled.<\/p>\n<p>Bilo da trebate zamijeniti o\u0161te\u0107eni okvir ili \u017eelite svom prijenosnom ra\u010dunalu dati osvje\u017een izgled, okvir 683478-001 604SJ07001 je savr\u0161en izbor. Odr\u017eava integritet dizajna va\u0161eg prijenosnog ra\u010dunala, osiguravaju\u0107i da i dalje odi\u0161e profesionalizmom u bilo kojem okru\u017eenju.<\/p>\n<p>Instalacija je jednostavna, zahvaljuju\u0107i preciznom dizajnu koji je uskla\u0111en s originalnim komponentama va\u0161eg prijenosnog ra\u010dunala. Odabirom autenti\u010dnih HP-ovih dijelova ula\u017eete u kvalitetu i pouzdanost izgleda i za\u0161tite prijenosnog ra\u010dunala.<\/p>\n<p>Nadogradite estetiku i za\u0161titite zaslon svog prijenosnog ra\u010dunala s 683478-001 604SJ07001 originalnim HP LCD okvirom za ProBook 4540S. U\u017eivajte u osvje\u017eenom izgledu i pobolj\u0161anoj za\u0161titi dok odr\u017eavate profesionalnost svog ProBook-a u bilo kojem okru\u017eenju.<\/p>\n<p>Prije kupnje provjerite kompatibilnost s odre\u0111enim modelom prijenosnog ra\u010dunala.<\/p>\n","protected":false},"excerpt":{"rendered":"<p>Pobolj\u0161ajte i za\u0161titite svoje prijenosno ra\u010dunalo HP ProBook 4540S 4545s s originalnim HP LCD okvirom 683478-001 604SJ07001. U\u017eivajte u osvje\u017eenom izgledu i profesionalnoj za\u0161titi za zaslon va\u0161eg prijenosnog ra\u010dunala.<\/p>\n","protected":false},"featured_media":20485,"template":"","meta":[],"product_brand":[],"product_cat":[51],"product_tag":[60],"class_list":{"0":"post-20421","1":"product","2":"type-product","3":"status-publish","4":"has-post-thumbnail","6":"product_cat-laptop-housing","7":"product_tag-hp","9":"first","10":"instock","11":"taxable","12":"shipping-taxable","13":"purchasable","14":"product-type-simple"},"_links":{"self":[{"href":"https:\/\/boreait.com\/hr\/wp-json\/wp\/v2\/product\/20421","targetHints":{"allow":["GET"]}}],"collection":[{"href":"https:\/\/boreait.com\/hr\/wp-json\/wp\/v2\/product"}],"about":[{"href":"https:\/\/boreait.com\/hr\/wp-json\/wp\/v2\/types\/product"}],"wp:featuredmedia":[{"embeddable":true,"href":"https:\/\/boreait.com\/hr\/wp-json\/wp\/v2\/media\/20485"}],"wp:attachment":[{"href":"https:\/\/boreait.com\/hr\/wp-json\/wp\/v2\/media?parent=20421"}],"wp:term":[{"taxonomy":"product_brand","embeddable":true,"href":"https:\/\/boreait.com\/hr\/wp-json\/wp\/v2\/product_brand?post=20421"},{"taxonomy":"product_cat","embeddable":true,"href":"https:\/\/boreait.com\/hr\/wp-json\/wp\/v2\/product_cat?post=20421"},{"taxonomy":"product_tag","embeddable":true,"href":"https:\/\/boreait.com\/hr\/wp-json\/wp\/v2\/product_tag?post=20421"}],"curies":[{"name":"wp","href":"https:\/\/api.w.org\/{rel}","templated":true}]}}