{"id":20396,"date":"2025-07-25T11:23:53","date_gmt":"2025-07-25T11:23:53","guid":{"rendered":"https:\/\/boreait.com\/hr\/?post_type=product&#038;p=20396"},"modified":"2026-01-14T08:37:26","modified_gmt":"2026-01-14T08:37:26","slug":"zvucnici-04x4889-za-lenovo-thinkpad-l540","status":"publish","type":"product","link":"https:\/\/boreait.com\/hr\/product\/zvucnici-04x4889-za-lenovo-thinkpad-l540\/","title":{"rendered":"Zvu\u010dnici 04X4889 za Lenovo Thinkpad L540"},"content":{"rendered":"<div class=\"group w-full text-token-text-primary border-b border-black\/10 gizmo:border-0 dark:border-gray-900\/50 gizmo:dark:border-0 bg-gray-50 gizmo:bg-transparent dark:bg-[#444654] gizmo:dark:bg-transparent\" data-testid=\"conversation-turn-55\">\n<div class=\"p-4 justify-center text-base md:gap-6 md:py-6 m-auto\">\n<div class=\"flex flex-1 gap-4 text-base mx-auto md:gap-6 gizmo:gap-3 gizmo:md:px-5 gizmo:lg:px-1 gizmo:xl:px-5 md:max-w-2xl lg:max-w-[38rem] gizmo:md:max-w-3xl gizmo:lg:max-w-[40rem] gizmo:xl:max-w-[48rem] xl:max-w-3xl }\">\n<div class=\"relative flex w-[calc(100%-50px)] flex-col gap-1 gizmo:w-full md:gap-3 lg:w-[calc(100%-115px)] agent-turn\">\n<div class=\"flex flex-grow flex-col gap-3 max-w-full\">\n<div class=\"min-h-[20px] flex flex-col items-start gap-3 overflow-x-auto whitespace-pre-wrap break-words\">\n<div class=\"markdown prose w-full break-words dark:prose-invert light\">\n<p>Zvu\u010dnici 04X4889 za Lenovo Thinkpad L540 &#8211; Pobolj\u0161ajte svoje audio iskustvo:<\/p>\n<p>Iskusite vrhunsku jasno\u0107u zvuka i dinami\u010dki raspon zvuka sa zvu\u010dnicima 04X4889, dizajniranim isklju\u010divo za Lenovo Thinkpad L540. Ove originalne komponente jam\u010de kompatibilnost, dugotrajnost i impresivno audio iskustvo koje se uistinu isti\u010de.<\/p>\n<p><strong>Klju\u010dne zna\u010dajke<\/strong>:<\/p>\n<ol>\n<li><strong>Autenti\u010dan Lenovo proizvod<\/strong>: Kao originalni Lenovo dio, ovi zvu\u010dnici obe\u0107avaju besprijekornu kompatibilnost s Thinkpadom L540, osiguravaju\u0107i besprijekornu integraciju i optimalnu izvedbu.<\/li>\n<li><strong>Vrhunska kvaliteta zvuka<\/strong>: Bilo da se radi o glazbi, filmovima ili videopozivima, do\u017eivite o\u0161tar, jasan i \u017eiv zvuk. Zvu\u010dnici 04X4889 dizajnirani su da ponude uravnote\u017een zvu\u010dni profil, pobolj\u0161avaju\u0107i i visoke i niske tonove.<\/li>\n<li><strong>Izdr\u017eljivost<\/strong>: Izra\u0111eni od kvalitetnih materijala i preciznog in\u017eenjeringa, ovi su zvu\u010dnici napravljeni da traju, otporni na tro\u0161enje i habanje od svakodnevne upotrebe.<\/li>\n<li><strong>Jednostavna instalacija<\/strong>: s to\u010dnim uklapanjem i specifi\u010dnim dizajnom za Thinkpad L540, instalacija ili zamjena zvu\u010dnika je jednostavna, osiguravaju\u0107i da \u0107ete u trenu ponovno u\u017eivati u izvrsnom zvuku.<\/li>\n<li><strong>Optimalna izvedba<\/strong>: Pobolj\u0161ajte audio mogu\u0107nosti svog prijenosnog ra\u010dunala s komponentama napravljenim za isporuku. Ne dopustite da lo\u0161a kvaliteta zvuka ometa va\u0161e iskustvo. Nadogradite na originalne zvu\u010dnike 04X4889 i primijetite razliku.<\/li>\n<\/ol>\n<p>Za korisnike Thinkpada L540 kojima je kvaliteta zvuka prioritet i \u017eele u\u017eivati u oboga\u0107enom audio iskustvu, zvu\u010dnici 04X4889 za Lenovo Thinkpad L540 pravi su izbor. Pobolj\u0161ajte svoje multimedijske anga\u017emane i osigurajte da dobijete najbolje \u0161to se ti\u010de audio izlaza. Odaberite izvorno, odaberite kvalitetu i neka svaka zvu\u010dna nota pogodi pravu strunu!<\/p>\n<\/div>\n<\/div>\n<\/div>\n<div class=\"flex justify-between empty:hidden lg:block\">\n<div class=\"text-gray-400 flex self-end lg:self-center justify-center gizmo:lg:justify-start mt-2 gizmo:mt-0 visible lg:gap-1 lg:absolute lg:top-0 lg:translate-x-full lg:right-0 lg:mt-0 lg:pl-2 gap-2 md:gap-3\"><button class=\"flex ml-auto gizmo:ml-0 gap-2 items-center rounded-md p-1 text-xs gizmo:gap-1.5 gizmo:pl-0 dark:text-gray-400 dark:hover:bg-gray-700 dark:hover:text-gray-200 onemogu\u0107eno:dark:hover:text-gray-400 hover:bg-gray-100 hover:text-gray-700\"><\/button><\/p>\n<div class=\"flex gap-1 gizmo:gap-3\"><\/div>\n<\/div>\n<\/div>\n<\/div>\n<\/div>\n<\/div>\n<\/div>\n","protected":false},"excerpt":{"rendered":"<p>Zvu\u010dnici 04X4889: Originalne audio komponente za Lenovo Thinkpad L540, koje osiguravaju o\u0161tar i \u010dist zvuk.<\/p>\n","protected":false},"featured_media":20458,"template":"","meta":[],"product_brand":[],"product_cat":[53],"product_tag":[61],"class_list":{"0":"post-20396","1":"product","2":"type-product","3":"status-publish","4":"has-post-thumbnail","6":"product_cat-laptop-speakers","7":"product_tag-lenovo","9":"first","10":"instock","11":"taxable","12":"shipping-taxable","13":"purchasable","14":"product-type-simple"},"_links":{"self":[{"href":"https:\/\/boreait.com\/hr\/wp-json\/wp\/v2\/product\/20396","targetHints":{"allow":["GET"]}}],"collection":[{"href":"https:\/\/boreait.com\/hr\/wp-json\/wp\/v2\/product"}],"about":[{"href":"https:\/\/boreait.com\/hr\/wp-json\/wp\/v2\/types\/product"}],"wp:featuredmedia":[{"embeddable":true,"href":"https:\/\/boreait.com\/hr\/wp-json\/wp\/v2\/media\/20458"}],"wp:attachment":[{"href":"https:\/\/boreait.com\/hr\/wp-json\/wp\/v2\/media?parent=20396"}],"wp:term":[{"taxonomy":"product_brand","embeddable":true,"href":"https:\/\/boreait.com\/hr\/wp-json\/wp\/v2\/product_brand?post=20396"},{"taxonomy":"product_cat","embeddable":true,"href":"https:\/\/boreait.com\/hr\/wp-json\/wp\/v2\/product_cat?post=20396"},{"taxonomy":"product_tag","embeddable":true,"href":"https:\/\/boreait.com\/hr\/wp-json\/wp\/v2\/product_tag?post=20396"}],"curies":[{"name":"wp","href":"https:\/\/api.w.org\/{rel}","templated":true}]}}