{"id":20391,"date":"2025-07-25T11:23:52","date_gmt":"2025-07-25T11:23:52","guid":{"rendered":"https:\/\/boreait.com\/hr\/?post_type=product&#038;p=20391"},"modified":"2026-01-14T08:36:37","modified_gmt":"2026-01-14T08:36:37","slug":"asus-x553-x553m-x553ma-prijenosno-racunalo-lr-par-sarke-zaslona-x553","status":"publish","type":"product","link":"https:\/\/boreait.com\/hr\/product\/asus-x553-x553m-x553ma-prijenosno-racunalo-lr-par-sarke-zaslona-x553\/","title":{"rendered":"ASUS X553 X553M X553MA prijenosno ra\u010dunalo L+R PAR \u0160arke zaslona X553"},"content":{"rendered":"<p>Nadogradite \u0161arke svog ASUS prijenosnog ra\u010dunala s ASUS SonicMaster setom \u0161arki lijevo + desno. Ove originalne ASUS zamjenske \u0161arke dizajnirane su za vra\u0107anje funkcionalnosti i estetike va\u0161eg prijenosnog ra\u010dunala. Bilo da imate posla sa slomljenom \u0161arkom ili jednostavno \u017eelite osvje\u017eiti izgled prijenosnog ra\u010dunala, ove \u0161arke pru\u017eaju savr\u0161eno rje\u0161enje.<\/p>\n<p>Proizveden od strane ASUS-a, pouzdanog imena u ra\u010dunalnoj tehnologiji, set SonicMaster \u0161arki lijevo + desno osigurava besprijekornu integraciju s va\u0161im prijenosnim ra\u010dunalom. Ove su \u0161arke posebno dizajnirane za ASUS prijenosna ra\u010dunala, osiguravaju\u0107i savr\u0161eno pristajanje i pouzdan rad.<\/p>\n<p>Instalacija je jednostavna, zahvaljuju\u0107i preciznom dizajnu koji odgovara originalnim komponentama va\u0161eg prijenosnog ra\u010dunala. Odabirom autenti\u010dnih ASUS dijelova ula\u017eete u kvalitetu i dugovje\u010dnost svog prijenosnog ra\u010dunala.<\/p>\n<p>Nadogradite svoje prijenosno ra\u010dunalo ASUS SonicMaster Hinges Left + Right set i u\u017eivajte u obnovljenoj funkcionalnosti i estetici. Osigurajte da \u0161arke va\u0161eg prijenosnog ra\u010dunala rade glatko i da izgledaju kao nove.<\/p>\n","protected":false},"excerpt":{"rendered":"<p>Nadogradite \u0161arke svog ASUS prijenosnog ra\u010dunala s ASUS SonicMaster setom \u0161arki lijevo + desno. Vratite funkcionalnost i estetiku s ovim originalnim ASUS zamjenskim \u0161arkama.<\/p>\n","protected":false},"featured_media":20451,"template":"","meta":[],"product_brand":[],"product_cat":[54],"product_tag":[65],"class_list":{"0":"post-20391","1":"product","2":"type-product","3":"status-publish","4":"has-post-thumbnail","6":"product_cat-screen-hinge","7":"product_tag-asus","9":"first","10":"instock","11":"taxable","12":"shipping-taxable","13":"purchasable","14":"product-type-simple"},"_links":{"self":[{"href":"https:\/\/boreait.com\/hr\/wp-json\/wp\/v2\/product\/20391","targetHints":{"allow":["GET"]}}],"collection":[{"href":"https:\/\/boreait.com\/hr\/wp-json\/wp\/v2\/product"}],"about":[{"href":"https:\/\/boreait.com\/hr\/wp-json\/wp\/v2\/types\/product"}],"wp:featuredmedia":[{"embeddable":true,"href":"https:\/\/boreait.com\/hr\/wp-json\/wp\/v2\/media\/20451"}],"wp:attachment":[{"href":"https:\/\/boreait.com\/hr\/wp-json\/wp\/v2\/media?parent=20391"}],"wp:term":[{"taxonomy":"product_brand","embeddable":true,"href":"https:\/\/boreait.com\/hr\/wp-json\/wp\/v2\/product_brand?post=20391"},{"taxonomy":"product_cat","embeddable":true,"href":"https:\/\/boreait.com\/hr\/wp-json\/wp\/v2\/product_cat?post=20391"},{"taxonomy":"product_tag","embeddable":true,"href":"https:\/\/boreait.com\/hr\/wp-json\/wp\/v2\/product_tag?post=20391"}],"curies":[{"name":"wp","href":"https:\/\/api.w.org\/{rel}","templated":true}]}}