{"id":20368,"date":"2025-07-25T11:23:29","date_gmt":"2025-07-25T11:23:29","guid":{"rendered":"https:\/\/boreait.com\/hr\/?post_type=product&#038;p=20368"},"modified":"2026-01-10T13:44:03","modified_gmt":"2026-01-10T13:44:03","slug":"asus-x453-x553-f553-p553-r413-kartica-sa-usb-audio-jackom","status":"publish","type":"product","link":"https:\/\/boreait.com\/hr\/product\/asus-x453-x553-f553-p553-r413-kartica-sa-usb-audio-jackom\/","title":{"rendered":"ASUS X453 X553 F553 P553 R413 KARTICA SA USB &#038; AUDIO JACKOM"},"content":{"rendered":"<p>Nadogradite povezivost prijenosnog ra\u010dunala ASUS X453, X553, F553, P553 ili R413 s karticom ASUS X453 X553 F553 P553 R413 s USB &amp; Audio uti\u010dnica. Ova originalna zamjenska kartica dizajnirana je za optimizaciju povezivosti va\u0161eg prijenosnog ra\u010dunala, pru\u017eaju\u0107i i USB i audio priklju\u010dak za pobolj\u0161ano iskustvo rada s ra\u010dunalom.<\/p>\n<p>Karticu ASUS X453 X553 F553 P553 R413 s USB &amp; Audio priklju\u010dak osigurava besprijekornu integraciju s va\u0161im prijenosnim ra\u010dunalom. Kao bitna komponenta internih sustava va\u0161eg prijenosnog ra\u010dunala, ova kartica pro\u0161iruje va\u0161e mogu\u0107nosti povezivanja, omogu\u0107uju\u0107i vam jednostavno povezivanje USB ure\u0111aja i slu\u0161alica ili vanjskih zvu\u010dnika.<\/p>\n<p>Bilo da trebate prenijeti datoteke putem USB-a, koristiti vanjske audio ure\u0111aje ili jednostavno u\u017eivati u boljoj kvaliteti zvuka, ova zamjenska kartica nudi pogodnost i u\u010dinkovitost koju tra\u017eite. Pojednostavite svoje radne tijekove, u\u017eivajte u zvuku visoke kvalitete i pove\u017eite \u0161irok raspon perifernih ure\u0111aja bez potrebe za dodatnim adapterima ili \u010dvori\u0161tima.<\/p>\n<p>Instalacija je jednostavna zahvaljuju\u0107i dizajnu koji je uskla\u0111en s originalnim komponentama va\u0161eg prijenosnog ra\u010dunala.\u00a0 Odabirom autenti\u010dnih ASUS dijelova ula\u017eete u kvalitetu i pouzdanost povezivosti i audio mogu\u0107nosti va\u0161eg prijenosnog ra\u010dunala.<\/p>\n<p>Nadogradite povezivost i audio funkcionalnost va\u0161eg prijenosnog ra\u010dunala s karticom ASUS X453 X553 F553 P553 R413 s USB &amp; Audio uti\u010dnica. U\u017eivajte u pro\u0161irenim mogu\u0107nostima povezivanja, pobolj\u0161anoj kvaliteti zvuka i besprijekornom iskustvu rada na va\u0161em prijenosnom ra\u010dunalu ASUS X453, X553, F553, P553 ili R413. Pobolj\u0161ajte svoje ra\u010dunalno iskustvo s ovom pouzdanom i u\u010dinkovitom zamjenskom karticom.<\/p>\n<p>Prije kupnje provjerite kompatibilnost s odre\u0111enim modelom prijenosnog ra\u010dunala.<\/p>\n","protected":false},"excerpt":{"rendered":"<p>Pobolj\u0161ajte povezivost i audio mogu\u0107nosti na va\u0161em prijenosnom ra\u010dunalu ASUS X453, X553, F553, P553 ili R413 s karticom ASUS X453 X553 F553 P553 R413 s USB &amp; Audio uti\u010dnica.<\/p>\n","protected":false},"featured_media":20433,"template":"","meta":[],"product_brand":[],"product_cat":[62],"product_tag":[65],"class_list":{"0":"post-20368","1":"product","2":"type-product","3":"status-publish","4":"has-post-thumbnail","6":"product_cat-motherboards-board-parts","7":"product_tag-asus","9":"first","10":"instock","11":"taxable","12":"shipping-taxable","13":"purchasable","14":"product-type-simple"},"_links":{"self":[{"href":"https:\/\/boreait.com\/hr\/wp-json\/wp\/v2\/product\/20368","targetHints":{"allow":["GET"]}}],"collection":[{"href":"https:\/\/boreait.com\/hr\/wp-json\/wp\/v2\/product"}],"about":[{"href":"https:\/\/boreait.com\/hr\/wp-json\/wp\/v2\/types\/product"}],"wp:featuredmedia":[{"embeddable":true,"href":"https:\/\/boreait.com\/hr\/wp-json\/wp\/v2\/media\/20433"}],"wp:attachment":[{"href":"https:\/\/boreait.com\/hr\/wp-json\/wp\/v2\/media?parent=20368"}],"wp:term":[{"taxonomy":"product_brand","embeddable":true,"href":"https:\/\/boreait.com\/hr\/wp-json\/wp\/v2\/product_brand?post=20368"},{"taxonomy":"product_cat","embeddable":true,"href":"https:\/\/boreait.com\/hr\/wp-json\/wp\/v2\/product_cat?post=20368"},{"taxonomy":"product_tag","embeddable":true,"href":"https:\/\/boreait.com\/hr\/wp-json\/wp\/v2\/product_tag?post=20368"}],"curies":[{"name":"wp","href":"https:\/\/api.w.org\/{rel}","templated":true}]}}