{"id":20366,"date":"2025-07-25T11:23:29","date_gmt":"2025-07-25T11:23:29","guid":{"rendered":"https:\/\/boreait.com\/hr\/?post_type=product&#038;p=20366"},"modified":"2026-01-10T13:43:29","modified_gmt":"2026-01-10T13:43:29","slug":"lenovo-thinkpad-x1-carbon-usb-port-konektori-switch","status":"publish","type":"product","link":"https:\/\/boreait.com\/hr\/product\/lenovo-thinkpad-x1-carbon-usb-port-konektori-switch\/","title":{"rendered":"Lenovo Thinkpad X1 Carbon USB Port konektori Switch"},"content":{"rendered":"<p>Pove\u0107ajte povezivost i upotrebljivost svog prijenosnog ra\u010dunala Lenovo ThinkPad X1 Carbon s Lenovo Thinkpad X1 Carbon USB priklju\u010dkom Switch. Izra\u0111en da optimizira USB funkcionalnost va\u0161eg prijenosnog ra\u010dunala, ovaj originalni prekida\u010d nudi besprijekornu integraciju i pobolj\u0161anu upotrebljivost za pobolj\u0161ano ra\u010dunalno iskustvo.<\/p>\n<p> Dizajniran od strane Lenovo, pouzdanog imena u ra\u010dunalnoj tehnologiji, Thinkpad X1 Carbon USB Port Connectors Switch osigurava pouzdano USB povezivanje i besprijekorno prebacivanje izme\u0111u USB priklju\u010daka. Kao bitna komponenta internih sustava va\u0161eg prijenosnog ra\u010dunala, ovaj prekida\u010d igra klju\u010dnu ulogu u pro\u0161irenju mogu\u0107nosti USB povezivanja.<\/p>\n<p>Bilo da trebate spojiti vanjske ure\u0111aje, prenijeti podatke ili napuniti periferne ure\u0111aje, ovaj prekida\u010d za priklju\u010dke USB priklju\u010dka nudi pogodnost i u\u010dinkovitost koju tra\u017eite. Uz vi\u0161estruke USB priklju\u010dke koji su vam na raspolaganju i mogu\u0107nost prebacivanja izme\u0111u njih bez napora, mo\u017eete lako prilagoditi razli\u010dite ure\u0111aje bez potrebe za dodatnim adapterima ili \u010dvori\u0161tima.<\/p>\n<p>Instalacija je jednostavna zahvaljuju\u0107i OEM dizajnu koji je uskla\u0111en s originalnim komponentama va\u0161eg prijenosnog ra\u010dunala.\u00a0 Odabirom autenti\u010dnih Lenovo dijelova ula\u017eete u kvalitetu i pouzdanost povezivosti va\u0161eg prijenosnog ra\u010dunala.<\/p>\n<p>Nadogradite USB povezivost prijenosnog ra\u010dunala pomo\u0107u Lenovo Thinkpad X1 Carbon USB Port Connectors Switch. Pobolj\u0161ajte USB mogu\u0107nosti, pojednostavite tijek rada i pove\u017eite vanjske ure\u0111aje bez napora s ovim pouzdanim i u\u010dinkovitim prekida\u010dem.<\/p>\n<p>Prije kupnje provjerite kompatibilnost s odre\u0111enim modelom prijenosnog ra\u010dunala.<\/p>\n","protected":false},"excerpt":{"rendered":"<p>Pobolj\u0161ajte USB povezivost na prijenosnom ra\u010dunalu Lenovo ThinkPad X1 Carbon s prekida\u010dem konektora USB priklju\u010dka Lenovo Thinkpad X1 Carbon. U\u017eivajte u besprijekornom prebacivanju izme\u0111u USB priklju\u010daka za pobolj\u0161anu upotrebljivost.<\/p>\n","protected":false},"featured_media":20430,"template":"","meta":[],"product_brand":[],"product_cat":[62],"product_tag":[61],"class_list":{"0":"post-20366","1":"product","2":"type-product","3":"status-publish","4":"has-post-thumbnail","6":"product_cat-motherboards-board-parts","7":"product_tag-lenovo","9":"first","10":"instock","11":"taxable","12":"shipping-taxable","13":"purchasable","14":"product-type-simple"},"_links":{"self":[{"href":"https:\/\/boreait.com\/hr\/wp-json\/wp\/v2\/product\/20366","targetHints":{"allow":["GET"]}}],"collection":[{"href":"https:\/\/boreait.com\/hr\/wp-json\/wp\/v2\/product"}],"about":[{"href":"https:\/\/boreait.com\/hr\/wp-json\/wp\/v2\/types\/product"}],"wp:featuredmedia":[{"embeddable":true,"href":"https:\/\/boreait.com\/hr\/wp-json\/wp\/v2\/media\/20430"}],"wp:attachment":[{"href":"https:\/\/boreait.com\/hr\/wp-json\/wp\/v2\/media?parent=20366"}],"wp:term":[{"taxonomy":"product_brand","embeddable":true,"href":"https:\/\/boreait.com\/hr\/wp-json\/wp\/v2\/product_brand?post=20366"},{"taxonomy":"product_cat","embeddable":true,"href":"https:\/\/boreait.com\/hr\/wp-json\/wp\/v2\/product_cat?post=20366"},{"taxonomy":"product_tag","embeddable":true,"href":"https:\/\/boreait.com\/hr\/wp-json\/wp\/v2\/product_tag?post=20366"}],"curies":[{"name":"wp","href":"https:\/\/api.w.org\/{rel}","templated":true}]}}