{"id":20365,"date":"2025-07-25T11:23:29","date_gmt":"2025-07-25T11:23:29","guid":{"rendered":"https:\/\/boreait.com\/hr\/?post_type=product&#038;p=20365"},"modified":"2025-07-25T11:24:25","modified_gmt":"2025-07-25T11:24:25","slug":"13nb0341ap0431-asus-x551ca-bottom-case-assy","status":"publish","type":"product","link":"https:\/\/boreait.com\/hr\/product\/13nb0341ap0431-asus-x551ca-bottom-case-assy\/","title":{"rendered":"13NB0341AP0431 ASUS X551CA BOTTOM CASE ASSY"},"content":{"rendered":"<p>Nadogradite i za\u0161titite svoje prijenosno ra\u010dunalo ASUS X551CA sa sklopom donjeg ku\u0107i\u0161ta ASUS X551CA (Broj dijela: 13NB0341AP0431). Ovaj originalni sklop donjeg ku\u0107i\u0161ta dizajniran je za besprijekornu integraciju s va\u0161im prijenosnim ra\u010dunalom, nude\u0107i pobolj\u0161anu izdr\u017eljivost, sigurnost i estetiku.<\/p>\n<p>Izradio ga je ASUS, renomirano ime ra\u010dunalne tehnologije, ovaj sklop donjeg ku\u0107i\u0161ta klju\u010dna je komponenta za strukturni integritet va\u0161eg prijenosnog ra\u010dunala. Pru\u017ea \u010dvrst temelj, a istovremeno \u0161titi unutarnje komponente od pra\u0161ine i krhotina.<\/p>\n<p>Zamjena sklopa donjeg ku\u0107i\u0161ta tako\u0111er mo\u017ee pobolj\u0161ati ukupni izgled va\u0161eg prijenosnog ra\u010dunala, daju\u0107i mu svje\u017e i dobro odr\u017eavan izgled. To je prakti\u010dno rje\u0161enje za rje\u0161avanje pitanja habanja ili o\u0161te\u0107enja postoje\u0107eg donjeg ku\u0107i\u0161ta.<\/p>\n<p>Instalacija je jednostavna zahvaljuju\u0107i OEM dizajnu, koji odgovara originalnim komponentama va\u0161eg ASUS X551CA. Odabirom autenti\u010dnih ASUS dijelova osiguravate dugotrajnost i pouzdanost svog prijenosnog ra\u010dunala.<\/p>\n<p>Pove\u0107ajte izdr\u017eljivost, sigurnost i estetiku svog prijenosnog ra\u010dunala sa sklopom donjeg ku\u0107i\u0161ta ASUS X551CA (Broj dijela: 13NB0341AP0431). Za\u0161titite svoje unutarnje komponente i osvje\u017eite izgled svog ASUS X551CA ovim pouzdanim i u\u010dinkovitim sklopom donjeg ku\u0107i\u0161ta.<\/p>\n<p>Prije kupnje provjerite kompatibilnost s odre\u0111enim modelom prijenosnog ra\u010dunala.<\/p>\n","protected":false},"excerpt":{"rendered":"<p>Nadogradite i za\u0161titite svoje prijenosno ra\u010dunalo ASUS X551CA sa sklopom donjeg ku\u0107i\u0161ta ASUS X551CA (Broj dijela: 13NB0341AP0431). Pove\u0107ajte izdr\u017eljivost i estetiku s ovim originalnim sklopom donjeg ku\u0107i\u0161ta.<\/p>\n","protected":false},"featured_media":20428,"template":"","meta":[],"product_brand":[],"product_cat":[51],"product_tag":[65],"class_list":{"0":"post-20365","1":"product","2":"type-product","3":"status-publish","4":"has-post-thumbnail","6":"product_cat-laptop-housing","7":"product_tag-asus","9":"first","10":"instock","11":"taxable","12":"shipping-taxable","13":"purchasable","14":"product-type-simple"},"_links":{"self":[{"href":"https:\/\/boreait.com\/hr\/wp-json\/wp\/v2\/product\/20365","targetHints":{"allow":["GET"]}}],"collection":[{"href":"https:\/\/boreait.com\/hr\/wp-json\/wp\/v2\/product"}],"about":[{"href":"https:\/\/boreait.com\/hr\/wp-json\/wp\/v2\/types\/product"}],"wp:featuredmedia":[{"embeddable":true,"href":"https:\/\/boreait.com\/hr\/wp-json\/wp\/v2\/media\/20428"}],"wp:attachment":[{"href":"https:\/\/boreait.com\/hr\/wp-json\/wp\/v2\/media?parent=20365"}],"wp:term":[{"taxonomy":"product_brand","embeddable":true,"href":"https:\/\/boreait.com\/hr\/wp-json\/wp\/v2\/product_brand?post=20365"},{"taxonomy":"product_cat","embeddable":true,"href":"https:\/\/boreait.com\/hr\/wp-json\/wp\/v2\/product_cat?post=20365"},{"taxonomy":"product_tag","embeddable":true,"href":"https:\/\/boreait.com\/hr\/wp-json\/wp\/v2\/product_tag?post=20365"}],"curies":[{"name":"wp","href":"https:\/\/api.w.org\/{rel}","templated":true}]}}