{"id":20362,"date":"2025-07-25T11:23:29","date_gmt":"2025-07-25T11:23:29","guid":{"rendered":"https:\/\/boreait.com\/hr\/?post_type=product&#038;p=20362"},"modified":"2025-07-25T11:24:17","modified_gmt":"2025-07-25T11:24:17","slug":"rabljeno-lenovo-thinkpad-l540-laptop-lcd-straznji-poklopac-gornja-straznja-maska-case-04x4855","status":"publish","type":"product","link":"https:\/\/boreait.com\/hr\/product\/rabljeno-lenovo-thinkpad-l540-laptop-lcd-straznji-poklopac-gornja-straznja-maska-case-04x4855\/","title":{"rendered":"Rabljeno Lenovo Thinkpad L540 Laptop LCD stra\u017enji poklopac Gornja stra\u017enja maska Case 04X4855"},"content":{"rendered":"<p><strong>ISTA NAVLAKA KAO \u0160TO JE PRIKAZANA NA FOTOGRAFIJI U POPISU!<\/strong><\/p>\n<p>Rabljena torbica gornjeg stra\u017enjeg poklopca stra\u017enjeg poklopca LCD prijenosnog ra\u010dunala Lenovo Thinkpad L540 04X4855 &#8211; robusna za\u0161tita i sofisticirani dizajn:<\/p>\n<p>Za korisnike Thinkpada L540 prioritet je odr\u017eavanje netaknutog izgleda i za\u0161tita prijenosnog ra\u010dunala od mogu\u0107ih o\u0161te\u0107enja. Rabljeno Lenovo Thinkpad L540 04X4855 prijenosno LCD ku\u0107i\u0161te sa stra\u017enjim poklopcem i gornjim stra\u017enjim poklopcem savr\u0161eno je rje\u0161enje koje nudi za\u0161titu i da\u0161ak elegancije.<\/p>\n<p><strong>Klju\u010dne zna\u010dajke<\/strong>:<\/p>\n<ol>\n<li><strong>Originalni Lenovo proizvod<\/strong>: Osigurajte kompatibilnost i kvalitetu odabirom autenti\u010dnog stra\u017enjeg poklopca Lenovo. Obe\u0107ava to\u010dno pristajanje i vrhunski osje\u0107aj za va\u0161 Thinkpad L540.<\/li>\n<li><strong>Pobolj\u0161ana za\u0161tita<\/strong>: Izra\u0111en da ponudi optimalnu za\u0161titu, ovaj stra\u017enji poklopac \u0161titi va\u0161 LCD od ogrebotina, ogrebotina i svakodnevnog habanja, osiguravaju\u0107i da va\u0161e prijenosno ra\u010dunalo izgleda i dulje u\u010dinkovito funkcionira.<\/li>\n<li><strong>Sofisticirani dizajn<\/strong>: Iako je njegova primarna funkcija za\u0161tita, ovaj stra\u017enji poklopac ne dovodi u pitanje estetiku. Zadr\u017eava sofisticirani izgled va\u0161eg Thinkpada, osiguravaju\u0107i da se isti\u010de u gomili.<\/li>\n<li><strong>Jednostavna instalacija<\/strong>: Budu\u0107i da je originalni Lenovo proizvod, osigurava jednostavno i precizno pristajanje. Bilo da mijenjate o\u0161te\u0107eni stra\u017enji poklopac ili samo nadogra\u0111ujete, postupak je jednostavan.<\/li>\n<li><strong>Isplativo rje\u0161enje<\/strong>: Umjesto ulaganja u novo prijenosno ra\u010dunalo, zamjenom ili nadogradnjom dijelova kao \u0161to je stra\u017enji poklopac mo\u017eete dati va\u0161em ure\u0111aju osvje\u017een izgled i produ\u017eiti \u017eivotni vijek.<\/li>\n<\/ol>\n<p>Za one koji \u017eele zadr\u017eati izgled i funkcionalnost svog Lenovo Thinkpada L540, rabljeni Lenovo Thinkpad L540 laptop LCD stra\u017enji poklopac ku\u0107i\u0161ta 04X4855 izvrstan je izbor. Ne samo da osigurava za\u0161titu, ve\u0107 i dodaje da\u0161ak elegancije va\u0161em ure\u0111aju. U\u010dinite da va\u0161e prijenosno ra\u010dunalo izgleda kao novo, a da ne razbijete novac!<\/p>\n","protected":false},"excerpt":{"rendered":"<p>Rabljeni Lenovo Thinkpad L540 04X4855: Autenti\u010dna gornja stra\u017enja maska sa stra\u017enjim poklopcem LCD-a dizajnirana za za\u0161titu i pobolj\u0161anje estetike va\u0161eg prijenosnog ra\u010dunala.<\/p>\n","protected":false},"featured_media":20423,"template":"","meta":[],"product_brand":[],"product_cat":[51],"product_tag":[61],"class_list":{"0":"post-20362","1":"product","2":"type-product","3":"status-publish","4":"has-post-thumbnail","6":"product_cat-laptop-housing","7":"product_tag-lenovo","9":"first","10":"instock","11":"taxable","12":"shipping-taxable","13":"purchasable","14":"product-type-simple"},"_links":{"self":[{"href":"https:\/\/boreait.com\/hr\/wp-json\/wp\/v2\/product\/20362","targetHints":{"allow":["GET"]}}],"collection":[{"href":"https:\/\/boreait.com\/hr\/wp-json\/wp\/v2\/product"}],"about":[{"href":"https:\/\/boreait.com\/hr\/wp-json\/wp\/v2\/types\/product"}],"wp:featuredmedia":[{"embeddable":true,"href":"https:\/\/boreait.com\/hr\/wp-json\/wp\/v2\/media\/20423"}],"wp:attachment":[{"href":"https:\/\/boreait.com\/hr\/wp-json\/wp\/v2\/media?parent=20362"}],"wp:term":[{"taxonomy":"product_brand","embeddable":true,"href":"https:\/\/boreait.com\/hr\/wp-json\/wp\/v2\/product_brand?post=20362"},{"taxonomy":"product_cat","embeddable":true,"href":"https:\/\/boreait.com\/hr\/wp-json\/wp\/v2\/product_cat?post=20362"},{"taxonomy":"product_tag","embeddable":true,"href":"https:\/\/boreait.com\/hr\/wp-json\/wp\/v2\/product_tag?post=20362"}],"curies":[{"name":"wp","href":"https:\/\/api.w.org\/{rel}","templated":true}]}}