{"id":20348,"date":"2025-07-25T11:23:08","date_gmt":"2025-07-25T11:23:08","guid":{"rendered":"https:\/\/boreait.com\/hr\/?post_type=product&#038;p=20348"},"modified":"2026-01-10T13:43:13","modified_gmt":"2026-01-10T13:43:13","slug":"hp-625-sarke-lijevo-i-desno-605769-001","status":"publish","type":"product","link":"https:\/\/boreait.com\/hr\/product\/hp-625-sarke-lijevo-i-desno-605769-001\/","title":{"rendered":"HP 625 \u0161arke lijevo i desno 605769-001"},"content":{"rendered":"<p>Nadogradite funkcionalnost i izdr\u017eljivost svog prijenosnog ra\u010dunala HP 625 pomo\u0107u seta HP 625 \u0161arki lijevo desno. HP SPS: 605769-001. Izra\u0111ene za optimiziranje otvaranja i zatvaranja zaslona va\u0161eg prijenosnog ra\u010dunala, ove originalne HP \u0161arke osiguravaju besprijekornu integraciju i pobolj\u0161anu dugovje\u010dnost za pobolj\u0161ano ra\u010dunalno iskustvo.<\/p>\n<p> Dizajniran od strane HP-a, pouzdanog imena u ra\u010dunalnoj tehnologiji, HP 625 Hinges Left Right set dizajniran je za pru\u017eanje pouzdane funkcionalnosti \u0161arki. Kao bitne komponente sustava \u0161arki va\u0161eg prijenosnog ra\u010dunala, ove \u0161arke igraju klju\u010dnu ulogu u odr\u017eavanju strukturalnog integriteta va\u0161eg prijenosnog ra\u010dunala.<\/p>\n<p>Bilo da trebate zamijeniti o\u0161te\u0107ene \u0161arke ili jednostavno \u017eelite osigurati nesmetan rad zaslona prijenosnog ra\u010dunala, ovaj set \u0161arki nudi prakti\u010dnost i pouzdanost koju tra\u017eite. Pru\u017eaju\u0107i potrebnu podr\u0161ku, ove \u0161arke pove\u0107avaju ukupnu upotrebljivost i \u017eivotni vijek va\u0161eg prijenosnog ra\u010dunala HP 625.<\/p>\n<p>Instalacija je jednostavna zahvaljuju\u0107i OEM dizajnu koji je uskla\u0111en s originalnim komponentama \u0161arki va\u0161eg prijenosnog ra\u010dunala. Odabirom autenti\u010dnih HP-ovih dijelova ula\u017eete u kvalitetu i pouzdanost sustava \u0161arki va\u0161eg prijenosnog ra\u010dunala.<\/p>\n<p>Nadogradite funkcionalnost \u0161arki va\u0161eg prijenosnog ra\u010dunala s HP 625 Hinges Left Right set. U\u017eivajte u glatkom pomicanju zaslona, pobolj\u0161anoj izdr\u017eljivosti i pobolj\u0161anom strukturnom integritetu va\u0161eg prijenosnog ra\u010dunala HP 625. Pobolj\u0161ajte svoje ra\u010dunalno iskustvo s ovim pouzdanim i u\u010dinkovitim setom \u0161arki.<\/p>\n<p>Prije kupnje provjerite kompatibilnost s odre\u0111enim modelom prijenosnog ra\u010dunala.<\/p>\n","protected":false},"excerpt":{"rendered":"<p>Pove\u0107ajte izdr\u017eljivost i funkcionalnost svog prijenosnog ra\u010dunala HP 625 s kompletom HP 625 \u0161arki lijevo desno. U\u017eivajte u glatkijem pokretu zaslona i pobolj\u0161anom strukturnom integritetu.<\/p>\n","protected":false},"featured_media":20410,"template":"","meta":[],"product_brand":[],"product_cat":[54],"product_tag":[60],"class_list":{"0":"post-20348","1":"product","2":"type-product","3":"status-publish","4":"has-post-thumbnail","6":"product_cat-screen-hinge","7":"product_tag-hp","9":"first","10":"instock","11":"taxable","12":"shipping-taxable","13":"purchasable","14":"product-type-simple"},"_links":{"self":[{"href":"https:\/\/boreait.com\/hr\/wp-json\/wp\/v2\/product\/20348","targetHints":{"allow":["GET"]}}],"collection":[{"href":"https:\/\/boreait.com\/hr\/wp-json\/wp\/v2\/product"}],"about":[{"href":"https:\/\/boreait.com\/hr\/wp-json\/wp\/v2\/types\/product"}],"wp:featuredmedia":[{"embeddable":true,"href":"https:\/\/boreait.com\/hr\/wp-json\/wp\/v2\/media\/20410"}],"wp:attachment":[{"href":"https:\/\/boreait.com\/hr\/wp-json\/wp\/v2\/media?parent=20348"}],"wp:term":[{"taxonomy":"product_brand","embeddable":true,"href":"https:\/\/boreait.com\/hr\/wp-json\/wp\/v2\/product_brand?post=20348"},{"taxonomy":"product_cat","embeddable":true,"href":"https:\/\/boreait.com\/hr\/wp-json\/wp\/v2\/product_cat?post=20348"},{"taxonomy":"product_tag","embeddable":true,"href":"https:\/\/boreait.com\/hr\/wp-json\/wp\/v2\/product_tag?post=20348"}],"curies":[{"name":"wp","href":"https:\/\/api.w.org\/{rel}","templated":true}]}}