{"id":20319,"date":"2025-07-25T11:22:47","date_gmt":"2025-07-25T11:22:47","guid":{"rendered":"https:\/\/boreait.com\/hr\/?post_type=product&#038;p=20319"},"modified":"2025-07-25T11:23:40","modified_gmt":"2025-07-25T11:23:40","slug":"straznji-poklopac-hp-620-605764-001","status":"publish","type":"product","link":"https:\/\/boreait.com\/hr\/product\/straznji-poklopac-hp-620-605764-001\/","title":{"rendered":"Stra\u017enji poklopac HP 620 605764-001"},"content":{"rendered":"<p>Nadogradite izgled i za\u0161titu svog prijenosnog ra\u010dunala HP 620 sa stra\u017enjim poklopcem HP 620 &#8211; SPS: 605764-001. Izra\u0111en da savr\u0161eno pristaje va\u0161em prijenosnom ra\u010dunalu, ovaj originalni stra\u017enji poklopac ne samo da pobolj\u0161ava njegovu estetiku, ve\u0107 tako\u0111er pru\u017ea bitnu za\u0161titu unutarnjih komponenti.<\/p>\n<p> Dizajniran od strane HP-a, pouzdanog imena u ra\u010dunalnoj tehnologiji, stra\u017enji poklopac HP 620 dizajniran je za precizno pristajanje i zavr\u0161nu obradu. Osigurava da \u0107e va\u0161e prijenosno ra\u010dunalo ostati za\u0161ti\u0107eno od pra\u0161ine, krhotina i mogu\u0107ih o\u0161te\u0107enja, a sve to mu daje elegantan i profesionalan izgled.<\/p>\n<p>Ovaj stra\u017enji omot je idealna zamjena za o\u0161te\u0107eni ili istro\u0161eni omot. Tako\u0111er je savr\u0161en ako \u017eelite promijeniti boju ili stil svog prijenosnog ra\u010dunala. Instalacija je jednostavna zahvaljuju\u0107i OEM dizajnu koji odgovara izvornim komponentama va\u0161eg HP 620.<\/p>\n<p>Unaprijedite izgled i za\u0161titite unutra\u0161njost svog prijenosnog ra\u010dunala sa stra\u017enjim poklopcem HP 620. Pobolj\u0161ajte njegovu ukupnu trajnost, estetiku i za\u0161titu. Pobrinite se da va\u0161e prijenosno ra\u010dunalo i dalje izgleda i radi najbolje \u0161to mo\u017ee s ovim pouzdanim i u\u010dinkovitim stra\u017enjim poklopcem.<\/p>\n<p>Prije kupnje provjerite kompatibilnost s odre\u0111enim modelom prijenosnog ra\u010dunala.<\/p>\n","protected":false},"excerpt":{"rendered":"<p>Pobolj\u0161ajte izgled i za\u0161titu svog prijenosnog ra\u010dunala HP 620 sa stra\u017enjim poklopcem HP 620 605764-001. Precizno dizajniran za savr\u0161eno pristajanje, nudi elegantan izgled i \u0161titi unutarnje komponente.<\/p>\n","protected":false},"featured_media":20377,"template":"","meta":[],"product_brand":[],"product_cat":[51],"product_tag":[60],"class_list":{"0":"post-20319","1":"product","2":"type-product","3":"status-publish","4":"has-post-thumbnail","6":"product_cat-laptop-housing","7":"product_tag-hp","9":"first","10":"instock","11":"taxable","12":"shipping-taxable","13":"purchasable","14":"product-type-simple"},"_links":{"self":[{"href":"https:\/\/boreait.com\/hr\/wp-json\/wp\/v2\/product\/20319","targetHints":{"allow":["GET"]}}],"collection":[{"href":"https:\/\/boreait.com\/hr\/wp-json\/wp\/v2\/product"}],"about":[{"href":"https:\/\/boreait.com\/hr\/wp-json\/wp\/v2\/types\/product"}],"wp:featuredmedia":[{"embeddable":true,"href":"https:\/\/boreait.com\/hr\/wp-json\/wp\/v2\/media\/20377"}],"wp:attachment":[{"href":"https:\/\/boreait.com\/hr\/wp-json\/wp\/v2\/media?parent=20319"}],"wp:term":[{"taxonomy":"product_brand","embeddable":true,"href":"https:\/\/boreait.com\/hr\/wp-json\/wp\/v2\/product_brand?post=20319"},{"taxonomy":"product_cat","embeddable":true,"href":"https:\/\/boreait.com\/hr\/wp-json\/wp\/v2\/product_cat?post=20319"},{"taxonomy":"product_tag","embeddable":true,"href":"https:\/\/boreait.com\/hr\/wp-json\/wp\/v2\/product_tag?post=20319"}],"curies":[{"name":"wp","href":"https:\/\/api.w.org\/{rel}","templated":true}]}}