{"id":20303,"date":"2025-07-25T11:22:24","date_gmt":"2025-07-25T11:22:24","guid":{"rendered":"https:\/\/boreait.com\/hr\/?post_type=product&#038;p=20303"},"modified":"2026-01-09T13:19:42","modified_gmt":"2026-01-09T13:19:42","slug":"lenovo-set-sarki-lr-za-thinkpad-t440p-04x5426-04x5425","status":"publish","type":"product","link":"https:\/\/boreait.com\/hr\/product\/lenovo-set-sarki-lr-za-thinkpad-t440p-04x5426-04x5425\/","title":{"rendered":"Lenovo set \u0161arki L&#038;R za ThinkPad T440P 04X5426 04X5425"},"content":{"rendered":"<p>Pobolj\u0161ajte izdr\u017eljivost i funkcionalnost svog <span role=\"heading\" aria-level=\"3\">Lenovo Hinge Set L&amp;R za ThinkPad T440P 04X5426 04X5425.<\/span><\/p>\n<p>Ovaj originalni set \u0161arki dizajniran je za pru\u017eanje pouzdane podr\u0161ke zaslonu va\u0161eg prijenosnog ra\u010dunala, osiguravaju\u0107i glatko otvaranje i zatvaranje uz odr\u017eavanje optimalnog poravnanja.<\/p>\n<p>Izradio ih je Lenovo, pouzdani lider u ra\u010dunalnoj tehnologiji, ThinkPad \u0161arke lijevo i desno dizajnirane su za besprijekornu integraciju s va\u0161im prijenosnim ra\u010dunalom. Ove \u0161arke igraju klju\u010dnu ulogu u odr\u017eavanju strukturalnog integriteta va\u0161eg prijenosnog ra\u010dunala, sprje\u010davaju njihanje zaslona i osiguravaju sigurnu vezu izme\u0111u zaslona i baze.<\/p>\n<p>Bez obzira jeste li profesionalac koji se oslanja na prijenosno ra\u010dunalo za rad ili student koji ga koristi za u\u010denje, ove \u0161arke nude stabilnost i snagu potrebnu za svakodnevnu upotrebu. Oni su posebno dizajnirani da odgovaraju originalnim komponentama va\u0161eg prijenosnog ra\u010dunala ThinkPad, \u010dine\u0107i instalaciju jednostavnom.<\/p>\n<p>Nadogradite \u0161arke svog prijenosnog ra\u010dunala s originalnim Lenovo ThinkPad \u0161arkama lijevo i desno i u\u017eivajte u \u010dvr\u0161\u0107oj i pouzdanijoj vezi zaslona. Neka va\u0161e prijenosno ra\u010dunalo izgleda i funkcionira u najboljem izdanju uz ove pouzdane \u0161arke.<\/p>\n<p>Prije kupnje provjerite kompatibilnost s odre\u0111enim modelom prijenosnog ra\u010dunala.<\/p>\n","protected":false},"excerpt":{"rendered":"<p>Pobolj\u0161ajte izdr\u017eljivost i funkcionalnost svog Lenovo ThinkPad prijenosnog ra\u010dunala s <span role=\"heading\" aria-level=\"3\">Lenovo Hinge Set L&amp;R za ThinkPad T440P 04X5426 04X5425<\/span>. Ove originalne \u0161arke osiguravaju sigurnu vezu zaslona za glatko otvaranje i zatvaranje.<\/p>\n","protected":false},"featured_media":20376,"template":"","meta":[],"product_brand":[],"product_cat":[54],"product_tag":[61],"class_list":{"0":"post-20303","1":"product","2":"type-product","3":"status-publish","4":"has-post-thumbnail","6":"product_cat-screen-hinge","7":"product_tag-lenovo","9":"first","10":"instock","11":"taxable","12":"shipping-taxable","13":"purchasable","14":"product-type-simple"},"_links":{"self":[{"href":"https:\/\/boreait.com\/hr\/wp-json\/wp\/v2\/product\/20303","targetHints":{"allow":["GET"]}}],"collection":[{"href":"https:\/\/boreait.com\/hr\/wp-json\/wp\/v2\/product"}],"about":[{"href":"https:\/\/boreait.com\/hr\/wp-json\/wp\/v2\/types\/product"}],"wp:featuredmedia":[{"embeddable":true,"href":"https:\/\/boreait.com\/hr\/wp-json\/wp\/v2\/media\/20376"}],"wp:attachment":[{"href":"https:\/\/boreait.com\/hr\/wp-json\/wp\/v2\/media?parent=20303"}],"wp:term":[{"taxonomy":"product_brand","embeddable":true,"href":"https:\/\/boreait.com\/hr\/wp-json\/wp\/v2\/product_brand?post=20303"},{"taxonomy":"product_cat","embeddable":true,"href":"https:\/\/boreait.com\/hr\/wp-json\/wp\/v2\/product_cat?post=20303"},{"taxonomy":"product_tag","embeddable":true,"href":"https:\/\/boreait.com\/hr\/wp-json\/wp\/v2\/product_tag?post=20303"}],"curies":[{"name":"wp","href":"https:\/\/api.w.org\/{rel}","templated":true}]}}