{"id":20294,"date":"2025-07-25T11:22:23","date_gmt":"2025-07-25T11:22:23","guid":{"rendered":"https:\/\/boreait.com\/hr\/?post_type=product&#038;p=20294"},"modified":"2026-01-15T06:42:59","modified_gmt":"2026-01-15T06:42:59","slug":"novi-nvme-ssd-lexar-nm610-250gb-m-2-pcie","status":"publish","type":"product","link":"https:\/\/boreait.com\/hr\/product\/novi-nvme-ssd-lexar-nm610-250gb-m-2-pcie\/","title":{"rendered":"NOVI NVME SSD Lexar NM610 250GB M.2 PCIE"},"content":{"rendered":"<p>Tra\u017eite sljede\u0107u veliku stvar u segmentu prijenosnih ra\u010dunala? Lexar NM610 M.2 NVME SSD 250 GB mogao bi biti va\u0161 odgovor. Osmi\u0161ljen je ne samo da dr\u017ei korak s digitalnim dobom, ve\u0107 i da vas potakne ispred njega. Evo za\u0161to bi ovaj SSD trebao biti na va\u0161em radaru:<\/p>\n<ul>\n<li><strong>Izvanredna izvedba<\/strong>: Nema vi\u0161e bubnjanja prstima \u010dekaju\u0107i da se datoteke prenesu ili aplikacije u\u010ditaju. Sa sekvencijalnim brzinama \u010ditanja do 2100 MB\/s, kretat \u0107ete se svojim zadacima velikom brzinom.<\/li>\n<li><strong>Pobolj\u0161ajte svoje iskustvo<\/strong>: Potaknut tehnologijom PCIe Gen3x4 NVMe 1.3 i integriran s 3D NAND flashom, ovaj SSD osigurava besprijekorno i u\u010dinkovito putovanje ra\u010dunalom od trenutka uklju\u010divanja do kona\u010dnog ga\u0161enja.<\/li>\n<li><strong>Ostavite SATA iza sebe<\/strong>: Nadogradite na Lexar NM610 i do\u017eivite do 3,5 puta ve\u0107u brzinu od standardnih SSD-ova temeljenih na SATA. Osjetite promjenu u svakom aspektu svog ra\u010dunalstva, od br\u017eeg pokretanja sustava do br\u017eeg vremena u\u010ditavanja softvera.<\/li>\n<li><strong>Izra\u0111eno da traje<\/strong>: Odbacite brige o tradicionalnim tvrdim diskovima koji vas kvare. NM610 SSD, koji nema pokretnih dijelova, ne samo da je manje sklon kvarovima, nego je i otporan na udarce i vibracije, nude\u0107i robusnost u kompaktnom obliku.<\/li>\n<li><strong>Energetski u\u010dinkovito<\/strong>: u\u017eivajte u produljenom trajanju baterije zahvaljuju\u0107i smanjenoj potro\u0161nji energije i hladnijem radu, \u0161to ga \u010dini korak ispred tvrdih diskova.<\/li>\n<li><strong>Kratak pregled specifikacija<\/strong>:\n<ul>\n<li>Faktor oblika: M.2 2280<\/li>\n<li>Su\u010delje: PCIe Gen3x4<\/li>\n<li>Radna temperatura: 0\u00b0C do 70\u00b0C<\/li>\n<li>Dimenzija: 80 mm x 22 mm x 2,25 mm<\/li>\n<li>Te\u017eina: samo 9 g<\/li>\n<li>Otpornost: otporan na udarce do 1500 G i otporan na vibracije od 10~2000 Hz<\/li>\n<li>NAND Flash: napredni 3D NAND<\/li>\n<li>Dugotrajnost: s MTBF-om od 1.500.000 sati, napravljen je za duge staze.<\/li>\n<\/ul>\n<\/li>\n<\/ul>\n<p>Kada je rije\u010d o dijelovima prijenosnog ra\u010dunala, Lexar NM610 M.2 NVME SSD 250gb isti\u010de se kao ultimativni spoj brzine, pouzdanosti i u\u010dinkovitosti. To nije samo rje\u0161enje za pohranu; to je nadogradnja koja mijenja va\u0161e cjelokupno ra\u010dunalno iskustvo.<\/p>\n","protected":false},"excerpt":{"rendered":"<p>Unaprijedite igru dijelova va\u0161eg prijenosnog ra\u010dunala uz Lexar NM610 M.2 NVMe SSD! Iskusite munjevito brzo u\u010ditavanje, u\u010dinkovito pokretanje i brze prijenose s brzinama \u010ditanja do 2100 MB\/s. Izgra\u0111en s vrhunskom 3D NAND tehnologijom, solidna je nadogradnja za bilo koje prijenosno ili osobno ra\u010dunalo!<\/p>\n","protected":false},"featured_media":20354,"template":"","meta":[],"product_brand":[],"product_cat":[67,66],"product_tag":[],"class_list":{"0":"post-20294","1":"product","2":"type-product","3":"status-publish","4":"has-post-thumbnail","6":"product_cat-nvme","7":"product_cat-ssd-hdd-drives","9":"first","10":"instock","11":"taxable","12":"shipping-taxable","13":"purchasable","14":"product-type-simple"},"_links":{"self":[{"href":"https:\/\/boreait.com\/hr\/wp-json\/wp\/v2\/product\/20294","targetHints":{"allow":["GET"]}}],"collection":[{"href":"https:\/\/boreait.com\/hr\/wp-json\/wp\/v2\/product"}],"about":[{"href":"https:\/\/boreait.com\/hr\/wp-json\/wp\/v2\/types\/product"}],"wp:featuredmedia":[{"embeddable":true,"href":"https:\/\/boreait.com\/hr\/wp-json\/wp\/v2\/media\/20354"}],"wp:attachment":[{"href":"https:\/\/boreait.com\/hr\/wp-json\/wp\/v2\/media?parent=20294"}],"wp:term":[{"taxonomy":"product_brand","embeddable":true,"href":"https:\/\/boreait.com\/hr\/wp-json\/wp\/v2\/product_brand?post=20294"},{"taxonomy":"product_cat","embeddable":true,"href":"https:\/\/boreait.com\/hr\/wp-json\/wp\/v2\/product_cat?post=20294"},{"taxonomy":"product_tag","embeddable":true,"href":"https:\/\/boreait.com\/hr\/wp-json\/wp\/v2\/product_tag?post=20294"}],"curies":[{"name":"wp","href":"https:\/\/api.w.org\/{rel}","templated":true}]}}