{"id":20275,"date":"2025-07-25T11:22:02","date_gmt":"2025-07-25T11:22:02","guid":{"rendered":"https:\/\/boreait.com\/hr\/?post_type=product&#038;p=20275"},"modified":"2026-01-09T13:07:33","modified_gmt":"2026-01-09T13:07:33","slug":"poklopac-tvrdog-diska-toshiba-satellite-pro-a200-pn-ap019000500","status":"publish","type":"product","link":"https:\/\/boreait.com\/hr\/product\/poklopac-tvrdog-diska-toshiba-satellite-pro-a200-pn-ap019000500\/","title":{"rendered":"Poklopac tvrdog diska Toshiba Satellite Pro A200 PN AP019000500"},"content":{"rendered":"<p>Pobolj\u0161ajte pohranu i za\u0161titu svog prijenosnog ra\u010dunala Toshiba Satellite Pro A200 s poklopcem tvrdog diska Toshiba Satellite Pro A200 PN AP019000500. Ovaj originalni poklopac tvrdog diska dizajniran je da omogu\u0107i jednostavan pristup unutarnjem tvrdom disku va\u0161eg prijenosnog ra\u010dunala, istovremeno osiguravaju\u0107i da ostane sigurno za\u0161ti\u0107en.<\/p>\n<p>Izradila Toshiba, renomirano ime u ra\u010dunalnoj tehnologiji, poklopac tvrdog diska Satellite Pro A200 PN AP019000500 nudi besprijekornu integraciju s va\u0161im prijenosnim ra\u010dunalom. Kao bitna komponenta, ovaj poklopac igra klju\u010dnu ulogu u za\u0161titi va\u0161eg tvrdog diska i omogu\u0107uje brzo odr\u017eavanje ili nadogradnju.<\/p>\n<p>Bez obzira jeste li profesionalac koji upravlja velikim datotekama ili student koji treba pouzdanu pohranu, ovaj poklopac za tvrdi disk nudi pogodnost i za\u0161titu koju trebate. Pristup va\u0161em tvrdom disku radi odr\u017eavanja ili nadogradnje je lak, zahvaljuju\u0107i preciznom dizajnu ovog poklopca.<\/p>\n<p>Instalacija je jednostavna zahvaljuju\u0107i OEM dizajnu koji je uskla\u0111en s originalnim komponentama va\u0161eg prijenosnog ra\u010dunala. Odabirom autenti\u010dnih Toshiba dijelova ula\u017eete u kvalitetu i pouzdanost pohrane i za\u0161tite va\u0161eg prijenosnog ra\u010dunala.<\/p>\n<p>Nadogradite pohranu i za\u0161titu prijenosnog ra\u010dunala s poklopcem tvrdog diska Toshiba Satellite Pro A200 PN AP019000500. U\u017eivajte u jednostavnom pristupu va\u0161em tvrdom disku, pobolj\u0161anim mogu\u0107nostima pohrane i bezbri\u017enosti koja dolazi s originalnom Toshiba kvalitetom.<\/p>\n<p>Prije kupnje provjerite kompatibilnost s odre\u0111enim modelom prijenosnog ra\u010dunala.<\/p>\n","protected":false},"excerpt":{"rendered":"<p>Pobolj\u0161ajte pohranu i za\u0161titu s poklopcem tvrdog diska Toshiba Satellite Pro A200 PN AP019000500. U\u017eivajte u jednostavnom pristupu va\u0161em tvrdom disku i osigurajte njegovu sigurnost na prijenosnom ra\u010dunalu.<\/p>\n","protected":false},"featured_media":20337,"template":"","meta":[],"product_brand":[],"product_cat":[51],"product_tag":[69],"class_list":{"0":"post-20275","1":"product","2":"type-product","3":"status-publish","4":"has-post-thumbnail","6":"product_cat-laptop-housing","7":"product_tag-toshiba","9":"first","10":"instock","11":"taxable","12":"shipping-taxable","13":"purchasable","14":"product-type-simple"},"_links":{"self":[{"href":"https:\/\/boreait.com\/hr\/wp-json\/wp\/v2\/product\/20275","targetHints":{"allow":["GET"]}}],"collection":[{"href":"https:\/\/boreait.com\/hr\/wp-json\/wp\/v2\/product"}],"about":[{"href":"https:\/\/boreait.com\/hr\/wp-json\/wp\/v2\/types\/product"}],"wp:featuredmedia":[{"embeddable":true,"href":"https:\/\/boreait.com\/hr\/wp-json\/wp\/v2\/media\/20337"}],"wp:attachment":[{"href":"https:\/\/boreait.com\/hr\/wp-json\/wp\/v2\/media?parent=20275"}],"wp:term":[{"taxonomy":"product_brand","embeddable":true,"href":"https:\/\/boreait.com\/hr\/wp-json\/wp\/v2\/product_brand?post=20275"},{"taxonomy":"product_cat","embeddable":true,"href":"https:\/\/boreait.com\/hr\/wp-json\/wp\/v2\/product_cat?post=20275"},{"taxonomy":"product_tag","embeddable":true,"href":"https:\/\/boreait.com\/hr\/wp-json\/wp\/v2\/product_tag?post=20275"}],"curies":[{"name":"wp","href":"https:\/\/api.w.org\/{rel}","templated":true}]}}