{"id":20241,"date":"2025-07-25T11:21:16","date_gmt":"2025-07-25T11:21:16","guid":{"rendered":"https:\/\/boreait.com\/hr\/?post_type=product&#038;p=20241"},"modified":"2026-01-09T12:59:22","modified_gmt":"2026-01-09T12:59:22","slug":"asus-sonicmaster-x553m-cpu-ventilator-za-hladenje-mf60070v1-c320-s9a","status":"publish","type":"product","link":"https:\/\/boreait.com\/hr\/product\/asus-sonicmaster-x553m-cpu-ventilator-za-hladenje-mf60070v1-c320-s9a\/","title":{"rendered":"ASUS Sonicmaster X553M CPU VENTILATOR ZA HLA\u0110ENJE mf60070v1-c320-s9a"},"content":{"rendered":"<p>Osigurajte optimalne performanse i sprije\u010dite pregrijavanje uz ASUS Sonicmaster X553M CPU ventilator za hla\u0111enje mf60070v1-c320-s9a. Ovaj visokokvalitetni ventilator za hla\u0111enje dizajniran je za u\u010dinkovito raspr\u0161ivanje topline, odr\u017eavaju\u0107i nesmetan rad va\u0161eg laptopa ASUS Sonicmaster X553M.<\/p>\n<p>Kompatibilno s <span role=\"heading\" aria-level=\"3\">MF60070V1-C320-S9A ASUS X453 X453M X453MA X453S X453SA X403M X403S F403M<\/span><\/p>\n<p>Izra\u0111en da zadovolji ASUS-ove stroge standarde kvalitete, ovaj ventilator za hla\u0111enje pru\u017ea pouzdano i u\u010dinkovito hla\u0111enje CPU-a va\u0161eg prijenosnog ra\u010dunala. To je idealna zamjena za istro\u0161eni ili neispravni ventilator za hla\u0111enje CPU-a, koji poma\u017ee u odr\u017eavanju stabilne temperature tijekom duljeg razdoblja kori\u0161tenja.<\/p>\n<p>Instaliranje ventilatora za hla\u0111enje procesora ASUS Sonicmaster X553M je povjetarac, zahvaljuju\u0107i njegovom preciznom dizajnu koji odgovara originalnim komponentama va\u0161eg prijenosnog ra\u010dunala.<\/p>\n","protected":false},"excerpt":{"rendered":"<p>Ne dopustite da problemi s pregrijavanjem ugroze rad va\u0161eg prijenosnog ra\u010dunala. Nadogradite na ASUS Sonicmaster X553M CPU ventilator za hla\u0111enje kako biste osigurali da va\u0161e prijenosno ra\u010dunalo radi u najboljem izdanju. U\u017eivajte u pobolj\u0161anim performansama, smanjenim problemima povezanim s toplinom i produljenom vijeku trajanja va\u0161eg prijenosnog ra\u010dunala.<\/p>\n","protected":false},"featured_media":20308,"template":"","meta":[],"product_brand":[],"product_cat":[68],"product_tag":[65],"class_list":{"0":"post-20241","1":"product","2":"type-product","3":"status-publish","4":"has-post-thumbnail","6":"product_cat-cpu-fans-heatsinks","7":"product_tag-asus","9":"first","10":"instock","11":"taxable","12":"shipping-taxable","13":"purchasable","14":"product-type-simple"},"_links":{"self":[{"href":"https:\/\/boreait.com\/hr\/wp-json\/wp\/v2\/product\/20241","targetHints":{"allow":["GET"]}}],"collection":[{"href":"https:\/\/boreait.com\/hr\/wp-json\/wp\/v2\/product"}],"about":[{"href":"https:\/\/boreait.com\/hr\/wp-json\/wp\/v2\/types\/product"}],"wp:featuredmedia":[{"embeddable":true,"href":"https:\/\/boreait.com\/hr\/wp-json\/wp\/v2\/media\/20308"}],"wp:attachment":[{"href":"https:\/\/boreait.com\/hr\/wp-json\/wp\/v2\/media?parent=20241"}],"wp:term":[{"taxonomy":"product_brand","embeddable":true,"href":"https:\/\/boreait.com\/hr\/wp-json\/wp\/v2\/product_brand?post=20241"},{"taxonomy":"product_cat","embeddable":true,"href":"https:\/\/boreait.com\/hr\/wp-json\/wp\/v2\/product_cat?post=20241"},{"taxonomy":"product_tag","embeddable":true,"href":"https:\/\/boreait.com\/hr\/wp-json\/wp\/v2\/product_tag?post=20241"}],"curies":[{"name":"wp","href":"https:\/\/api.w.org\/{rel}","templated":true}]}}